{"id":105,"date":"2023-02-28T10:35:16","date_gmt":"2023-02-28T09:35:16","guid":{"rendered":"https:\/\/les-myrtilles.com\/?page_id=105"},"modified":"2024-09-25T14:56:15","modified_gmt":"2024-09-25T12:56:15","slug":"p-a-s-a","status":"publish","type":"page","link":"https:\/\/les-myrtilles.com\/?page_id=105","title":{"rendered":"P.A.S.A"},"content":{"rendered":"<p>[et_pb_section fb_built=\u00a0\u00bb1&Prime; next_background_color=\u00a0\u00bb#eeeeee\u00a0\u00bb _builder_version=\u00a0\u00bb4.20.0&Prime; _module_preset=\u00a0\u00bbdefault\u00a0\u00bb background_image=\u00a0\u00bbhttp:\/\/les-myrtilles.com\/wp-content\/uploads\/2023\/03\/entete_1280x400_02_bis.jpg\u00a0\u00bb height=\u00a0\u00bb400px\u00a0\u00bb custom_margin=\u00a0\u00bb0px||||false|false\u00a0\u00bb bottom_divider_style=\u00a0\u00bbwave2&Prime; bottom_divider_height=\u00a0\u00bb70px\u00a0\u00bb animation_style=\u00a0\u00bbfade\u00a0\u00bb global_colors_info=\u00a0\u00bb{}\u00a0\u00bb][\/et_pb_section][et_pb_section fb_built=\u00a0\u00bb1&Prime; _builder_version=\u00a0\u00bb4.20.4&Prime; _module_preset=\u00a0\u00bbdefault\u00a0\u00bb background_color=\u00a0\u00bb#eeeeee\u00a0\u00bb custom_padding=\u00a0\u00bb6px||5px|||\u00a0\u00bb global_colors_info=\u00a0\u00bb{}\u00a0\u00bb][et_pb_row _builder_version=\u00a0\u00bb4.20.0&Prime; _module_preset=\u00a0\u00bbdefault\u00a0\u00bb global_colors_info=\u00a0\u00bb{}\u00a0\u00bb][et_pb_column type=\u00a0\u00bb4_4&Prime; _builder_version=\u00a0\u00bb4.20.0&Prime; _module_preset=\u00a0\u00bbdefault\u00a0\u00bb global_colors_info=\u00a0\u00bb{}\u00a0\u00bb][et_pb_post_title meta=\u00a0\u00bboff\u00a0\u00bb featured_image=\u00a0\u00bboff\u00a0\u00bb text_color=\u00a0\u00bblight\u00a0\u00bb _builder_version=\u00a0\u00bb4.20.0&Prime; _module_preset=\u00a0\u00bbdefault\u00a0\u00bb title_font=\u00a0\u00bb||||||||\u00a0\u00bb background_color=\u00a0\u00bb#002f5f\u00a0\u00bb custom_padding=\u00a0\u00bb7px|||4px|false|false\u00a0\u00bb border_radii=\u00a0\u00bbon|4px|4px|4px|4px\u00a0\u00bb global_colors_info=\u00a0\u00bb{}\u00a0\u00bb][\/et_pb_post_title][\/et_pb_column][\/et_pb_row][\/et_pb_section][et_pb_section fb_built=\u00a0\u00bb1&Prime; _builder_version=\u00a0\u00bb4.20.4&Prime; _module_preset=\u00a0\u00bbdefault\u00a0\u00bb background_color=\u00a0\u00bb#eeeeee\u00a0\u00bb custom_padding=\u00a0\u00bb4px|||||\u00a0\u00bb bottom_divider_color=\u00a0\u00bb#d0bfdb\u00a0\u00bb bottom_divider_height=\u00a0\u00bb35px\u00a0\u00bb global_colors_info=\u00a0\u00bb{}\u00a0\u00bb][et_pb_row _builder_version=\u00a0\u00bb4.20.0&Prime; _module_preset=\u00a0\u00bbdefault\u00a0\u00bb global_colors_info=\u00a0\u00bb{}\u00a0\u00bb][et_pb_column type=\u00a0\u00bb4_4&Prime; _builder_version=\u00a0\u00bb4.20.0&Prime; _module_preset=\u00a0\u00bbdefault\u00a0\u00bb global_colors_info=\u00a0\u00bb{}\u00a0\u00bb][et_pb_text _builder_version=\u00a0\u00bb4.20.4&Prime; _module_preset=\u00a0\u00bbdefault\u00a0\u00bb global_colors_info=\u00a0\u00bb{}\u00a0\u00bb]<\/p>\n<h4><span style=\"color: #002f5f;\">\u00ab La Petite Maison \u00bb<\/span><\/h4>\n<h5><span style=\"color: #002f5f;\">P\u00f4le d\u2019Activit\u00e9s et de Soins Adapt\u00e9s.\u00a0Accompagnement des personnes pr\u00e9sentant des troubles cognitifs.<\/span><\/h5>\n<p>Le plan Alzheimer 2008-2012 pr\u00e9voit la possibilit\u00e9 de cr\u00e9ation ou d\u2019identification au sein des E.H.P.A.D, de P\u00f4les d\u2019Activit\u00e9s et de Soins Adapt\u00e9s autrement dits P.A.S.A. Ces unit\u00e9s sont adapt\u00e9es \u00e0 des personnes souffrant de Maladie d\u2019Alzheimer ou troubles cognitifs apparent\u00e9s, qui pr\u00e9senteraient des troubles du comportement l\u00e9gers \u00e0 mod\u00e9r\u00e9s, et qui, ainsi, n\u00e9cessiteraient un accompagnement adapt\u00e9 en journ\u00e9e.<\/p>\n<p>Voyant sa population \u00e9voluer, la r\u00e9sidence les Myrtilles a souhait\u00e9 s\u2019inscrire dans ce projet P.A.S.A afin de d\u00e9velopper davantage l\u2019accompagnement de ces personnes, dans le but de maintenir au mieux leurs potentialit\u00e9s et leur autonomie, en permettant aux personnes d\u2019\u00e9voluer dans un environnement adapt\u00e9 aupr\u00e8s d\u2019un personnel sp\u00e9cifiquement form\u00e9. Le P.A.S.A a ainsi ouvert ses portes au mois de Septembre 2015.<\/p>\n<p>[\/et_pb_text][\/et_pb_column][\/et_pb_row][\/et_pb_section][et_pb_section fb_built=\u00a0\u00bb1&Prime; _builder_version=\u00a0\u00bb4.20.4&Prime; _module_preset=\u00a0\u00bbdefault\u00a0\u00bb background_color=\u00a0\u00bb#FFFFFF\u00a0\u00bb custom_padding=\u00a0\u00bb4px|||||\u00a0\u00bb bottom_divider_color=\u00a0\u00bb#d0bfdb\u00a0\u00bb bottom_divider_height=\u00a0\u00bb35px\u00a0\u00bb global_colors_info=\u00a0\u00bb{}\u00a0\u00bb][et_pb_row column_structure=\u00a0\u00bb2_5,3_5&Prime; _builder_version=\u00a0\u00bb4.20.4&Prime; _module_preset=\u00a0\u00bbdefault\u00a0\u00bb background_color=\u00a0\u00bbRGBA(255,255,255,0)\u00a0\u00bb global_colors_info=\u00a0\u00bb{}\u00a0\u00bb][et_pb_column type=\u00a0\u00bb2_5&Prime; _builder_version=\u00a0\u00bb4.20.0&Prime; _module_preset=\u00a0\u00bbdefault\u00a0\u00bb global_colors_info=\u00a0\u00bb{}\u00a0\u00bb][et_pb_image src=\u00a0\u00bbhttp:\/\/les-myrtilles.com\/wp-content\/uploads\/2023\/02\/20201013_144959-1024&#215;576-2.jpg\u00a0\u00bb title_text=\u00a0\u00bb20201013_144959-1024&#215;576&Prime; _builder_version=\u00a0\u00bb4.20.0&Prime; _module_preset=\u00a0\u00bbdefault\u00a0\u00bb global_colors_info=\u00a0\u00bb{}\u00a0\u00bb][\/et_pb_image][\/et_pb_column][et_pb_column type=\u00a0\u00bb3_5&Prime; _builder_version=\u00a0\u00bb4.20.0&Prime; _module_preset=\u00a0\u00bbdefault\u00a0\u00bb global_colors_info=\u00a0\u00bb{}\u00a0\u00bb][et_pb_text _builder_version=\u00a0\u00bb4.20.0&Prime; _module_preset=\u00a0\u00bbdefault\u00a0\u00bb global_colors_info=\u00a0\u00bb{}\u00a0\u00bb]<\/p>\n<h4><span style=\"color: #4c922a;\">Horaires d\u2019accueil <\/span><\/h4>\n<p>Le P.A.S.A est ouvert pour les r\u00e9sidents du <strong>Lundi au Vendredi de 10H30 \u00e0 17H<\/strong>.<\/p>\n<h4><span style=\"color: #4c922a;\"> Public accueilli<\/span><\/h4>\n<p><strong><em>Crit\u00e8res d\u2019entr\u00e9e :<\/em><\/strong> r\u00e9sidents de l\u2019E.H.P.A.D, pr\u00e9sentant un diagnostic de Maladie d\u2019Alzheimer ou maladie apparent\u00e9e ou troubles cognitifs document\u00e9s. Les r\u00e9sidents pr\u00e9sentent par ailleurs des comportements dits \u00ab probl\u00e9matiques \u00bb \u00e9valu\u00e9s par l\u2019\u00e9quipe pluridisciplinaire au moyen d\u2019outils sp\u00e9cifiques. Enfin, il s\u2019agit de r\u00e9sidents valides, autonomes dans leurs d\u00e9placements et leurs transferts.<\/p>\n<p><strong>Crit\u00e8res de sortie :<\/strong> refus r\u00e9p\u00e9t\u00e9 de la personne \u00e0 venir au P.A.S.A (respect des choix), accompagnement non adapt\u00e9 au regard d\u2019un d\u00e9clin physique ou cognitif important et non temporaire.<br \/>Le P.A.S.A accueille le r\u00e9sident par journ\u00e9es ou demi-journ\u00e9e, selon une fr\u00e9quence allant de 1 \u00e0 5 jours d\u00e9termin\u00e9e par son Projet Personnalis\u00e9, et un nombre de 14 r\u00e9sidents maximum par jour.<\/p>\n<p>Un Comit\u00e9 d\u2019Admission compos\u00e9 du <strong>M\u00e9decin Coordonnateur, la Psychologue, la Psychomotricienne, l\u2019Infirmi\u00e8re Coordinatrice et une Assistante de Soins en G\u00e9rontologie<\/strong> (A.S.G) statue sur les admissions ou les \u00e9ventuelles sorties et r\u00e9orientations quand le service ne semble plus adapt\u00e9 \u00e0 la personne.<\/p>\n<p>[\/et_pb_text][\/et_pb_column][\/et_pb_row][\/et_pb_section][et_pb_section fb_built=\u00a0\u00bb1&Prime; _builder_version=\u00a0\u00bb4.20.4&Prime; _module_preset=\u00a0\u00bbdefault\u00a0\u00bb background_color=\u00a0\u00bb#eeeeee\u00a0\u00bb custom_padding=\u00a0\u00bb4px|||||\u00a0\u00bb bottom_divider_color=\u00a0\u00bb#d0bfdb\u00a0\u00bb bottom_divider_height=\u00a0\u00bb35px\u00a0\u00bb global_colors_info=\u00a0\u00bb{}\u00a0\u00bb][et_pb_row column_structure=\u00a0\u00bb2_5,3_5&Prime; _builder_version=\u00a0\u00bb4.20.4&Prime; _module_preset=\u00a0\u00bbdefault\u00a0\u00bb background_color=\u00a0\u00bbRGBA(255,255,255,0)\u00a0\u00bb global_colors_info=\u00a0\u00bb{}\u00a0\u00bb][et_pb_column type=\u00a0\u00bb2_5&Prime; _builder_version=\u00a0\u00bb4.20.0&Prime; _module_preset=\u00a0\u00bbdefault\u00a0\u00bb global_colors_info=\u00a0\u00bb{}\u00a0\u00bb][et_pb_image src=\u00a0\u00bbhttp:\/\/les-myrtilles.com\/wp-content\/uploads\/2023\/02\/pasasalleamanger.jpg\u00a0\u00bb title_text=\u00a0\u00bbpasasalleamanger\u00a0\u00bb _builder_version=\u00a0\u00bb4.20.0&Prime; _module_preset=\u00a0\u00bbdefault\u00a0\u00bb global_colors_info=\u00a0\u00bb{}\u00a0\u00bb][\/et_pb_image][\/et_pb_column][et_pb_column type=\u00a0\u00bb3_5&Prime; _builder_version=\u00a0\u00bb4.20.0&Prime; _module_preset=\u00a0\u00bbdefault\u00a0\u00bb global_colors_info=\u00a0\u00bb{}\u00a0\u00bb][et_pb_text _builder_version=\u00a0\u00bb4.20.0&Prime; _module_preset=\u00a0\u00bbdefault\u00a0\u00bb global_colors_info=\u00a0\u00bb{}\u00a0\u00bb]<\/p>\n<h4><span style=\"color: #4c922a;\">\u00c9quipe<\/span><\/h4>\n<p>L\u2019\u00e9quipe est compos\u00e9e d\u2019<strong>Assistantes de Soins en G\u00e9rontologie<\/strong> (A.S.G), d\u2019une <strong>Psychomotricienne<\/strong> pr\u00e9sente \u00e0 temps partiel, de l\u2019<strong>Infirmi\u00e8re Coordinatrice de l\u2019\u00e9tablissement<\/strong>, du <strong>M\u00e9decin Coordonnateur<\/strong> et de la <strong>Psychologue<\/strong> responsable du projet de service.<br \/>L\u2019\u00e9quipe a \u00e9t\u00e9 recrut\u00e9e sur la base de leur motivation \u00e0 travailler avec ce public sp\u00e9cifique.<\/p>\n<h4><span style=\"color: #4c922a;\"> Environnement<\/span><\/h4>\n<p>Le P.A.S.A a \u00e9t\u00e9 construit et am\u00e9nag\u00e9 de mani\u00e8re \u00e0 favoriser une ambiance conviviale et chaleureuse, \u00ab <strong>comme \u00e0 la maison<\/strong> \u00bb : cuisine ouverte et adapt\u00e9e aux normes handicap\u00e9es, petits salons, salle \u00e0 manger, salle de bain et WC et salle d\u2019activit\u00e9.<\/p>\n<p>[\/et_pb_text][\/et_pb_column][\/et_pb_row][\/et_pb_section][et_pb_section fb_built=\u00a0\u00bb1&Prime; _builder_version=\u00a0\u00bb4.20.4&Prime; _module_preset=\u00a0\u00bbdefault\u00a0\u00bb background_color=\u00a0\u00bb#FFFFFF\u00a0\u00bb custom_padding=\u00a0\u00bb4px|||||\u00a0\u00bb bottom_divider_color=\u00a0\u00bb#d0bfdb\u00a0\u00bb bottom_divider_height=\u00a0\u00bb35px\u00a0\u00bb global_colors_info=\u00a0\u00bb{}\u00a0\u00bb][et_pb_row column_structure=\u00a0\u00bb2_5,3_5&Prime; _builder_version=\u00a0\u00bb4.20.4&Prime; _module_preset=\u00a0\u00bbdefault\u00a0\u00bb background_color=\u00a0\u00bbRGBA(255,255,255,0)\u00a0\u00bb global_colors_info=\u00a0\u00bb{}\u00a0\u00bb][et_pb_column type=\u00a0\u00bb2_5&Prime; _builder_version=\u00a0\u00bb4.20.0&Prime; _module_preset=\u00a0\u00bbdefault\u00a0\u00bb global_colors_info=\u00a0\u00bb{}\u00a0\u00bb][et_pb_image src=\u00a0\u00bbhttp:\/\/les-myrtilles.com\/wp-content\/uploads\/2023\/02\/pasaactivites1.jpg\u00a0\u00bb title_text=\u00a0\u00bbpasaactivit\u00e9s1&Prime; _builder_version=\u00a0\u00bb4.20.0&Prime; _module_preset=\u00a0\u00bbdefault\u00a0\u00bb global_colors_info=\u00a0\u00bb{}\u00a0\u00bb][\/et_pb_image][\/et_pb_column][et_pb_column type=\u00a0\u00bb3_5&Prime; _builder_version=\u00a0\u00bb4.20.0&Prime; _module_preset=\u00a0\u00bbdefault\u00a0\u00bb global_colors_info=\u00a0\u00bb{}\u00a0\u00bb][et_pb_text _builder_version=\u00a0\u00bb4.20.0&Prime; _module_preset=\u00a0\u00bbdefault\u00a0\u00bb global_colors_info=\u00a0\u00bb{}\u00a0\u00bb]<\/p>\n<h4><span style=\"color: #4c922a;\">Philosophie d\u2019accompagnement<\/span><\/h4>\n<p>Les activit\u00e9s au P.A.S.A s\u2019articulent autour du <strong>Projet Personnalis\u00e9<\/strong> et les activit\u00e9s propos\u00e9es sont en lien avec les <strong>besoins, d\u00e9sirs et capacit\u00e9s pr\u00e9serv\u00e9es<\/strong> des personnes accueillies. Elles sont individuelles ou collectives et visent \u00e0 solliciter tant les capacit\u00e9s cognitives, sensorielles et motrices, que les aptitudes sociales et \u00e9motionnelles. L\u2019accompagnement se fait au maximum sur un mode non m\u00e9dicamenteux.<\/p>\n<p>Le projet de service s\u2019articule autour de <strong>l\u2019approche Montessori adapt\u00e9e \u00e0 la personne \u00e2g\u00e9e ayant des troubles cognitifs<\/strong>. L\u2019objectif \u00e9tant de proposer \u00e0 la personne d\u2019\u00eatre engag\u00e9e dans des <strong>activit\u00e9s qui ont du sens,<\/strong> de favoriser l\u2019\u00e9mergence des <strong>r\u00f4les sociaux<\/strong>, de maintenir le <strong>sentiment d\u2019utilit\u00e9<\/strong> en leur proposant d\u2019\u00eatre acteurs des t\u00e2ches de la vie quotidienne du service, de <strong>se sentir valoris\u00e9s<\/strong> et de <strong>garder une place dans un groupe<\/strong>. L\u2019\u00e9quipe a pour objectif de maintenir tant que possible l\u2019autonomie de la personne guid\u00e9e par l\u2019id\u00e9e suivante : \u00ab <strong><em>Tout ce que tu fais \u00e0 ma place, tu me l\u2019enl\u00e8ves : aide-moi \u00e0 faire seul(e)<\/em> <\/strong>\u00bb.<\/p>\n<p>[\/et_pb_text][\/et_pb_column][\/et_pb_row][\/et_pb_section][et_pb_section fb_built=\u00a0\u00bb1&Prime; _builder_version=\u00a0\u00bb4.20.4&Prime; _module_preset=\u00a0\u00bbdefault\u00a0\u00bb background_color=\u00a0\u00bb#eeeeee\u00a0\u00bb custom_padding=\u00a0\u00bb4px|||||\u00a0\u00bb bottom_divider_color=\u00a0\u00bb#d0bfdb\u00a0\u00bb bottom_divider_height=\u00a0\u00bb35px\u00a0\u00bb global_colors_info=\u00a0\u00bb{}\u00a0\u00bb][et_pb_row column_structure=\u00a0\u00bb3_5,2_5&Prime; _builder_version=\u00a0\u00bb4.20.0&Prime; _module_preset=\u00a0\u00bbdefault\u00a0\u00bb global_colors_info=\u00a0\u00bb{}\u00a0\u00bb][et_pb_column type=\u00a0\u00bb3_5&Prime; _builder_version=\u00a0\u00bb4.20.0&Prime; _module_preset=\u00a0\u00bbdefault\u00a0\u00bb global_colors_info=\u00a0\u00bb{}\u00a0\u00bb][et_pb_text _builder_version=\u00a0\u00bb4.20.0&Prime; _module_preset=\u00a0\u00bbdefault\u00a0\u00bb global_colors_info=\u00a0\u00bb{}\u00a0\u00bb]<\/p>\n<h4><span style=\"color: #4c922a;\">Pour toute demande de renseignement merci de contacter :<\/span><\/h4>\n<p><strong><em>FRANCK LOUIS FERNAND, Psychologue<\/em><\/strong><br \/><em>Les mardis et Vendredis entre 9h et 17h<\/em><br \/><em><\/em>psy@les-myrtilles.com<br \/><em>T\u00e9l. : 04.75.66.61.46<\/em><\/p>\n<p>[\/et_pb_text][\/et_pb_column][et_pb_column type=\u00a0\u00bb2_5&Prime; _builder_version=\u00a0\u00bb4.20.0&Prime; _module_preset=\u00a0\u00bbdefault\u00a0\u00bb global_colors_info=\u00a0\u00bb{}\u00a0\u00bb][et_pb_image src=\u00a0\u00bbhttp:\/\/les-myrtilles.com\/wp-content\/uploads\/2023\/02\/pasaterrasse.jpg\u00a0\u00bb title_text=\u00a0\u00bbpasaterrasse\u00a0\u00bb _builder_version=\u00a0\u00bb4.20.0&Prime; _module_preset=\u00a0\u00bbdefault\u00a0\u00bb global_colors_info=\u00a0\u00bb{}\u00a0\u00bb][\/et_pb_image][\/et_pb_column][\/et_pb_row][\/et_pb_section][et_pb_section fb_built=\u00a0\u00bb1&Prime; _builder_version=\u00a0\u00bb4.20.4&Prime; _module_preset=\u00a0\u00bbdefault\u00a0\u00bb background_color=\u00a0\u00bb#eeeeee\u00a0\u00bb custom_padding=\u00a0\u00bb4px|||||\u00a0\u00bb bottom_divider_style=\u00a0\u00bbwave2&Prime; bottom_divider_color=\u00a0\u00bb#d0bfdb\u00a0\u00bb bottom_divider_height=\u00a0\u00bb35px\u00a0\u00bb global_colors_info=\u00a0\u00bb{}\u00a0\u00bb][\/et_pb_section]<\/p>\n","protected":false},"excerpt":{"rendered":"<p>\u00ab La Petite Maison \u00bb P\u00f4le d\u2019Activit\u00e9s et de Soins Adapt\u00e9s.\u00a0Accompagnement des personnes pr\u00e9sentant des troubles cognitifs. Le plan Alzheimer 2008-2012 pr\u00e9voit la possibilit\u00e9 de cr\u00e9ation ou d\u2019identification au sein des E.H.P.A.D, de P\u00f4les d\u2019Activit\u00e9s et de Soins Adapt\u00e9s autrement dits P.A.S.A. Ces unit\u00e9s sont adapt\u00e9es \u00e0 des personnes souffrant de Maladie d\u2019Alzheimer ou troubles [&hellip;]<\/p>\n","protected":false},"author":1,"featured_media":0,"parent":0,"menu_order":0,"comment_status":"closed","ping_status":"closed","template":"","meta":{"_et_pb_use_builder":"on","_et_pb_old_content":"","_et_gb_content_width":"","footnotes":""},"class_list":["post-105","page","type-page","status-publish","hentry"],"yoast_head":"<!-- This site is optimized with the Yoast SEO plugin v27.3 - https:\/\/yoast.com\/product\/yoast-seo-wordpress\/ -->\n<title>P.A.S.A - E.H.P.A.D - Les myrtilles<\/title>\n<meta name=\"robots\" content=\"index, follow, max-snippet:-1, max-image-preview:large, max-video-preview:-1\" \/>\n<link rel=\"canonical\" href=\"https:\/\/les-myrtilles.com\/?page_id=105\" \/>\n<meta property=\"og:locale\" content=\"fr_FR\" \/>\n<meta property=\"og:type\" content=\"article\" \/>\n<meta property=\"og:title\" content=\"P.A.S.A - E.H.P.A.D - Les myrtilles\" \/>\n<meta property=\"og:description\" content=\"\u00ab La Petite Maison \u00bb P\u00f4le d\u2019Activit\u00e9s et de Soins Adapt\u00e9s.\u00a0Accompagnement des personnes pr\u00e9sentant des troubles cognitifs. Le plan Alzheimer 2008-2012 pr\u00e9voit la possibilit\u00e9 de cr\u00e9ation ou d\u2019identification au sein des E.H.P.A.D, de P\u00f4les d\u2019Activit\u00e9s et de Soins Adapt\u00e9s autrement dits P.A.S.A. Ces unit\u00e9s sont adapt\u00e9es \u00e0 des personnes souffrant de Maladie d\u2019Alzheimer ou troubles [&hellip;]\" \/>\n<meta property=\"og:url\" content=\"https:\/\/les-myrtilles.com\/?page_id=105\" \/>\n<meta property=\"og:site_name\" content=\"E.H.P.A.D - Les myrtilles\" \/>\n<meta property=\"article:publisher\" content=\"https:\/\/www.facebook.com\/ehpadlesmyrtilles\" \/>\n<meta property=\"article:modified_time\" content=\"2024-09-25T12:56:15+00:00\" \/>\n<meta name=\"twitter:card\" content=\"summary_large_image\" \/>\n<meta name=\"twitter:label1\" content=\"Dur\u00e9e de lecture estim\u00e9e\" \/>\n\t<meta name=\"twitter:data1\" content=\"7 minutes\" \/>\n<script type=\"application\/ld+json\" class=\"yoast-schema-graph\">{\"@context\":\"https:\\\/\\\/schema.org\",\"@graph\":[{\"@type\":\"WebPage\",\"@id\":\"https:\\\/\\\/les-myrtilles.com\\\/?page_id=105\",\"url\":\"https:\\\/\\\/les-myrtilles.com\\\/?page_id=105\",\"name\":\"P.A.S.A - E.H.P.A.D - Les myrtilles\",\"isPartOf\":{\"@id\":\"https:\\\/\\\/les-myrtilles.com\\\/#website\"},\"datePublished\":\"2023-02-28T09:35:16+00:00\",\"dateModified\":\"2024-09-25T12:56:15+00:00\",\"breadcrumb\":{\"@id\":\"https:\\\/\\\/les-myrtilles.com\\\/?page_id=105#breadcrumb\"},\"inLanguage\":\"fr-FR\",\"potentialAction\":[{\"@type\":\"ReadAction\",\"target\":[\"https:\\\/\\\/les-myrtilles.com\\\/?page_id=105\"]}]},{\"@type\":\"BreadcrumbList\",\"@id\":\"https:\\\/\\\/les-myrtilles.com\\\/?page_id=105#breadcrumb\",\"itemListElement\":[{\"@type\":\"ListItem\",\"position\":1,\"name\":\"Accueil\",\"item\":\"https:\\\/\\\/les-myrtilles.com\\\/\"},{\"@type\":\"ListItem\",\"position\":2,\"name\":\"P.A.S.A\"}]},{\"@type\":\"WebSite\",\"@id\":\"https:\\\/\\\/les-myrtilles.com\\\/#website\",\"url\":\"https:\\\/\\\/les-myrtilles.com\\\/\",\"name\":\"E.H.P.A.D - Les myrtilles\",\"description\":\"Maison de retraite en Ard\u00e8che, E.H.P.A.D les Myrtilles \u00e0 Saint-Pierreville\",\"publisher\":{\"@id\":\"https:\\\/\\\/les-myrtilles.com\\\/#organization\"},\"potentialAction\":[{\"@type\":\"SearchAction\",\"target\":{\"@type\":\"EntryPoint\",\"urlTemplate\":\"https:\\\/\\\/les-myrtilles.com\\\/?s={search_term_string}\"},\"query-input\":{\"@type\":\"PropertyValueSpecification\",\"valueRequired\":true,\"valueName\":\"search_term_string\"}}],\"inLanguage\":\"fr-FR\"},{\"@type\":\"Organization\",\"@id\":\"https:\\\/\\\/les-myrtilles.com\\\/#organization\",\"name\":\"E.H.P.A.D - Les myrtilles\",\"url\":\"https:\\\/\\\/les-myrtilles.com\\\/\",\"logo\":{\"@type\":\"ImageObject\",\"inLanguage\":\"fr-FR\",\"@id\":\"https:\\\/\\\/les-myrtilles.com\\\/#\\\/schema\\\/logo\\\/image\\\/\",\"url\":\"https:\\\/\\\/les-myrtilles.com\\\/wp-content\\\/uploads\\\/2023\\\/02\\\/Logo-Les-Myrtilles.png\",\"contentUrl\":\"https:\\\/\\\/les-myrtilles.com\\\/wp-content\\\/uploads\\\/2023\\\/02\\\/Logo-Les-Myrtilles.png\",\"width\":450,\"height\":168,\"caption\":\"E.H.P.A.D - Les myrtilles\"},\"image\":{\"@id\":\"https:\\\/\\\/les-myrtilles.com\\\/#\\\/schema\\\/logo\\\/image\\\/\"},\"sameAs\":[\"https:\\\/\\\/www.facebook.com\\\/ehpadlesmyrtilles\"]}]}<\/script>\n<!-- \/ Yoast SEO plugin. -->","yoast_head_json":{"title":"P.A.S.A - E.H.P.A.D - Les myrtilles","robots":{"index":"index","follow":"follow","max-snippet":"max-snippet:-1","max-image-preview":"max-image-preview:large","max-video-preview":"max-video-preview:-1"},"canonical":"https:\/\/les-myrtilles.com\/?page_id=105","og_locale":"fr_FR","og_type":"article","og_title":"P.A.S.A - E.H.P.A.D - Les myrtilles","og_description":"\u00ab La Petite Maison \u00bb P\u00f4le d\u2019Activit\u00e9s et de Soins Adapt\u00e9s.\u00a0Accompagnement des personnes pr\u00e9sentant des troubles cognitifs. Le plan Alzheimer 2008-2012 pr\u00e9voit la possibilit\u00e9 de cr\u00e9ation ou d\u2019identification au sein des E.H.P.A.D, de P\u00f4les d\u2019Activit\u00e9s et de Soins Adapt\u00e9s autrement dits P.A.S.A. Ces unit\u00e9s sont adapt\u00e9es \u00e0 des personnes souffrant de Maladie d\u2019Alzheimer ou troubles [&hellip;]","og_url":"https:\/\/les-myrtilles.com\/?page_id=105","og_site_name":"E.H.P.A.D - Les myrtilles","article_publisher":"https:\/\/www.facebook.com\/ehpadlesmyrtilles","article_modified_time":"2024-09-25T12:56:15+00:00","twitter_card":"summary_large_image","twitter_misc":{"Dur\u00e9e de lecture estim\u00e9e":"7 minutes"},"schema":{"@context":"https:\/\/schema.org","@graph":[{"@type":"WebPage","@id":"https:\/\/les-myrtilles.com\/?page_id=105","url":"https:\/\/les-myrtilles.com\/?page_id=105","name":"P.A.S.A - E.H.P.A.D - Les myrtilles","isPartOf":{"@id":"https:\/\/les-myrtilles.com\/#website"},"datePublished":"2023-02-28T09:35:16+00:00","dateModified":"2024-09-25T12:56:15+00:00","breadcrumb":{"@id":"https:\/\/les-myrtilles.com\/?page_id=105#breadcrumb"},"inLanguage":"fr-FR","potentialAction":[{"@type":"ReadAction","target":["https:\/\/les-myrtilles.com\/?page_id=105"]}]},{"@type":"BreadcrumbList","@id":"https:\/\/les-myrtilles.com\/?page_id=105#breadcrumb","itemListElement":[{"@type":"ListItem","position":1,"name":"Accueil","item":"https:\/\/les-myrtilles.com\/"},{"@type":"ListItem","position":2,"name":"P.A.S.A"}]},{"@type":"WebSite","@id":"https:\/\/les-myrtilles.com\/#website","url":"https:\/\/les-myrtilles.com\/","name":"E.H.P.A.D - Les myrtilles","description":"Maison de retraite en Ard\u00e8che, E.H.P.A.D les Myrtilles \u00e0 Saint-Pierreville","publisher":{"@id":"https:\/\/les-myrtilles.com\/#organization"},"potentialAction":[{"@type":"SearchAction","target":{"@type":"EntryPoint","urlTemplate":"https:\/\/les-myrtilles.com\/?s={search_term_string}"},"query-input":{"@type":"PropertyValueSpecification","valueRequired":true,"valueName":"search_term_string"}}],"inLanguage":"fr-FR"},{"@type":"Organization","@id":"https:\/\/les-myrtilles.com\/#organization","name":"E.H.P.A.D - Les myrtilles","url":"https:\/\/les-myrtilles.com\/","logo":{"@type":"ImageObject","inLanguage":"fr-FR","@id":"https:\/\/les-myrtilles.com\/#\/schema\/logo\/image\/","url":"https:\/\/les-myrtilles.com\/wp-content\/uploads\/2023\/02\/Logo-Les-Myrtilles.png","contentUrl":"https:\/\/les-myrtilles.com\/wp-content\/uploads\/2023\/02\/Logo-Les-Myrtilles.png","width":450,"height":168,"caption":"E.H.P.A.D - Les myrtilles"},"image":{"@id":"https:\/\/les-myrtilles.com\/#\/schema\/logo\/image\/"},"sameAs":["https:\/\/www.facebook.com\/ehpadlesmyrtilles"]}]}},"_links":{"self":[{"href":"https:\/\/les-myrtilles.com\/index.php?rest_route=\/wp\/v2\/pages\/105","targetHints":{"allow":["GET"]}}],"collection":[{"href":"https:\/\/les-myrtilles.com\/index.php?rest_route=\/wp\/v2\/pages"}],"about":[{"href":"https:\/\/les-myrtilles.com\/index.php?rest_route=\/wp\/v2\/types\/page"}],"author":[{"embeddable":true,"href":"https:\/\/les-myrtilles.com\/index.php?rest_route=\/wp\/v2\/users\/1"}],"replies":[{"embeddable":true,"href":"https:\/\/les-myrtilles.com\/index.php?rest_route=%2Fwp%2Fv2%2Fcomments&post=105"}],"version-history":[{"count":12,"href":"https:\/\/les-myrtilles.com\/index.php?rest_route=\/wp\/v2\/pages\/105\/revisions"}],"predecessor-version":[{"id":957,"href":"https:\/\/les-myrtilles.com\/index.php?rest_route=\/wp\/v2\/pages\/105\/revisions\/957"}],"wp:attachment":[{"href":"https:\/\/les-myrtilles.com\/index.php?rest_route=%2Fwp%2Fv2%2Fmedia&parent=105"}],"curies":[{"name":"wp","href":"https:\/\/api.w.org\/{rel}","templated":true}]}}