{"id":13,"date":"2023-02-27T12:34:55","date_gmt":"2023-02-27T11:34:55","guid":{"rendered":"https:\/\/les-myrtilles.com\/?page_id=13"},"modified":"2026-04-01T10:24:01","modified_gmt":"2026-04-01T08:24:01","slug":"accueil","status":"publish","type":"page","link":"https:\/\/les-myrtilles.com\/","title":{"rendered":"Accueil"},"content":{"rendered":"<p>[et_pb_section fb_built=\u00a0\u00bb1&Prime; next_background_color=\u00a0\u00bb#eeeeee\u00a0\u00bb _builder_version=\u00a0\u00bb4.20.4&Prime; _module_preset=\u00a0\u00bbdefault\u00a0\u00bb background_image=\u00a0\u00bbhttp:\/\/les-myrtilles.com\/wp-content\/uploads\/2023\/03\/entete_1280x400_02_bis.jpg\u00a0\u00bb height=\u00a0\u00bb400px\u00a0\u00bb custom_margin=\u00a0\u00bb0px||||false|false\u00a0\u00bb bottom_divider_style=\u00a0\u00bbwave2&Prime; bottom_divider_height=\u00a0\u00bb70px\u00a0\u00bb animation_style=\u00a0\u00bbfade\u00a0\u00bb global_colors_info=\u00a0\u00bb{}\u00a0\u00bb][\/et_pb_section][et_pb_section fb_built=\u00a0\u00bb1&Prime; _builder_version=\u00a0\u00bb4.20.4&Prime; _module_preset=\u00a0\u00bbdefault\u00a0\u00bb background_color=\u00a0\u00bb#eeeeee\u00a0\u00bb custom_padding=\u00a0\u00bb||7px|||\u00a0\u00bb bottom_divider_color=\u00a0\u00bb#4c922a\u00a0\u00bb bottom_divider_height=\u00a0\u00bb35px\u00a0\u00bb global_colors_info=\u00a0\u00bb{}\u00a0\u00bb][et_pb_row column_structure=\u00a0\u00bb1_3,1_3,1_3&Prime; _builder_version=\u00a0\u00bb4.20.0&Prime; _module_preset=\u00a0\u00bbdefault\u00a0\u00bb global_colors_info=\u00a0\u00bb{}\u00a0\u00bb][et_pb_column type=\u00a0\u00bb1_3&Prime; _builder_version=\u00a0\u00bb4.20.0&Prime; _module_preset=\u00a0\u00bbdefault\u00a0\u00bb global_colors_info=\u00a0\u00bb{}\u00a0\u00bb][et_pb_text _builder_version=\u00a0\u00bb4.20.4&Prime; _module_preset=\u00a0\u00bbdefault\u00a0\u00bb text_text_color=\u00a0\u00bb#d0bfdb\u00a0\u00bb background_color=\u00a0\u00bb#d0bfdb\u00a0\u00bb custom_padding=\u00a0\u00bb3px|3px|3px|3px|true|true\u00a0\u00bb border_radii=\u00a0\u00bbon|5px|5px|5px|5px\u00a0\u00bb global_colors_info=\u00a0\u00bb{}\u00a0\u00bb]<\/p>\n<h5 style=\"text-align: center;\"><strong><span style=\"color: #ffffff;\"><\/span><\/strong><\/h5>\n<h5 style=\"text-align: center;\"><strong><span style=\"color: #ffffff;\"><a href=\"https:\/\/my.web-visite.com\/F1CQxH3RrT\/38259737p&amp;97.88h&amp;90t\" target=\"_blank\" rel=\"noopener\" style=\"color: #002f5f;\">D\u00e9couvrez notre \u00e9tablissement en visite virtuelle<\/a><\/span><\/strong><\/h5>\n<p style=\"text-align: center;\">[\/et_pb_text][et_pb_text _builder_version=\u00a0\u00bb4.20.4&Prime; _module_preset=\u00a0\u00bbdefault\u00a0\u00bb text_text_color=\u00a0\u00bb#FFFFFF\u00a0\u00bb background_color=\u00a0\u00bb#d0bfdb\u00a0\u00bb custom_padding=\u00a0\u00bb3px|3px|3px|3px|true|true\u00a0\u00bb border_radii=\u00a0\u00bbon|5px|5px|5px|5px\u00a0\u00bb global_colors_info=\u00a0\u00bb{}\u00a0\u00bb]<\/p>\n<p style=\"text-align: center;\"><span style=\"color: #002f5f;\"><strong>* PLAQUETTE D\u2019INFORMATION *<\/strong><\/span><\/p>\n<p style=\"text-align: center;\"><a href=\"http:\/\/les-myrtilles.com\/wp-content\/uploads\/2023\/02\/PLAQUETTE-MYRTILLES.pdf\" target=\"_blank\" rel=\"noopener\"><img loading=\"lazy\" decoding=\"async\" src=\"http:\/\/les-myrtilles.com\/wp-content\/uploads\/2023\/04\/icon_pdf_bleu.png\" width=\"41\" height=\"50\" alt=\"Icone PDF \" class=\"wp-image-76 alignnone size-full\" style=\"display: block; margin-left: auto; margin-right: auto;\" \/><\/a><\/p>\n<p>[\/et_pb_text][et_pb_text _builder_version=\u00a0\u00bb4.27.4&Prime; _dynamic_attributes=\u00a0\u00bblink_option_url\u00a0\u00bb _module_preset=\u00a0\u00bbdefault\u00a0\u00bb text_text_color=\u00a0\u00bb#FFFFFF\u00a0\u00bb background_color=\u00a0\u00bb#d0bfdb\u00a0\u00bb custom_padding=\u00a0\u00bb3px|3px|3px|3px|true|true\u00a0\u00bb link_option_url=\u00a0\u00bb@ET-DC@eyJkeW5hbWljIjp0cnVlLCJjb250ZW50IjoicG9zdF9saW5rX3VybF9hdHRhY2htZW50Iiwic2V0dGluZ3MiOnsicG9zdF9pZCI6IjExMjAifX0=@\u00a0\u00bb border_radii=\u00a0\u00bbon|5px|5px|5px|5px\u00a0\u00bb global_colors_info=\u00a0\u00bb{}\u00a0\u00bb]<\/p>\n<p style=\"text-align: center;\"><span style=\"color: #002f5f;\"><strong>* Livret d&rsquo;accueil Les Myrtilles *<\/strong><\/span><\/p>\n<p style=\"text-align: center;\"><a href=\"http:\/\/les-myrtilles.com\/wp-content\/uploads\/2023\/07\/Livret-daccueil-Les-Myrtilles.docx\" target=\"_blank\" rel=\"noopener\"><img loading=\"lazy\" decoding=\"async\" src=\"http:\/\/les-myrtilles.com\/wp-content\/uploads\/2023\/04\/icon_pdf_bleu.png\" width=\"41\" height=\"50\" alt=\"Icone PDF \" class=\"wp-image-76 alignnone size-full\" style=\"display: block; margin-left: auto; margin-right: auto;\" \/><\/a><\/p>\n<p>[\/et_pb_text][et_pb_video src=\u00a0\u00bbhttps:\/\/www.youtube.com\/watch?v=3OkJ44orZEA\u00a0\u00bb _builder_version=\u00a0\u00bb4.20.0&Prime; _module_preset=\u00a0\u00bbdefault\u00a0\u00bb global_colors_info=\u00a0\u00bb{}\u00a0\u00bb][\/et_pb_video][\/et_pb_column][et_pb_column type=\u00a0\u00bb1_3&Prime; _builder_version=\u00a0\u00bb4.20.0&Prime; _module_preset=\u00a0\u00bbdefault\u00a0\u00bb global_colors_info=\u00a0\u00bb{}\u00a0\u00bb][et_pb_text _builder_version=\u00a0\u00bb4.20.0&Prime; _module_preset=\u00a0\u00bbdefault\u00a0\u00bb global_colors_info=\u00a0\u00bb{}\u00a0\u00bb]<\/p>\n<p>Situ\u00e9 \u00e0 Saint-Pierreville, au c\u0153ur du Parc National des Monts d\u2019Ard\u00e8che, \u00e0 1 heure de Valence, 45 minutes de Privas et d\u2019Aubenas, l\u2019\u00c9tablissement public d\u2019H\u00e9bergement pour Personnes \u00c2g\u00e9es D\u00e9pendantes (EHPAD) les Myrtilles dispose de 83 lits dans un cadre de vie privil\u00e9gi\u00e9.<\/p>\n<p>A proximit\u00e9 imm\u00e9diate du centre du village et de ses commerces, au sein d\u2019un jardin th\u00e9rapeutique, la r\u00e9sidence affiche une ambiance familiale et chaleureuse.<\/p>\n<p>M\u00e9dicalis\u00e9e 24h\/24 offre depuis la fin de sa restructuration en septembre 2015, un accueil adapt\u00e9 aux r\u00e9sidents pr\u00e9sentant des troubles Alzheimer ou apparent\u00e9s dans le cadre d\u2019un PASA.<\/p>\n<p>Le prix de journ\u00e9e, inf\u00e9rieur \u00e0 la moyenne nationale, comprend des animations vari\u00e9es pour tous, une cuisine traditionnelle confectionn\u00e9e sur place en privil\u00e9giant la fili\u00e8re locale, une blanchisserie, des services techniques et administratifs, et bien entendu des soins personnalis\u00e9s. De plus, agr\u00e9\u00e9 100% \u00e0 l\u2019aide sociale, l\u2019\u00e9tablissement peut vous accueillir quels que soient vos revenus.<\/p>\n<p>M\u00e9decins, Kin\u00e9sith\u00e9rapeutes, coiffeurs, et p\u00e9dicures interviennent en lib\u00e9raux.<\/p>\n<p>La philosophie de la maison, bas\u00e9e sur des projets de vie et de soins individualis\u00e9s pour chaque r\u00e9sident, prend en compte les habitudes de vie avant l\u2019entr\u00e9e en institution ; et s\u2019appuie sur la m\u00e9thode \u00ab Montessori \u00bb visant \u00e0 d\u00e9velopper l\u2019autonomie et la participation sociale des personnes \u00e2g\u00e9es \u00e0 la vie quotidienne de l\u2019\u00e9tablissement.<\/p>\n<p>Afin de mieux nous conna\u00eetre n\u2019h\u00e9sitez pas \u00e0 nous contacter et venir visiter notre \u00e9tablissement.<\/p>\n<p>Vous y serez accueilli par nos \u00e9quipes avec plaisir!<\/p>\n<p>Bienvenue aux Myrtilles et bonne navigation.<\/p>\n<p><em>M. Yvan MUSCHITZ &#8211;\u00a0Directeur G\u00e9n\u00e9ral<\/em><\/p>\n<p>[\/et_pb_text][\/et_pb_column][et_pb_column type=\u00a0\u00bb1_3&Prime; _builder_version=\u00a0\u00bb4.20.0&Prime; _module_preset=\u00a0\u00bbdefault\u00a0\u00bb global_colors_info=\u00a0\u00bb{}\u00a0\u00bb][et_pb_image src=\u00a0\u00bbhttps:\/\/les-myrtilles.com\/wp-content\/uploads\/2026\/04\/portes-ouvertes-les-myrtilles.jpg\u00a0\u00bb _builder_version=\u00a0\u00bb4.27.5&Prime; _module_preset=\u00a0\u00bbdefault\u00a0\u00bb title_text=\u00a0\u00bbportes-ouvertes-les-myrtilles\u00a0\u00bb hover_enabled=\u00a0\u00bb0&Prime; sticky_enabled=\u00a0\u00bb0&Prime;][\/et_pb_image][\/et_pb_column][\/et_pb_row][\/et_pb_section][et_pb_section fb_built=\u00a0\u00bb1&Prime; _builder_version=\u00a0\u00bb4.20.0&Prime; _module_preset=\u00a0\u00bbdefault\u00a0\u00bb custom_padding=\u00a0\u00bb21px|||||\u00a0\u00bb bottom_divider_color=\u00a0\u00bb#4c922a\u00a0\u00bb bottom_divider_height=\u00a0\u00bb35px\u00a0\u00bb global_colors_info=\u00a0\u00bb{}\u00a0\u00bb][et_pb_row _builder_version=\u00a0\u00bb4.20.0&Prime; _module_preset=\u00a0\u00bbdefault\u00a0\u00bb global_colors_info=\u00a0\u00bb{}\u00a0\u00bb][et_pb_column type=\u00a0\u00bb4_4&Prime; _builder_version=\u00a0\u00bb4.20.0&Prime; _module_preset=\u00a0\u00bbdefault\u00a0\u00bb global_colors_info=\u00a0\u00bb{}\u00a0\u00bb][et_pb_text _builder_version=\u00a0\u00bb4.20.4&Prime; _module_preset=\u00a0\u00bbdefault\u00a0\u00bb text_font=\u00a0\u00bbAcme||||||||\u00a0\u00bb global_colors_info=\u00a0\u00bb{}\u00a0\u00bb]<\/p>\n<h4><span style=\"color: #4c922a;\"><strong>D\u00e9couvrez nos actualit\u00e9s<\/strong><\/span><\/h4>\n<p>[\/et_pb_text][et_pb_blog fullwidth=\u00a0\u00bboff\u00a0\u00bb posts_number=\u00a0\u00bb4&Prime; include_categories=\u00a0\u00bb11&Prime; meta_date=\u00a0\u00bbj F Y\u00a0\u00bb show_author=\u00a0\u00bboff\u00a0\u00bb show_date=\u00a0\u00bboff\u00a0\u00bb show_excerpt=\u00a0\u00bboff\u00a0\u00bb _builder_version=\u00a0\u00bb4.21.0&Prime; _module_preset=\u00a0\u00bbdefault\u00a0\u00bb header_text_color=\u00a0\u00bb#002f5f\u00a0\u00bb global_colors_info=\u00a0\u00bb{}\u00a0\u00bb][\/et_pb_blog][\/et_pb_column][\/et_pb_row][et_pb_row _builder_version=\u00a0\u00bb4.21.0&Prime; _module_preset=\u00a0\u00bbdefault\u00a0\u00bb global_colors_info=\u00a0\u00bb{}\u00a0\u00bb][et_pb_column type=\u00a0\u00bb4_4&Prime; _builder_version=\u00a0\u00bb4.21.0&Prime; _module_preset=\u00a0\u00bbdefault\u00a0\u00bb global_colors_info=\u00a0\u00bb{}\u00a0\u00bb][et_pb_divider _builder_version=\u00a0\u00bb4.21.0&Prime; _module_preset=\u00a0\u00bbdefault\u00a0\u00bb global_colors_info=\u00a0\u00bb{}\u00a0\u00bb][\/et_pb_divider][\/et_pb_column][\/et_pb_row][et_pb_row _builder_version=\u00a0\u00bb4.20.0&Prime; _module_preset=\u00a0\u00bbdefault\u00a0\u00bb global_colors_info=\u00a0\u00bb{}\u00a0\u00bb][et_pb_column type=\u00a0\u00bb4_4&Prime; _builder_version=\u00a0\u00bb4.20.0&Prime; _module_preset=\u00a0\u00bbdefault\u00a0\u00bb global_colors_info=\u00a0\u00bb{}\u00a0\u00bb][et_pb_text _builder_version=\u00a0\u00bb4.21.0&Prime; _module_preset=\u00a0\u00bbdefault\u00a0\u00bb text_font=\u00a0\u00bbAcme||||||||\u00a0\u00bb global_colors_info=\u00a0\u00bb{}\u00a0\u00bb]<\/p>\n<h4><span style=\"color: #4c922a;\"><strong>D\u00e9couvrez nos animations<\/strong><\/span><\/h4>\n<p>[\/et_pb_text][et_pb_blog fullwidth=\u00a0\u00bboff\u00a0\u00bb posts_number=\u00a0\u00bb4&Prime; include_categories=\u00a0\u00bb8&Prime; meta_date=\u00a0\u00bbj F Y\u00a0\u00bb show_author=\u00a0\u00bboff\u00a0\u00bb show_date=\u00a0\u00bboff\u00a0\u00bb show_excerpt=\u00a0\u00bboff\u00a0\u00bb _builder_version=\u00a0\u00bb4.21.0&Prime; _module_preset=\u00a0\u00bbdefault\u00a0\u00bb header_text_color=\u00a0\u00bb#002f5f\u00a0\u00bb global_colors_info=\u00a0\u00bb{}\u00a0\u00bb][\/et_pb_blog][\/et_pb_column][\/et_pb_row][\/et_pb_section][et_pb_section fb_built=\u00a0\u00bb1&Prime; _builder_version=\u00a0\u00bb4.20.4&Prime; _module_preset=\u00a0\u00bbdefault\u00a0\u00bb background_color=\u00a0\u00bbRGBA(255,255,255,0)\u00a0\u00bb bottom_divider_style=\u00a0\u00bbwave2&Prime; bottom_divider_color=\u00a0\u00bb#d0bfdb\u00a0\u00bb bottom_divider_height=\u00a0\u00bb35px\u00a0\u00bb global_colors_info=\u00a0\u00bb{}\u00a0\u00bb][\/et_pb_section]<\/p>\n","protected":false},"excerpt":{"rendered":"<p>D\u00e9couvrez notre \u00e9tablissement en visite virtuelle * PLAQUETTE D\u2019INFORMATION * * Livret d&rsquo;accueil Les Myrtilles * Situ\u00e9 \u00e0 Saint-Pierreville, au c\u0153ur du Parc National des Monts d\u2019Ard\u00e8che, \u00e0 1 heure de Valence, 45 minutes de Privas et d\u2019Aubenas, l\u2019\u00c9tablissement public d\u2019H\u00e9bergement pour Personnes \u00c2g\u00e9es D\u00e9pendantes (EHPAD) les Myrtilles dispose de 83 lits dans un cadre [&hellip;]<\/p>\n","protected":false},"author":1,"featured_media":21,"parent":0,"menu_order":0,"comment_status":"closed","ping_status":"closed","template":"","meta":{"_et_pb_use_builder":"on","_et_pb_old_content":"","_et_gb_content_width":"","footnotes":""},"class_list":["post-13","page","type-page","status-publish","has-post-thumbnail","hentry"],"yoast_head":"<!-- This site is optimized with the Yoast SEO plugin v27.3 - https:\/\/yoast.com\/product\/yoast-seo-wordpress\/ -->\n<title>Accueil - E.H.P.A.D - Les myrtilles<\/title>\n<meta name=\"description\" content=\"Situ\u00e9 \u00e0 Saint-Pierreville en Ard\u00e8che, L&#039;EHPAD les Myrtilles accueillent les personnes \u00e2g\u00e9es d\u00e9pendantes dans un cadre naturel privil\u00e9gi\u00e9.\" \/>\n<meta name=\"robots\" content=\"index, follow, max-snippet:-1, max-image-preview:large, max-video-preview:-1\" \/>\n<link rel=\"canonical\" href=\"https:\/\/les-myrtilles.com\/\" \/>\n<meta property=\"og:locale\" content=\"fr_FR\" \/>\n<meta property=\"og:type\" content=\"article\" \/>\n<meta property=\"og:title\" content=\"Accueil - E.H.P.A.D - Les myrtilles\" \/>\n<meta property=\"og:description\" content=\"Situ\u00e9 \u00e0 Saint-Pierreville en Ard\u00e8che, L&#039;EHPAD les Myrtilles accueillent les personnes \u00e2g\u00e9es d\u00e9pendantes dans un cadre naturel privil\u00e9gi\u00e9.\" \/>\n<meta property=\"og:url\" content=\"https:\/\/les-myrtilles.com\/\" \/>\n<meta property=\"og:site_name\" content=\"E.H.P.A.D - Les myrtilles\" \/>\n<meta property=\"article:publisher\" content=\"https:\/\/www.facebook.com\/ehpadlesmyrtilles\" \/>\n<meta property=\"article:modified_time\" content=\"2026-04-01T08:24:01+00:00\" \/>\n<meta property=\"og:image\" content=\"https:\/\/les-myrtilles.com\/wp-content\/uploads\/2023\/02\/icon_512.png\" \/>\n\t<meta property=\"og:image:width\" content=\"512\" \/>\n\t<meta property=\"og:image:height\" content=\"512\" \/>\n\t<meta property=\"og:image:type\" content=\"image\/png\" \/>\n<meta name=\"twitter:card\" content=\"summary_large_image\" \/>\n<meta name=\"twitter:label1\" content=\"Dur\u00e9e de lecture estim\u00e9e\" \/>\n\t<meta name=\"twitter:data1\" content=\"3 minutes\" \/>\n<script type=\"application\/ld+json\" class=\"yoast-schema-graph\">{\"@context\":\"https:\\\/\\\/schema.org\",\"@graph\":[{\"@type\":\"WebPage\",\"@id\":\"https:\\\/\\\/les-myrtilles.com\\\/\",\"url\":\"https:\\\/\\\/les-myrtilles.com\\\/\",\"name\":\"Accueil - E.H.P.A.D - Les myrtilles\",\"isPartOf\":{\"@id\":\"https:\\\/\\\/les-myrtilles.com\\\/#website\"},\"primaryImageOfPage\":{\"@id\":\"https:\\\/\\\/les-myrtilles.com\\\/#primaryimage\"},\"image\":{\"@id\":\"https:\\\/\\\/les-myrtilles.com\\\/#primaryimage\"},\"thumbnailUrl\":\"https:\\\/\\\/les-myrtilles.com\\\/wp-content\\\/uploads\\\/2023\\\/02\\\/icon_512.png\",\"datePublished\":\"2023-02-27T11:34:55+00:00\",\"dateModified\":\"2026-04-01T08:24:01+00:00\",\"description\":\"Situ\u00e9 \u00e0 Saint-Pierreville en Ard\u00e8che, L'EHPAD les Myrtilles accueillent les personnes \u00e2g\u00e9es d\u00e9pendantes dans un cadre naturel privil\u00e9gi\u00e9.\",\"breadcrumb\":{\"@id\":\"https:\\\/\\\/les-myrtilles.com\\\/#breadcrumb\"},\"inLanguage\":\"fr-FR\",\"potentialAction\":[{\"@type\":\"ReadAction\",\"target\":[\"https:\\\/\\\/les-myrtilles.com\\\/\"]}]},{\"@type\":\"ImageObject\",\"inLanguage\":\"fr-FR\",\"@id\":\"https:\\\/\\\/les-myrtilles.com\\\/#primaryimage\",\"url\":\"https:\\\/\\\/les-myrtilles.com\\\/wp-content\\\/uploads\\\/2023\\\/02\\\/icon_512.png\",\"contentUrl\":\"https:\\\/\\\/les-myrtilles.com\\\/wp-content\\\/uploads\\\/2023\\\/02\\\/icon_512.png\",\"width\":512,\"height\":512,\"caption\":\"Ehpad les Myrtilles\"},{\"@type\":\"BreadcrumbList\",\"@id\":\"https:\\\/\\\/les-myrtilles.com\\\/#breadcrumb\",\"itemListElement\":[{\"@type\":\"ListItem\",\"position\":1,\"name\":\"Accueil\",\"item\":\"https:\\\/\\\/les-myrtilles.com\\\/\"},{\"@type\":\"ListItem\",\"position\":2,\"name\":\"Accueil\"}]},{\"@type\":\"WebSite\",\"@id\":\"https:\\\/\\\/les-myrtilles.com\\\/#website\",\"url\":\"https:\\\/\\\/les-myrtilles.com\\\/\",\"name\":\"E.H.P.A.D - Les myrtilles\",\"description\":\"Maison de retraite en Ard\u00e8che, E.H.P.A.D les Myrtilles \u00e0 Saint-Pierreville\",\"publisher\":{\"@id\":\"https:\\\/\\\/les-myrtilles.com\\\/#organization\"},\"potentialAction\":[{\"@type\":\"SearchAction\",\"target\":{\"@type\":\"EntryPoint\",\"urlTemplate\":\"https:\\\/\\\/les-myrtilles.com\\\/?s={search_term_string}\"},\"query-input\":{\"@type\":\"PropertyValueSpecification\",\"valueRequired\":true,\"valueName\":\"search_term_string\"}}],\"inLanguage\":\"fr-FR\"},{\"@type\":\"Organization\",\"@id\":\"https:\\\/\\\/les-myrtilles.com\\\/#organization\",\"name\":\"E.H.P.A.D - Les myrtilles\",\"url\":\"https:\\\/\\\/les-myrtilles.com\\\/\",\"logo\":{\"@type\":\"ImageObject\",\"inLanguage\":\"fr-FR\",\"@id\":\"https:\\\/\\\/les-myrtilles.com\\\/#\\\/schema\\\/logo\\\/image\\\/\",\"url\":\"https:\\\/\\\/les-myrtilles.com\\\/wp-content\\\/uploads\\\/2023\\\/02\\\/Logo-Les-Myrtilles.png\",\"contentUrl\":\"https:\\\/\\\/les-myrtilles.com\\\/wp-content\\\/uploads\\\/2023\\\/02\\\/Logo-Les-Myrtilles.png\",\"width\":450,\"height\":168,\"caption\":\"E.H.P.A.D - Les myrtilles\"},\"image\":{\"@id\":\"https:\\\/\\\/les-myrtilles.com\\\/#\\\/schema\\\/logo\\\/image\\\/\"},\"sameAs\":[\"https:\\\/\\\/www.facebook.com\\\/ehpadlesmyrtilles\"]}]}<\/script>\n<!-- \/ Yoast SEO plugin. -->","yoast_head_json":{"title":"Accueil - E.H.P.A.D - Les myrtilles","description":"Situ\u00e9 \u00e0 Saint-Pierreville en Ard\u00e8che, L'EHPAD les Myrtilles accueillent les personnes \u00e2g\u00e9es d\u00e9pendantes dans un cadre naturel privil\u00e9gi\u00e9.","robots":{"index":"index","follow":"follow","max-snippet":"max-snippet:-1","max-image-preview":"max-image-preview:large","max-video-preview":"max-video-preview:-1"},"canonical":"https:\/\/les-myrtilles.com\/","og_locale":"fr_FR","og_type":"article","og_title":"Accueil - E.H.P.A.D - Les myrtilles","og_description":"Situ\u00e9 \u00e0 Saint-Pierreville en Ard\u00e8che, L'EHPAD les Myrtilles accueillent les personnes \u00e2g\u00e9es d\u00e9pendantes dans un cadre naturel privil\u00e9gi\u00e9.","og_url":"https:\/\/les-myrtilles.com\/","og_site_name":"E.H.P.A.D - Les myrtilles","article_publisher":"https:\/\/www.facebook.com\/ehpadlesmyrtilles","article_modified_time":"2026-04-01T08:24:01+00:00","og_image":[{"width":512,"height":512,"url":"https:\/\/les-myrtilles.com\/wp-content\/uploads\/2023\/02\/icon_512.png","type":"image\/png"}],"twitter_card":"summary_large_image","twitter_misc":{"Dur\u00e9e de lecture estim\u00e9e":"3 minutes"},"schema":{"@context":"https:\/\/schema.org","@graph":[{"@type":"WebPage","@id":"https:\/\/les-myrtilles.com\/","url":"https:\/\/les-myrtilles.com\/","name":"Accueil - E.H.P.A.D - Les myrtilles","isPartOf":{"@id":"https:\/\/les-myrtilles.com\/#website"},"primaryImageOfPage":{"@id":"https:\/\/les-myrtilles.com\/#primaryimage"},"image":{"@id":"https:\/\/les-myrtilles.com\/#primaryimage"},"thumbnailUrl":"https:\/\/les-myrtilles.com\/wp-content\/uploads\/2023\/02\/icon_512.png","datePublished":"2023-02-27T11:34:55+00:00","dateModified":"2026-04-01T08:24:01+00:00","description":"Situ\u00e9 \u00e0 Saint-Pierreville en Ard\u00e8che, L'EHPAD les Myrtilles accueillent les personnes \u00e2g\u00e9es d\u00e9pendantes dans un cadre naturel privil\u00e9gi\u00e9.","breadcrumb":{"@id":"https:\/\/les-myrtilles.com\/#breadcrumb"},"inLanguage":"fr-FR","potentialAction":[{"@type":"ReadAction","target":["https:\/\/les-myrtilles.com\/"]}]},{"@type":"ImageObject","inLanguage":"fr-FR","@id":"https:\/\/les-myrtilles.com\/#primaryimage","url":"https:\/\/les-myrtilles.com\/wp-content\/uploads\/2023\/02\/icon_512.png","contentUrl":"https:\/\/les-myrtilles.com\/wp-content\/uploads\/2023\/02\/icon_512.png","width":512,"height":512,"caption":"Ehpad les Myrtilles"},{"@type":"BreadcrumbList","@id":"https:\/\/les-myrtilles.com\/#breadcrumb","itemListElement":[{"@type":"ListItem","position":1,"name":"Accueil","item":"https:\/\/les-myrtilles.com\/"},{"@type":"ListItem","position":2,"name":"Accueil"}]},{"@type":"WebSite","@id":"https:\/\/les-myrtilles.com\/#website","url":"https:\/\/les-myrtilles.com\/","name":"E.H.P.A.D - Les myrtilles","description":"Maison de retraite en Ard\u00e8che, E.H.P.A.D les Myrtilles \u00e0 Saint-Pierreville","publisher":{"@id":"https:\/\/les-myrtilles.com\/#organization"},"potentialAction":[{"@type":"SearchAction","target":{"@type":"EntryPoint","urlTemplate":"https:\/\/les-myrtilles.com\/?s={search_term_string}"},"query-input":{"@type":"PropertyValueSpecification","valueRequired":true,"valueName":"search_term_string"}}],"inLanguage":"fr-FR"},{"@type":"Organization","@id":"https:\/\/les-myrtilles.com\/#organization","name":"E.H.P.A.D - Les myrtilles","url":"https:\/\/les-myrtilles.com\/","logo":{"@type":"ImageObject","inLanguage":"fr-FR","@id":"https:\/\/les-myrtilles.com\/#\/schema\/logo\/image\/","url":"https:\/\/les-myrtilles.com\/wp-content\/uploads\/2023\/02\/Logo-Les-Myrtilles.png","contentUrl":"https:\/\/les-myrtilles.com\/wp-content\/uploads\/2023\/02\/Logo-Les-Myrtilles.png","width":450,"height":168,"caption":"E.H.P.A.D - Les myrtilles"},"image":{"@id":"https:\/\/les-myrtilles.com\/#\/schema\/logo\/image\/"},"sameAs":["https:\/\/www.facebook.com\/ehpadlesmyrtilles"]}]}},"_links":{"self":[{"href":"https:\/\/les-myrtilles.com\/index.php?rest_route=\/wp\/v2\/pages\/13","targetHints":{"allow":["GET"]}}],"collection":[{"href":"https:\/\/les-myrtilles.com\/index.php?rest_route=\/wp\/v2\/pages"}],"about":[{"href":"https:\/\/les-myrtilles.com\/index.php?rest_route=\/wp\/v2\/types\/page"}],"author":[{"embeddable":true,"href":"https:\/\/les-myrtilles.com\/index.php?rest_route=\/wp\/v2\/users\/1"}],"replies":[{"embeddable":true,"href":"https:\/\/les-myrtilles.com\/index.php?rest_route=%2Fwp%2Fv2%2Fcomments&post=13"}],"version-history":[{"count":42,"href":"https:\/\/les-myrtilles.com\/index.php?rest_route=\/wp\/v2\/pages\/13\/revisions"}],"predecessor-version":[{"id":1591,"href":"https:\/\/les-myrtilles.com\/index.php?rest_route=\/wp\/v2\/pages\/13\/revisions\/1591"}],"wp:featuredmedia":[{"embeddable":true,"href":"https:\/\/les-myrtilles.com\/index.php?rest_route=\/wp\/v2\/media\/21"}],"wp:attachment":[{"href":"https:\/\/les-myrtilles.com\/index.php?rest_route=%2Fwp%2Fv2%2Fmedia&parent=13"}],"curies":[{"name":"wp","href":"https:\/\/api.w.org\/{rel}","templated":true}]}}