{"id":1391,"date":"2026-02-05T14:43:53","date_gmt":"2026-02-05T13:43:53","guid":{"rendered":"https:\/\/les-myrtilles.com\/?page_id=1391"},"modified":"2026-04-01T10:40:38","modified_gmt":"2026-04-01T08:40:38","slug":"beneficiaires","status":"publish","type":"page","link":"https:\/\/les-myrtilles.com\/?page_id=1391","title":{"rendered":"B\u00e9n\u00e9ficiaires"},"content":{"rendered":"<p>[et_pb_section fb_built=\u00a0\u00bb1&Prime; next_background_color=\u00a0\u00bb#eeeeee\u00a0\u00bb _builder_version=\u00a0\u00bb4.27.5&Prime; _module_preset=\u00a0\u00bbdefault\u00a0\u00bb background_image=\u00a0\u00bbhttps:\/\/les-myrtilles.com\/wp-content\/uploads\/2026\/04\/entete_1280x400_ssiad_ok.jpg\u00a0\u00bb height=\u00a0\u00bb400px\u00a0\u00bb custom_margin=\u00a0\u00bb0px||||false|false\u00a0\u00bb bottom_divider_style=\u00a0\u00bbwave2&Prime; bottom_divider_height=\u00a0\u00bb70px\u00a0\u00bb animation_style=\u00a0\u00bbfade\u00a0\u00bb hover_enabled=\u00a0\u00bb0&Prime; global_colors_info=\u00a0\u00bb{}\u00a0\u00bb title_text=\u00a0\u00bbentete_1280x400_ssiad_ok\u00a0\u00bb sticky_enabled=\u00a0\u00bb0&Prime;][\/et_pb_section][et_pb_section fb_built=\u00a0\u00bb1&Prime; _builder_version=\u00a0\u00bb4.20.4&Prime; _module_preset=\u00a0\u00bbdefault\u00a0\u00bb background_color=\u00a0\u00bb#eeeeee\u00a0\u00bb custom_padding=\u00a0\u00bb6px||5px|||\u00a0\u00bb global_colors_info=\u00a0\u00bb{}\u00a0\u00bb][et_pb_row _builder_version=\u00a0\u00bb4.20.0&Prime; _module_preset=\u00a0\u00bbdefault\u00a0\u00bb global_colors_info=\u00a0\u00bb{}\u00a0\u00bb][et_pb_column type=\u00a0\u00bb4_4&Prime; _builder_version=\u00a0\u00bb4.20.0&Prime; _module_preset=\u00a0\u00bbdefault\u00a0\u00bb global_colors_info=\u00a0\u00bb{}\u00a0\u00bb][et_pb_post_title meta=\u00a0\u00bboff\u00a0\u00bb featured_image=\u00a0\u00bboff\u00a0\u00bb text_color=\u00a0\u00bblight\u00a0\u00bb _builder_version=\u00a0\u00bb4.20.0&Prime; _module_preset=\u00a0\u00bbdefault\u00a0\u00bb title_font=\u00a0\u00bb||||||||\u00a0\u00bb background_color=\u00a0\u00bb#002f5f\u00a0\u00bb custom_padding=\u00a0\u00bb7px|||4px|false|false\u00a0\u00bb border_radii=\u00a0\u00bbon|4px|4px|4px|4px\u00a0\u00bb global_colors_info=\u00a0\u00bb{}\u00a0\u00bb][\/et_pb_post_title][\/et_pb_column][\/et_pb_row][\/et_pb_section][et_pb_section fb_built=\u00a0\u00bb1&Prime; _builder_version=\u00a0\u00bb4.20.4&Prime; _module_preset=\u00a0\u00bbdefault\u00a0\u00bb background_color=\u00a0\u00bb#eeeeee\u00a0\u00bb custom_padding=\u00a0\u00bb4px|||||\u00a0\u00bb bottom_divider_color=\u00a0\u00bb#4c922a\u00a0\u00bb bottom_divider_height=\u00a0\u00bb40px\u00a0\u00bb global_colors_info=\u00a0\u00bb{}\u00a0\u00bb][et_pb_row column_structure=\u00a0\u00bb2_3,1_3&Prime; _builder_version=\u00a0\u00bb4.20.0&Prime; _module_preset=\u00a0\u00bbdefault\u00a0\u00bb global_colors_info=\u00a0\u00bb{}\u00a0\u00bb][et_pb_column type=\u00a0\u00bb2_3&Prime; _builder_version=\u00a0\u00bb4.20.0&Prime; _module_preset=\u00a0\u00bbdefault\u00a0\u00bb global_colors_info=\u00a0\u00bb{}\u00a0\u00bb][et_pb_text _builder_version=\u00a0\u00bb4.27.5&Prime; _module_preset=\u00a0\u00bbdefault\u00a0\u00bb global_colors_info=\u00a0\u00bb{}\u00a0\u00bb]<\/p>\n<p><strong>Comment faire pour b\u00e9n\u00e9ficier de nos services :<\/strong><\/p>\n<p><strong>Il est n\u00e9cessaire d\u2019avoir une ordonnance de votre m\u00e9decin traitant (ou du m\u00e9decin du service si vous \u00eates hospitalis\u00e9) stipulant la n\u00e9cessit\u00e9 du passage des aides-soignantes et les soins dont vous devez b\u00e9n\u00e9ficier.<\/strong><\/p>\n<p>Une fois que vous avez votre ordonnance :<br \/>Nous contacter par t\u00e9l\u00e9phone ou mail en laissant vos coordonn\u00e9es afin que l\u2019IDEC puisse vous rappeler pour prendre quelques renseignements et fixer un premier RDV \u00e0 votre domicile.<br \/>La premi\u00e8re visite \u00e0 domicile permet \u00e0 l\u2019IDEC de remplir les documents n\u00e9cessaires \u00e0 vote prise en charge et aussi de r\u00e9aliser un premier bilan de d\u00e9pendance. Ce bilan va permettre d\u2019organiser les passages des aides-soignant(e)s (nombres de passages par jours et par semaines, moments des passages, estimation du temps n\u00e9cessaire&#8230;) et aussi de faire le point sur le mat\u00e9riel n\u00e9cessaire ou non \u00e0 votre prise en charge (fauteuil, lit m\u00e9dicalis\u00e9, d\u00e9ambulateur&#8230;).<br \/>A la fin de cette visite, un \u00ab programme \u00bb des passages des aides-soignant(e)s vous sera remis. Vous pourrez \u00e0 tous moments faire une demande de modification de nos passages ou mettre fin \u00e0 la prise en charge par le service. Pour cela, l\u2019IDEC viendra \u00e0 votre domicile pour faire un nouveau bilan et selon l\u2019\u00e9volution de votre \u00e9tat de sant\u00e9, diminuera ou augmentera les passages au domicile.<\/p>\n<p>[\/et_pb_text][et_pb_text _builder_version=\u00a0\u00bb4.27.5&Prime; _module_preset=\u00a0\u00bbdefault\u00a0\u00bb global_colors_info=\u00a0\u00bb{}\u00a0\u00bb]<\/p>\n<p><strong>Tout au long de votre prise en charge :<\/strong><\/p>\n<p>Durant votre prise en charge par le service de soins, vous b\u00e9n\u00e9ficierez :<\/p>\n<p style=\"padding-left: 40px;\">\u2022 D\u2019un accompagnement personnalis\u00e9, qui respecte, dans la mesure du possible, vos habitudes de vie (heures de lever, habitudes vestimentaires, nombre de douche par semaines\u2026).<br \/>\u2022 De temps d\u2019accompagnements individuels de quelques heures qui seront adapt\u00e9s \u00e0 vos habitudes, vos capacit\u00e9s et vos souhaits. Par exemple :<\/p>\n<p style=\"padding-left: 80px;\">\u2022 Temps de jeux type scrabble, cartes, mots crois\u00e9s\u2026<br \/>\u2022 Accompagnement \u00e0 la marche en ext\u00e9rieurs,<br \/>\u2022 Soins du corps : manucure, pose de vernis, \u00e9pilation\u2026<br \/>\u2022 Temps relationnel privil\u00e9gi\u00e9.<br \/>\u2022 Vous serez aussi convi\u00e9s \u00e0 des activit\u00e9s de groupe organis\u00e9es par le SSIAD ou l\u2019EHPAD :<br \/>\u2022 Repas des familles pour les f\u00eates de fin d\u2019ann\u00e9e et au mois de juin, organis\u00e9 au sein de l\u2019EHPAD les Myrtilles.<br \/>\u2022 Activit\u00e9s de groupe organis\u00e9es par l\u2019\u00e9quipe du SSIAD : loto, pique-nique avec jeux de soci\u00e9t\u00e9 ou p\u00e9tanque, activit\u00e9s manuelles, diffusion de reportage autours d\u2019un gouter\u2026<\/p>\n<p>[\/et_pb_text][et_pb_text _builder_version=\u00a0\u00bb4.27.5&Prime; _module_preset=\u00a0\u00bbdefault\u00a0\u00bb global_colors_info=\u00a0\u00bb{}\u00a0\u00bb]<\/p>\n<p><strong>La fin de votre prise en charge :<\/strong><\/p>\n<p>Vous pouvez mettre fin \u00e0 votre prise en charge sur simple demande au service :<\/p>\n<p>\u2022 En cas d\u2019am\u00e9lioration de votre \u00e9tat de sant\u00e9 : si vous estimez ne plus avoir besoin d\u2019aide ou si vous souhaitez \u00eatre suivis par d\u2019autres professionnels (infirmiers lib\u00e9raux par exemple)<br \/>\u2022 En cas de d\u00e9m\u00e9nagement ; n\u2019h\u00e9sitez pas \u00e0 demander au service qui vous prendra en charge de nous contacter cela permettra une continuit\u00e9 dans vos soins.<br \/>\u2022 Si vous n\u2019\u00eates pas satisfait de votre prise en charge : aucun justificatif ne vous sera demand\u00e9.<br \/>\u2022 En cas de d\u00e9pendance plus importante ne vous permettant plus de rester \u00e0 votre domicile : dans ce cas vous pouvez, si vous le souhaitez, nous communiquer les coordonn\u00e9es de l\u2019\u00e9tablissement dans lequel vous entrez ; l\u2019IDEC prendra contact avec eux pour faciliter la continuit\u00e9 des soins.<\/p>\n<p>[\/et_pb_text][\/et_pb_column][et_pb_column type=\u00a0\u00bb1_3&Prime; _builder_version=\u00a0\u00bb4.20.0&Prime; _module_preset=\u00a0\u00bbdefault\u00a0\u00bb global_colors_info=\u00a0\u00bb{}\u00a0\u00bb][et_pb_text _builder_version=\u00a0\u00bb4.27.5&Prime; _module_preset=\u00a0\u00bbdefault\u00a0\u00bb text_text_color=\u00a0\u00bb#FFFFFF\u00a0\u00bb background_color=\u00a0\u00bb#d0bfdb\u00a0\u00bb custom_padding=\u00a0\u00bb3px|3px|3px|3px|true|true\u00a0\u00bb border_radii=\u00a0\u00bbon|5px|5px|5px|5px\u00a0\u00bb global_colors_info=\u00a0\u00bb{}\u00a0\u00bb]<\/p>\n<p style=\"text-align: center;\"><span style=\"color: #002f5f;\"><strong>Nos coordonn\u00e9es :<\/strong><\/span><\/p>\n<p style=\"text-align: center;\"><strong><span style=\"color: #002f5f;\">T\u00e9l. : 04 75 66 60 48<\/span><\/strong><br \/><span style=\"color: #002f5f;\">(message avec vos coordonn\u00e9es<br \/>afin qu\u2019on puisse vous recontacter)<\/span><a href=\"mailto:idecssiad@les-myrtilles.com\" target=\"_blank\" rel=\"noopener\"><span style=\"color: #002f5f;\"><strong><\/strong><\/span><\/a><\/p>\n<p style=\"text-align: center;\"><a href=\"mailto:idecssiad@les-myrtilles.com\" target=\"_blank\" rel=\"noopener\"><span style=\"color: #002f5f;\"><strong>idecssiad@les-myrtilles.com<\/strong><\/span><\/a><\/p>\n<p>[\/et_pb_text][et_pb_text _builder_version=\u00a0\u00bb4.27.5&Prime; _module_preset=\u00a0\u00bbdefault\u00a0\u00bb custom_margin=\u00a0\u00bb||2px|||\u00a0\u00bb global_colors_info=\u00a0\u00bb{}\u00a0\u00bb]<\/p>\n<p><strong>Nos communes d\u2019interventions :<\/strong><\/p>\n<p>[\/et_pb_text][et_pb_image src=\u00a0\u00bbhttps:\/\/les-myrtilles.com\/wp-content\/uploads\/2026\/02\/ssiad_comunes.jpg\u00a0\u00bb _builder_version=\u00a0\u00bb4.27.5&Prime; _module_preset=\u00a0\u00bbdefault\u00a0\u00bb global_colors_info=\u00a0\u00bb{}\u00a0\u00bb][\/et_pb_image][\/et_pb_column][\/et_pb_row][\/et_pb_section][et_pb_section fb_built=\u00a0\u00bb1&Prime; _builder_version=\u00a0\u00bb4.27.5&Prime; _module_preset=\u00a0\u00bbdefault\u00a0\u00bb background_color=\u00a0\u00bbRGBA(255,255,255,0)\u00a0\u00bb custom_padding=\u00a0\u00bb4px|||||\u00a0\u00bb bottom_divider_color=\u00a0\u00bb#4c922a\u00a0\u00bb bottom_divider_height=\u00a0\u00bb40px\u00a0\u00bb global_colors_info=\u00a0\u00bb{}\u00a0\u00bb][et_pb_row _builder_version=\u00a0\u00bb4.27.5&Prime; _module_preset=\u00a0\u00bbdefault\u00a0\u00bb custom_padding=\u00a0\u00bb||16px|||\u00a0\u00bb global_colors_info=\u00a0\u00bb{}\u00a0\u00bb][et_pb_column type=\u00a0\u00bb4_4&Prime; _builder_version=\u00a0\u00bb4.27.5&Prime; _module_preset=\u00a0\u00bbdefault\u00a0\u00bb global_colors_info=\u00a0\u00bb{}\u00a0\u00bb][et_pb_text _builder_version=\u00a0\u00bb4.27.5&Prime; _module_preset=\u00a0\u00bbdefault\u00a0\u00bb custom_margin=\u00a0\u00bb||20px|||\u00a0\u00bb global_colors_info=\u00a0\u00bb{}\u00a0\u00bb]<\/p>\n<h4>Nos patients t\u00e9moignent :<\/h4>\n<p>[\/et_pb_text][\/et_pb_column][\/et_pb_row][et_pb_row column_structure=\u00a0\u00bb3_5,2_5&Prime; _builder_version=\u00a0\u00bb4.20.0&Prime; _module_preset=\u00a0\u00bbdefault\u00a0\u00bb global_colors_info=\u00a0\u00bb{}\u00a0\u00bb][et_pb_column type=\u00a0\u00bb3_5&Prime; _builder_version=\u00a0\u00bb4.20.0&Prime; _module_preset=\u00a0\u00bbdefault\u00a0\u00bb global_colors_info=\u00a0\u00bb{}\u00a0\u00bb][et_pb_image src=\u00a0\u00bbhttps:\/\/les-myrtilles.com\/wp-content\/uploads\/2026\/02\/temoignage-1.jpg\u00a0\u00bb title_text=\u00a0\u00bbtemoignage-1&Prime; _builder_version=\u00a0\u00bb4.27.5&Prime; _module_preset=\u00a0\u00bbdefault\u00a0\u00bb global_colors_info=\u00a0\u00bb{}\u00a0\u00bb][\/et_pb_image][\/et_pb_column][et_pb_column type=\u00a0\u00bb2_5&Prime; _builder_version=\u00a0\u00bb4.20.0&Prime; _module_preset=\u00a0\u00bbdefault\u00a0\u00bb global_colors_info=\u00a0\u00bb{}\u00a0\u00bb][et_pb_image src=\u00a0\u00bbhttps:\/\/les-myrtilles.com\/wp-content\/uploads\/2026\/02\/temoignage-2.jpg\u00a0\u00bb title_text=\u00a0\u00bbtemoignage-2&Prime; _builder_version=\u00a0\u00bb4.27.5&Prime; _module_preset=\u00a0\u00bbdefault\u00a0\u00bb global_colors_info=\u00a0\u00bb{}\u00a0\u00bb][\/et_pb_image][\/et_pb_column][\/et_pb_row][\/et_pb_section][et_pb_section fb_built=\u00a0\u00bb1&Prime; _builder_version=\u00a0\u00bb4.20.4&Prime; _module_preset=\u00a0\u00bbdefault\u00a0\u00bb background_color=\u00a0\u00bb#eeeeee\u00a0\u00bb custom_padding=\u00a0\u00bb4px|||||\u00a0\u00bb bottom_divider_style=\u00a0\u00bbwave2&Prime; bottom_divider_color=\u00a0\u00bb#d0bfdb\u00a0\u00bb bottom_divider_height=\u00a0\u00bb40px\u00a0\u00bb global_colors_info=\u00a0\u00bb{}\u00a0\u00bb][\/et_pb_section]<\/p>\n","protected":false},"excerpt":{"rendered":"<p>Comment faire pour b\u00e9n\u00e9ficier de nos services : Il est n\u00e9cessaire d\u2019avoir une ordonnance de votre m\u00e9decin traitant (ou du m\u00e9decin du service si vous \u00eates hospitalis\u00e9) stipulant la n\u00e9cessit\u00e9 du passage des aides-soignantes et les soins dont vous devez b\u00e9n\u00e9ficier. Une fois que vous avez votre ordonnance :Nous contacter par t\u00e9l\u00e9phone ou mail en [&hellip;]<\/p>\n","protected":false},"author":1,"featured_media":510,"parent":0,"menu_order":0,"comment_status":"closed","ping_status":"closed","template":"","meta":{"_et_pb_use_builder":"on","_et_pb_old_content":"","_et_gb_content_width":"","footnotes":""},"class_list":["post-1391","page","type-page","status-publish","has-post-thumbnail","hentry"],"yoast_head":"<!-- This site is optimized with the Yoast SEO plugin v27.3 - https:\/\/yoast.com\/product\/yoast-seo-wordpress\/ -->\n<title>B\u00e9n\u00e9ficiaires - E.H.P.A.D - Les myrtilles<\/title>\n<meta name=\"description\" content=\"Situ\u00e9 \u00e0 Saint-Pierreville en Ard\u00e8che, SERVICE DE SOINS A DOMICILE BERNARD VIALLE aident les personnes \u00e2g\u00e9es.\" \/>\n<meta name=\"robots\" content=\"index, follow, max-snippet:-1, max-image-preview:large, max-video-preview:-1\" \/>\n<link rel=\"canonical\" href=\"https:\/\/les-myrtilles.com\/?page_id=1391\" \/>\n<meta property=\"og:locale\" content=\"fr_FR\" \/>\n<meta property=\"og:type\" content=\"article\" \/>\n<meta property=\"og:title\" content=\"B\u00e9n\u00e9ficiaires - E.H.P.A.D - Les myrtilles\" \/>\n<meta property=\"og:description\" content=\"Situ\u00e9 \u00e0 Saint-Pierreville en Ard\u00e8che, SERVICE DE SOINS A DOMICILE BERNARD VIALLE aident les personnes \u00e2g\u00e9es.\" \/>\n<meta property=\"og:url\" content=\"https:\/\/les-myrtilles.com\/?page_id=1391\" \/>\n<meta property=\"og:site_name\" content=\"E.H.P.A.D - Les myrtilles\" \/>\n<meta property=\"article:publisher\" content=\"https:\/\/www.facebook.com\/ehpadlesmyrtilles\" \/>\n<meta property=\"article:modified_time\" content=\"2026-04-01T08:40:38+00:00\" \/>\n<meta property=\"og:image\" content=\"https:\/\/les-myrtilles.com\/wp-content\/uploads\/2023\/04\/Logo-SSIAD_ok.png\" \/>\n\t<meta property=\"og:image:width\" content=\"289\" \/>\n\t<meta property=\"og:image:height\" content=\"261\" \/>\n\t<meta property=\"og:image:type\" content=\"image\/png\" \/>\n<meta name=\"twitter:card\" content=\"summary_large_image\" \/>\n<meta name=\"twitter:label1\" content=\"Dur\u00e9e de lecture estim\u00e9e\" \/>\n\t<meta name=\"twitter:data1\" content=\"4 minutes\" \/>\n<script type=\"application\/ld+json\" class=\"yoast-schema-graph\">{\"@context\":\"https:\\\/\\\/schema.org\",\"@graph\":[{\"@type\":\"WebPage\",\"@id\":\"https:\\\/\\\/les-myrtilles.com\\\/?page_id=1391\",\"url\":\"https:\\\/\\\/les-myrtilles.com\\\/?page_id=1391\",\"name\":\"B\u00e9n\u00e9ficiaires - E.H.P.A.D - Les myrtilles\",\"isPartOf\":{\"@id\":\"https:\\\/\\\/les-myrtilles.com\\\/#website\"},\"primaryImageOfPage\":{\"@id\":\"https:\\\/\\\/les-myrtilles.com\\\/?page_id=1391#primaryimage\"},\"image\":{\"@id\":\"https:\\\/\\\/les-myrtilles.com\\\/?page_id=1391#primaryimage\"},\"thumbnailUrl\":\"https:\\\/\\\/les-myrtilles.com\\\/wp-content\\\/uploads\\\/2023\\\/04\\\/Logo-SSIAD_ok.png\",\"datePublished\":\"2026-02-05T13:43:53+00:00\",\"dateModified\":\"2026-04-01T08:40:38+00:00\",\"description\":\"Situ\u00e9 \u00e0 Saint-Pierreville en Ard\u00e8che, SERVICE DE SOINS A DOMICILE BERNARD VIALLE aident les personnes \u00e2g\u00e9es.\",\"breadcrumb\":{\"@id\":\"https:\\\/\\\/les-myrtilles.com\\\/?page_id=1391#breadcrumb\"},\"inLanguage\":\"fr-FR\",\"potentialAction\":[{\"@type\":\"ReadAction\",\"target\":[\"https:\\\/\\\/les-myrtilles.com\\\/?page_id=1391\"]}]},{\"@type\":\"ImageObject\",\"inLanguage\":\"fr-FR\",\"@id\":\"https:\\\/\\\/les-myrtilles.com\\\/?page_id=1391#primaryimage\",\"url\":\"https:\\\/\\\/les-myrtilles.com\\\/wp-content\\\/uploads\\\/2023\\\/04\\\/Logo-SSIAD_ok.png\",\"contentUrl\":\"https:\\\/\\\/les-myrtilles.com\\\/wp-content\\\/uploads\\\/2023\\\/04\\\/Logo-SSIAD_ok.png\",\"width\":289,\"height\":261,\"caption\":\"Logo SSIAD\"},{\"@type\":\"BreadcrumbList\",\"@id\":\"https:\\\/\\\/les-myrtilles.com\\\/?page_id=1391#breadcrumb\",\"itemListElement\":[{\"@type\":\"ListItem\",\"position\":1,\"name\":\"Accueil\",\"item\":\"https:\\\/\\\/les-myrtilles.com\\\/\"},{\"@type\":\"ListItem\",\"position\":2,\"name\":\"B\u00e9n\u00e9ficiaires\"}]},{\"@type\":\"WebSite\",\"@id\":\"https:\\\/\\\/les-myrtilles.com\\\/#website\",\"url\":\"https:\\\/\\\/les-myrtilles.com\\\/\",\"name\":\"E.H.P.A.D - Les myrtilles\",\"description\":\"Maison de retraite en Ard\u00e8che, E.H.P.A.D les Myrtilles \u00e0 Saint-Pierreville\",\"publisher\":{\"@id\":\"https:\\\/\\\/les-myrtilles.com\\\/#organization\"},\"potentialAction\":[{\"@type\":\"SearchAction\",\"target\":{\"@type\":\"EntryPoint\",\"urlTemplate\":\"https:\\\/\\\/les-myrtilles.com\\\/?s={search_term_string}\"},\"query-input\":{\"@type\":\"PropertyValueSpecification\",\"valueRequired\":true,\"valueName\":\"search_term_string\"}}],\"inLanguage\":\"fr-FR\"},{\"@type\":\"Organization\",\"@id\":\"https:\\\/\\\/les-myrtilles.com\\\/#organization\",\"name\":\"E.H.P.A.D - Les myrtilles\",\"url\":\"https:\\\/\\\/les-myrtilles.com\\\/\",\"logo\":{\"@type\":\"ImageObject\",\"inLanguage\":\"fr-FR\",\"@id\":\"https:\\\/\\\/les-myrtilles.com\\\/#\\\/schema\\\/logo\\\/image\\\/\",\"url\":\"https:\\\/\\\/les-myrtilles.com\\\/wp-content\\\/uploads\\\/2023\\\/02\\\/Logo-Les-Myrtilles.png\",\"contentUrl\":\"https:\\\/\\\/les-myrtilles.com\\\/wp-content\\\/uploads\\\/2023\\\/02\\\/Logo-Les-Myrtilles.png\",\"width\":450,\"height\":168,\"caption\":\"E.H.P.A.D - Les myrtilles\"},\"image\":{\"@id\":\"https:\\\/\\\/les-myrtilles.com\\\/#\\\/schema\\\/logo\\\/image\\\/\"},\"sameAs\":[\"https:\\\/\\\/www.facebook.com\\\/ehpadlesmyrtilles\"]}]}<\/script>\n<!-- \/ Yoast SEO plugin. -->","yoast_head_json":{"title":"B\u00e9n\u00e9ficiaires - E.H.P.A.D - Les myrtilles","description":"Situ\u00e9 \u00e0 Saint-Pierreville en Ard\u00e8che, SERVICE DE SOINS A DOMICILE BERNARD VIALLE aident les personnes \u00e2g\u00e9es.","robots":{"index":"index","follow":"follow","max-snippet":"max-snippet:-1","max-image-preview":"max-image-preview:large","max-video-preview":"max-video-preview:-1"},"canonical":"https:\/\/les-myrtilles.com\/?page_id=1391","og_locale":"fr_FR","og_type":"article","og_title":"B\u00e9n\u00e9ficiaires - E.H.P.A.D - Les myrtilles","og_description":"Situ\u00e9 \u00e0 Saint-Pierreville en Ard\u00e8che, SERVICE DE SOINS A DOMICILE BERNARD VIALLE aident les personnes \u00e2g\u00e9es.","og_url":"https:\/\/les-myrtilles.com\/?page_id=1391","og_site_name":"E.H.P.A.D - Les myrtilles","article_publisher":"https:\/\/www.facebook.com\/ehpadlesmyrtilles","article_modified_time":"2026-04-01T08:40:38+00:00","og_image":[{"width":289,"height":261,"url":"https:\/\/les-myrtilles.com\/wp-content\/uploads\/2023\/04\/Logo-SSIAD_ok.png","type":"image\/png"}],"twitter_card":"summary_large_image","twitter_misc":{"Dur\u00e9e de lecture estim\u00e9e":"4 minutes"},"schema":{"@context":"https:\/\/schema.org","@graph":[{"@type":"WebPage","@id":"https:\/\/les-myrtilles.com\/?page_id=1391","url":"https:\/\/les-myrtilles.com\/?page_id=1391","name":"B\u00e9n\u00e9ficiaires - E.H.P.A.D - Les myrtilles","isPartOf":{"@id":"https:\/\/les-myrtilles.com\/#website"},"primaryImageOfPage":{"@id":"https:\/\/les-myrtilles.com\/?page_id=1391#primaryimage"},"image":{"@id":"https:\/\/les-myrtilles.com\/?page_id=1391#primaryimage"},"thumbnailUrl":"https:\/\/les-myrtilles.com\/wp-content\/uploads\/2023\/04\/Logo-SSIAD_ok.png","datePublished":"2026-02-05T13:43:53+00:00","dateModified":"2026-04-01T08:40:38+00:00","description":"Situ\u00e9 \u00e0 Saint-Pierreville en Ard\u00e8che, SERVICE DE SOINS A DOMICILE BERNARD VIALLE aident les personnes \u00e2g\u00e9es.","breadcrumb":{"@id":"https:\/\/les-myrtilles.com\/?page_id=1391#breadcrumb"},"inLanguage":"fr-FR","potentialAction":[{"@type":"ReadAction","target":["https:\/\/les-myrtilles.com\/?page_id=1391"]}]},{"@type":"ImageObject","inLanguage":"fr-FR","@id":"https:\/\/les-myrtilles.com\/?page_id=1391#primaryimage","url":"https:\/\/les-myrtilles.com\/wp-content\/uploads\/2023\/04\/Logo-SSIAD_ok.png","contentUrl":"https:\/\/les-myrtilles.com\/wp-content\/uploads\/2023\/04\/Logo-SSIAD_ok.png","width":289,"height":261,"caption":"Logo SSIAD"},{"@type":"BreadcrumbList","@id":"https:\/\/les-myrtilles.com\/?page_id=1391#breadcrumb","itemListElement":[{"@type":"ListItem","position":1,"name":"Accueil","item":"https:\/\/les-myrtilles.com\/"},{"@type":"ListItem","position":2,"name":"B\u00e9n\u00e9ficiaires"}]},{"@type":"WebSite","@id":"https:\/\/les-myrtilles.com\/#website","url":"https:\/\/les-myrtilles.com\/","name":"E.H.P.A.D - Les myrtilles","description":"Maison de retraite en Ard\u00e8che, E.H.P.A.D les Myrtilles \u00e0 Saint-Pierreville","publisher":{"@id":"https:\/\/les-myrtilles.com\/#organization"},"potentialAction":[{"@type":"SearchAction","target":{"@type":"EntryPoint","urlTemplate":"https:\/\/les-myrtilles.com\/?s={search_term_string}"},"query-input":{"@type":"PropertyValueSpecification","valueRequired":true,"valueName":"search_term_string"}}],"inLanguage":"fr-FR"},{"@type":"Organization","@id":"https:\/\/les-myrtilles.com\/#organization","name":"E.H.P.A.D - Les myrtilles","url":"https:\/\/les-myrtilles.com\/","logo":{"@type":"ImageObject","inLanguage":"fr-FR","@id":"https:\/\/les-myrtilles.com\/#\/schema\/logo\/image\/","url":"https:\/\/les-myrtilles.com\/wp-content\/uploads\/2023\/02\/Logo-Les-Myrtilles.png","contentUrl":"https:\/\/les-myrtilles.com\/wp-content\/uploads\/2023\/02\/Logo-Les-Myrtilles.png","width":450,"height":168,"caption":"E.H.P.A.D - Les myrtilles"},"image":{"@id":"https:\/\/les-myrtilles.com\/#\/schema\/logo\/image\/"},"sameAs":["https:\/\/www.facebook.com\/ehpadlesmyrtilles"]}]}},"_links":{"self":[{"href":"https:\/\/les-myrtilles.com\/index.php?rest_route=\/wp\/v2\/pages\/1391","targetHints":{"allow":["GET"]}}],"collection":[{"href":"https:\/\/les-myrtilles.com\/index.php?rest_route=\/wp\/v2\/pages"}],"about":[{"href":"https:\/\/les-myrtilles.com\/index.php?rest_route=\/wp\/v2\/types\/page"}],"author":[{"embeddable":true,"href":"https:\/\/les-myrtilles.com\/index.php?rest_route=\/wp\/v2\/users\/1"}],"replies":[{"embeddable":true,"href":"https:\/\/les-myrtilles.com\/index.php?rest_route=%2Fwp%2Fv2%2Fcomments&post=1391"}],"version-history":[{"count":13,"href":"https:\/\/les-myrtilles.com\/index.php?rest_route=\/wp\/v2\/pages\/1391\/revisions"}],"predecessor-version":[{"id":1602,"href":"https:\/\/les-myrtilles.com\/index.php?rest_route=\/wp\/v2\/pages\/1391\/revisions\/1602"}],"wp:featuredmedia":[{"embeddable":true,"href":"https:\/\/les-myrtilles.com\/index.php?rest_route=\/wp\/v2\/media\/510"}],"wp:attachment":[{"href":"https:\/\/les-myrtilles.com\/index.php?rest_route=%2Fwp%2Fv2%2Fmedia&parent=1391"}],"curies":[{"name":"wp","href":"https:\/\/api.w.org\/{rel}","templated":true}]}}