{"id":1395,"date":"2026-02-05T14:43:56","date_gmt":"2026-02-05T13:43:56","guid":{"rendered":"https:\/\/les-myrtilles.com\/?page_id=1395"},"modified":"2026-04-01T10:40:40","modified_gmt":"2026-04-01T08:40:40","slug":"professionnels-de-sante","status":"publish","type":"page","link":"https:\/\/les-myrtilles.com\/?page_id=1395","title":{"rendered":"Professionnels de sant\u00e9"},"content":{"rendered":"<p>[et_pb_section fb_built=\u00a0\u00bb1&Prime; next_background_color=\u00a0\u00bb#eeeeee\u00a0\u00bb _builder_version=\u00a0\u00bb4.27.5&Prime; _module_preset=\u00a0\u00bbdefault\u00a0\u00bb background_image=\u00a0\u00bbhttps:\/\/les-myrtilles.com\/wp-content\/uploads\/2026\/04\/entete_1280x400_ssiad_ok.jpg\u00a0\u00bb height=\u00a0\u00bb400px\u00a0\u00bb custom_margin=\u00a0\u00bb0px||||false|false\u00a0\u00bb bottom_divider_style=\u00a0\u00bbwave2&Prime; bottom_divider_height=\u00a0\u00bb70px\u00a0\u00bb animation_style=\u00a0\u00bbfade\u00a0\u00bb hover_enabled=\u00a0\u00bb0&Prime; global_colors_info=\u00a0\u00bb{}\u00a0\u00bb title_text=\u00a0\u00bbentete_1280x400_ssiad_ok\u00a0\u00bb sticky_enabled=\u00a0\u00bb0&Prime;][\/et_pb_section][et_pb_section fb_built=\u00a0\u00bb1&Prime; _builder_version=\u00a0\u00bb4.20.4&Prime; _module_preset=\u00a0\u00bbdefault\u00a0\u00bb background_color=\u00a0\u00bb#eeeeee\u00a0\u00bb custom_padding=\u00a0\u00bb6px||5px|||\u00a0\u00bb global_colors_info=\u00a0\u00bb{}\u00a0\u00bb][et_pb_row _builder_version=\u00a0\u00bb4.20.0&Prime; _module_preset=\u00a0\u00bbdefault\u00a0\u00bb global_colors_info=\u00a0\u00bb{}\u00a0\u00bb][et_pb_column type=\u00a0\u00bb4_4&Prime; _builder_version=\u00a0\u00bb4.20.0&Prime; _module_preset=\u00a0\u00bbdefault\u00a0\u00bb global_colors_info=\u00a0\u00bb{}\u00a0\u00bb][et_pb_post_title meta=\u00a0\u00bboff\u00a0\u00bb featured_image=\u00a0\u00bboff\u00a0\u00bb text_color=\u00a0\u00bblight\u00a0\u00bb _builder_version=\u00a0\u00bb4.20.0&Prime; _module_preset=\u00a0\u00bbdefault\u00a0\u00bb title_font=\u00a0\u00bb||||||||\u00a0\u00bb background_color=\u00a0\u00bb#002f5f\u00a0\u00bb custom_padding=\u00a0\u00bb7px|||4px|false|false\u00a0\u00bb border_radii=\u00a0\u00bbon|4px|4px|4px|4px\u00a0\u00bb global_colors_info=\u00a0\u00bb{}\u00a0\u00bb][\/et_pb_post_title][\/et_pb_column][\/et_pb_row][\/et_pb_section][et_pb_section fb_built=\u00a0\u00bb1&Prime; _builder_version=\u00a0\u00bb4.20.4&Prime; _module_preset=\u00a0\u00bbdefault\u00a0\u00bb background_color=\u00a0\u00bb#eeeeee\u00a0\u00bb custom_padding=\u00a0\u00bb4px|||||\u00a0\u00bb bottom_divider_color=\u00a0\u00bb#4c922a\u00a0\u00bb bottom_divider_height=\u00a0\u00bb40px\u00a0\u00bb global_colors_info=\u00a0\u00bb{}\u00a0\u00bb][et_pb_row column_structure=\u00a0\u00bb2_3,1_3&Prime; _builder_version=\u00a0\u00bb4.20.0&Prime; _module_preset=\u00a0\u00bbdefault\u00a0\u00bb global_colors_info=\u00a0\u00bb{}\u00a0\u00bb][et_pb_column type=\u00a0\u00bb2_3&Prime; _builder_version=\u00a0\u00bb4.20.0&Prime; _module_preset=\u00a0\u00bbdefault\u00a0\u00bb global_colors_info=\u00a0\u00bb{}\u00a0\u00bb][et_pb_text _builder_version=\u00a0\u00bb4.27.5&Prime; _module_preset=\u00a0\u00bbdefault\u00a0\u00bb global_colors_info=\u00a0\u00bb{}\u00a0\u00bb]<\/p>\n<h4>Vous souhaitez que le SSIAD intervienne chez l\u2019un de vos patients :<\/h4>\n<p>Si vous avez un patient qui n\u00e9cessite l\u2019intervention des soins \u00e0 domicile et qui r\u00e9side sur notre secteur, n\u2019h\u00e9sitez pas \u00e0 nous contacter.<\/p>\n<p>Que vous soyez, IDEL, Assistante sociale, m\u00e9decin , infirmi\u00e8re ou CDS dans un \u00e9tablissement hospitalier, vous pouvez laisser un message sur notre r\u00e9pondeur (04 75 66 60 48) ou nous contacter par mail (<a href=\"mailto:idecssiad@les-myrtilles.com\">idecssiad@les-myrtilles.com<\/a>) afin de nous signaler tout patient du secteur qui n\u00e9cessiterait une aide \u00e0 domicile, pour des soins d\u2019hygi\u00e8ne ou de confort, ou pour lutter contre l\u2019isolement social, qui est fort pr\u00e9sent dans nos campagnes.<\/p>\n<p>Une fois cette premi\u00e8re demande \u00e9tablie, l\u2019IDEC de notre service s\u2019occupera de contacter la personne concern\u00e9e ou ses proches afin d\u2019organiser une premi\u00e8re visite d\u2019\u00e9valuation au domicile, et vous tiendra informer de la prise en charge mise en place, pour cette personne.<\/p>\n<p>Si la personne concern\u00e9e par la demande est hospitalis\u00e9e et a besoin de soins d\u00e8s sa sortie la premi\u00e8re visite peut aussi se faire dans le service hospitalier (Pour les h\u00f4pitaux de Dr\u00f4me\/ Ard\u00e8che uniquement), et une visite du domicile peut \u00eatre organis\u00e9e avec les proches afin d\u2019\u00e9valuer le mat\u00e9riel n\u00e9cessaire \u00e0 mettre en place avant le retour au domicile de la personne.<\/p>\n<p>[\/et_pb_text][et_pb_text _builder_version=\u00a0\u00bb4.27.5&Prime; _module_preset=\u00a0\u00bbdefault\u00a0\u00bb global_colors_info=\u00a0\u00bb{}\u00a0\u00bb]<\/p>\n<p><strong>Vous souhaitez rejoindre notre \u00e9quipe :<\/strong><\/p>\n<p>Notre \u00e9quipe est compos\u00e9e d\u2019un infirmier(e) coordinateur(trice) et de 5 aides-soinant(e).<\/p>\n<p>Nos horaires sont de 7h50 \u00e0 12h50 et 15h-19h la semaine et 7h30-13h 15h-19h30 le weekend.<br \/>Vous travaillez un weekend sur 5.<br \/>Les tourn\u00e9es se font avec les v\u00e9hicules du service.<br \/>Vous b\u00e9n\u00e9ficiez d\u2019une salle de pause dans les locaux du SSIAD et pouvez prendre les repas confectionn\u00e9s sur place \u00e0 l\u2019EHPAD (3 euros par repas).<\/p>\n<p>Vous avez aussi la possibilit\u00e9 de loger \u00e0 proximit\u00e9 dans un logement partag\u00e9 mis \u00e0 disposition par l\u2019\u00e9tablissement.<\/p>\n<p>[\/et_pb_text][et_pb_text _builder_version=\u00a0\u00bb4.27.5&Prime; _module_preset=\u00a0\u00bbdefault\u00a0\u00bb global_colors_info=\u00a0\u00bb{}\u00a0\u00bb]<\/p>\n<p><strong>Notre \u00e9quipe t\u00e9moigne :<\/strong><\/p>\n<p><strong>Travailler au SSIAD c\u2019est :<\/strong><\/p>\n<p>\u2022 Avoir plus de temps aupr\u00e8s des patients.<br \/>\u2022 On est une petite \u00e9quipe, cela facilite les \u00e9changes entre nous sur le suivi des patients (plus facile de \u00ab s\u2019accorder \u00bb sur les soins, m\u00eame si chacun garde sa personnalit\u00e9 !).<br \/>\u2022 Voitures de fonction adapt\u00e9es et confortables.<br \/>\u2022 Locaux neufs et agr\u00e9ables avec salle de pause pour la coupure<br \/>\u2022 Cadre des tourn\u00e9es agr\u00e9able avec de beaux paysages (voir photo)<br \/>\u2022 Possibilit\u00e9 de prendre son repas \u00e0 midi \u00e0 pris tr\u00e8s abordable (3 euros)<br \/>\u2022 Bon salaire<br \/>\u2022 Travaille seulement 1 weekend sur 5<br \/>\u2022 Bonnes relations avec les intervenants ext\u00e9rieurs : m\u00e9decins lib\u00e9raux, IDEL, aides \u00e0 domicile.<br \/>\u2022 Des horaires corrects qui n\u2019empi\u00e8tent pas trop sur la vie personnelle.<br \/>\u2022 Temps de relationnel avec les patients : on peut r\u00e9guli\u00e8rement prendre le temps de boire un caf\u00e9 ou un sirop avec eux, de discuter, faire des jeux de soci\u00e9t\u00e9, et avoir un temps privil\u00e9gi\u00e9 en apr\u00e8s midi 1 \u00e0 2 fois par mois, quand l\u2019organisation du service le permet (pas de cong\u00e9s ou arr\u00eats maladie).<br \/>\u2022 Il y a des commerces \u00e0 proximit\u00e9 du SSIAD : Boulangerie, superette, boucherie, tabac.<br \/>\u2022 Possibilit\u00e9 de promenades ou baignade en saison pas loin pour occuper le temps de pause.<br \/>\u2022 Faire des remplacements au SSIAD c\u2019est : \u00ab des tourn\u00e9es vari\u00e9es, des temp\u00e9ratures auxquelles on s\u2019adapte (3 degr\u00e9s \u00e0 M\u00e9zhillac, -9 \u00e0 Lachamp Rapha\u00ebl), des paysages toujours aussi magnifiques qui \u00e9voluent au fil des saisons et des patients qui vous accueillent chez eux et vous font d\u00e9couvrir leurs univers \u00bb<\/p>\n<p>[\/et_pb_text][\/et_pb_column][et_pb_column type=\u00a0\u00bb1_3&Prime; _builder_version=\u00a0\u00bb4.20.0&Prime; _module_preset=\u00a0\u00bbdefault\u00a0\u00bb global_colors_info=\u00a0\u00bb{}\u00a0\u00bb][et_pb_text _builder_version=\u00a0\u00bb4.27.5&Prime; _module_preset=\u00a0\u00bbdefault\u00a0\u00bb text_text_color=\u00a0\u00bb#FFFFFF\u00a0\u00bb background_color=\u00a0\u00bb#d0bfdb\u00a0\u00bb custom_padding=\u00a0\u00bb3px|3px|3px|3px|true|true\u00a0\u00bb border_radii=\u00a0\u00bbon|5px|5px|5px|5px\u00a0\u00bb global_colors_info=\u00a0\u00bb{}\u00a0\u00bb]<\/p>\n<p style=\"text-align: center;\"><span style=\"color: #002f5f;\"><strong>Nos coordonn\u00e9es :<\/strong><\/span><\/p>\n<p style=\"text-align: center;\"><strong><span style=\"color: #002f5f;\">T\u00e9l. : 04 75 66 60 48<\/span><\/strong><br \/><span style=\"color: #002f5f;\">(message avec vos coordonn\u00e9es<br \/>afin qu\u2019on puisse vous recontacter)<\/span><a href=\"mailto:idecssiad@les-myrtilles.com\" target=\"_blank\" rel=\"noopener\"><span style=\"color: #002f5f;\"><strong><\/strong><\/span><\/a><\/p>\n<p style=\"text-align: center;\"><a href=\"mailto:idecssiad@les-myrtilles.com\" target=\"_blank\" rel=\"noopener\"><span style=\"color: #002f5f;\"><strong>idecssiad@les-myrtilles.com<\/strong><\/span><\/a><\/p>\n<p>[\/et_pb_text][et_pb_image src=\u00a0\u00bbhttps:\/\/les-myrtilles.com\/wp-content\/uploads\/2026\/02\/ssiad_accueil.jpg\u00a0\u00bb title_text=\u00a0\u00bbssiad_accueil\u00a0\u00bb _builder_version=\u00a0\u00bb4.27.5&Prime; _module_preset=\u00a0\u00bbdefault\u00a0\u00bb global_colors_info=\u00a0\u00bb{}\u00a0\u00bb][\/et_pb_image][\/et_pb_column][\/et_pb_row][et_pb_row _builder_version=\u00a0\u00bb4.27.5&Prime; _module_preset=\u00a0\u00bbdefault\u00a0\u00bb global_colors_info=\u00a0\u00bb{}\u00a0\u00bb][et_pb_column type=\u00a0\u00bb4_4&Prime; _builder_version=\u00a0\u00bb4.27.5&Prime; _module_preset=\u00a0\u00bbdefault\u00a0\u00bb global_colors_info=\u00a0\u00bb{}\u00a0\u00bb][et_pb_text _builder_version=\u00a0\u00bb4.27.5&Prime; _module_preset=\u00a0\u00bbdefault\u00a0\u00bb global_colors_info=\u00a0\u00bb{}\u00a0\u00bb]<\/p>\n<h4 style=\"text-align: center;\">Alors si vous aimez le contact avec les personnes, les soins d\u2019hygi\u00e8ne et le relationnel, et que nos belles routes ard\u00e9choises ne vous effraient pas, n\u2019h\u00e9sitez pas \u00e0 nous consulter.<\/h4>\n<p>[\/et_pb_text][\/et_pb_column][\/et_pb_row][\/et_pb_section][et_pb_section fb_built=\u00a0\u00bb1&Prime; _builder_version=\u00a0\u00bb4.20.4&Prime; _module_preset=\u00a0\u00bbdefault\u00a0\u00bb background_color=\u00a0\u00bb#eeeeee\u00a0\u00bb custom_padding=\u00a0\u00bb4px|||||\u00a0\u00bb bottom_divider_style=\u00a0\u00bbwave2&Prime; bottom_divider_color=\u00a0\u00bb#d0bfdb\u00a0\u00bb bottom_divider_height=\u00a0\u00bb40px\u00a0\u00bb global_colors_info=\u00a0\u00bb{}\u00a0\u00bb][\/et_pb_section]<\/p>\n","protected":false},"excerpt":{"rendered":"<p>Vous souhaitez que le SSIAD intervienne chez l\u2019un de vos patients : Si vous avez un patient qui n\u00e9cessite l\u2019intervention des soins \u00e0 domicile et qui r\u00e9side sur notre secteur, n\u2019h\u00e9sitez pas \u00e0 nous contacter. Que vous soyez, IDEL, Assistante sociale, m\u00e9decin , infirmi\u00e8re ou CDS dans un \u00e9tablissement hospitalier, vous pouvez laisser un message [&hellip;]<\/p>\n","protected":false},"author":1,"featured_media":510,"parent":0,"menu_order":0,"comment_status":"closed","ping_status":"closed","template":"","meta":{"_et_pb_use_builder":"on","_et_pb_old_content":"","_et_gb_content_width":"","footnotes":""},"class_list":["post-1395","page","type-page","status-publish","has-post-thumbnail","hentry"],"yoast_head":"<!-- This site is optimized with the Yoast SEO plugin v27.3 - https:\/\/yoast.com\/product\/yoast-seo-wordpress\/ -->\n<title>Professionnels de sant\u00e9 - E.H.P.A.D - Les myrtilles<\/title>\n<meta name=\"description\" content=\"Situ\u00e9 \u00e0 Saint-Pierreville en Ard\u00e8che, SERVICE DE SOINS A DOMICILE BERNARD VIALLE aident les personnes \u00e2g\u00e9es.\" \/>\n<meta name=\"robots\" content=\"index, follow, max-snippet:-1, max-image-preview:large, max-video-preview:-1\" \/>\n<link rel=\"canonical\" href=\"https:\/\/les-myrtilles.com\/?page_id=1395\" \/>\n<meta property=\"og:locale\" content=\"fr_FR\" \/>\n<meta property=\"og:type\" content=\"article\" \/>\n<meta property=\"og:title\" content=\"Professionnels de sant\u00e9 - E.H.P.A.D - Les myrtilles\" \/>\n<meta property=\"og:description\" content=\"Situ\u00e9 \u00e0 Saint-Pierreville en Ard\u00e8che, SERVICE DE SOINS A DOMICILE BERNARD VIALLE aident les personnes \u00e2g\u00e9es.\" \/>\n<meta property=\"og:url\" content=\"https:\/\/les-myrtilles.com\/?page_id=1395\" \/>\n<meta property=\"og:site_name\" content=\"E.H.P.A.D - Les myrtilles\" \/>\n<meta property=\"article:publisher\" content=\"https:\/\/www.facebook.com\/ehpadlesmyrtilles\" \/>\n<meta property=\"article:modified_time\" content=\"2026-04-01T08:40:40+00:00\" \/>\n<meta property=\"og:image\" content=\"https:\/\/les-myrtilles.com\/wp-content\/uploads\/2023\/04\/Logo-SSIAD_ok.png\" \/>\n\t<meta property=\"og:image:width\" content=\"289\" \/>\n\t<meta property=\"og:image:height\" content=\"261\" \/>\n\t<meta property=\"og:image:type\" content=\"image\/png\" \/>\n<meta name=\"twitter:card\" content=\"summary_large_image\" \/>\n<meta name=\"twitter:label1\" content=\"Dur\u00e9e de lecture estim\u00e9e\" \/>\n\t<meta name=\"twitter:data1\" content=\"4 minutes\" \/>\n<script type=\"application\/ld+json\" class=\"yoast-schema-graph\">{\"@context\":\"https:\\\/\\\/schema.org\",\"@graph\":[{\"@type\":\"WebPage\",\"@id\":\"https:\\\/\\\/les-myrtilles.com\\\/?page_id=1395\",\"url\":\"https:\\\/\\\/les-myrtilles.com\\\/?page_id=1395\",\"name\":\"Professionnels de sant\u00e9 - E.H.P.A.D - Les myrtilles\",\"isPartOf\":{\"@id\":\"https:\\\/\\\/les-myrtilles.com\\\/#website\"},\"primaryImageOfPage\":{\"@id\":\"https:\\\/\\\/les-myrtilles.com\\\/?page_id=1395#primaryimage\"},\"image\":{\"@id\":\"https:\\\/\\\/les-myrtilles.com\\\/?page_id=1395#primaryimage\"},\"thumbnailUrl\":\"https:\\\/\\\/les-myrtilles.com\\\/wp-content\\\/uploads\\\/2023\\\/04\\\/Logo-SSIAD_ok.png\",\"datePublished\":\"2026-02-05T13:43:56+00:00\",\"dateModified\":\"2026-04-01T08:40:40+00:00\",\"description\":\"Situ\u00e9 \u00e0 Saint-Pierreville en Ard\u00e8che, SERVICE DE SOINS A DOMICILE BERNARD VIALLE aident les personnes \u00e2g\u00e9es.\",\"breadcrumb\":{\"@id\":\"https:\\\/\\\/les-myrtilles.com\\\/?page_id=1395#breadcrumb\"},\"inLanguage\":\"fr-FR\",\"potentialAction\":[{\"@type\":\"ReadAction\",\"target\":[\"https:\\\/\\\/les-myrtilles.com\\\/?page_id=1395\"]}]},{\"@type\":\"ImageObject\",\"inLanguage\":\"fr-FR\",\"@id\":\"https:\\\/\\\/les-myrtilles.com\\\/?page_id=1395#primaryimage\",\"url\":\"https:\\\/\\\/les-myrtilles.com\\\/wp-content\\\/uploads\\\/2023\\\/04\\\/Logo-SSIAD_ok.png\",\"contentUrl\":\"https:\\\/\\\/les-myrtilles.com\\\/wp-content\\\/uploads\\\/2023\\\/04\\\/Logo-SSIAD_ok.png\",\"width\":289,\"height\":261,\"caption\":\"Logo SSIAD\"},{\"@type\":\"BreadcrumbList\",\"@id\":\"https:\\\/\\\/les-myrtilles.com\\\/?page_id=1395#breadcrumb\",\"itemListElement\":[{\"@type\":\"ListItem\",\"position\":1,\"name\":\"Accueil\",\"item\":\"https:\\\/\\\/les-myrtilles.com\\\/\"},{\"@type\":\"ListItem\",\"position\":2,\"name\":\"Professionnels de sant\u00e9\"}]},{\"@type\":\"WebSite\",\"@id\":\"https:\\\/\\\/les-myrtilles.com\\\/#website\",\"url\":\"https:\\\/\\\/les-myrtilles.com\\\/\",\"name\":\"E.H.P.A.D - Les myrtilles\",\"description\":\"Maison de retraite en Ard\u00e8che, E.H.P.A.D les Myrtilles \u00e0 Saint-Pierreville\",\"publisher\":{\"@id\":\"https:\\\/\\\/les-myrtilles.com\\\/#organization\"},\"potentialAction\":[{\"@type\":\"SearchAction\",\"target\":{\"@type\":\"EntryPoint\",\"urlTemplate\":\"https:\\\/\\\/les-myrtilles.com\\\/?s={search_term_string}\"},\"query-input\":{\"@type\":\"PropertyValueSpecification\",\"valueRequired\":true,\"valueName\":\"search_term_string\"}}],\"inLanguage\":\"fr-FR\"},{\"@type\":\"Organization\",\"@id\":\"https:\\\/\\\/les-myrtilles.com\\\/#organization\",\"name\":\"E.H.P.A.D - Les myrtilles\",\"url\":\"https:\\\/\\\/les-myrtilles.com\\\/\",\"logo\":{\"@type\":\"ImageObject\",\"inLanguage\":\"fr-FR\",\"@id\":\"https:\\\/\\\/les-myrtilles.com\\\/#\\\/schema\\\/logo\\\/image\\\/\",\"url\":\"https:\\\/\\\/les-myrtilles.com\\\/wp-content\\\/uploads\\\/2023\\\/02\\\/Logo-Les-Myrtilles.png\",\"contentUrl\":\"https:\\\/\\\/les-myrtilles.com\\\/wp-content\\\/uploads\\\/2023\\\/02\\\/Logo-Les-Myrtilles.png\",\"width\":450,\"height\":168,\"caption\":\"E.H.P.A.D - Les myrtilles\"},\"image\":{\"@id\":\"https:\\\/\\\/les-myrtilles.com\\\/#\\\/schema\\\/logo\\\/image\\\/\"},\"sameAs\":[\"https:\\\/\\\/www.facebook.com\\\/ehpadlesmyrtilles\"]}]}<\/script>\n<!-- \/ Yoast SEO plugin. -->","yoast_head_json":{"title":"Professionnels de sant\u00e9 - E.H.P.A.D - Les myrtilles","description":"Situ\u00e9 \u00e0 Saint-Pierreville en Ard\u00e8che, SERVICE DE SOINS A DOMICILE BERNARD VIALLE aident les personnes \u00e2g\u00e9es.","robots":{"index":"index","follow":"follow","max-snippet":"max-snippet:-1","max-image-preview":"max-image-preview:large","max-video-preview":"max-video-preview:-1"},"canonical":"https:\/\/les-myrtilles.com\/?page_id=1395","og_locale":"fr_FR","og_type":"article","og_title":"Professionnels de sant\u00e9 - E.H.P.A.D - Les myrtilles","og_description":"Situ\u00e9 \u00e0 Saint-Pierreville en Ard\u00e8che, SERVICE DE SOINS A DOMICILE BERNARD VIALLE aident les personnes \u00e2g\u00e9es.","og_url":"https:\/\/les-myrtilles.com\/?page_id=1395","og_site_name":"E.H.P.A.D - Les myrtilles","article_publisher":"https:\/\/www.facebook.com\/ehpadlesmyrtilles","article_modified_time":"2026-04-01T08:40:40+00:00","og_image":[{"width":289,"height":261,"url":"https:\/\/les-myrtilles.com\/wp-content\/uploads\/2023\/04\/Logo-SSIAD_ok.png","type":"image\/png"}],"twitter_card":"summary_large_image","twitter_misc":{"Dur\u00e9e de lecture estim\u00e9e":"4 minutes"},"schema":{"@context":"https:\/\/schema.org","@graph":[{"@type":"WebPage","@id":"https:\/\/les-myrtilles.com\/?page_id=1395","url":"https:\/\/les-myrtilles.com\/?page_id=1395","name":"Professionnels de sant\u00e9 - E.H.P.A.D - Les myrtilles","isPartOf":{"@id":"https:\/\/les-myrtilles.com\/#website"},"primaryImageOfPage":{"@id":"https:\/\/les-myrtilles.com\/?page_id=1395#primaryimage"},"image":{"@id":"https:\/\/les-myrtilles.com\/?page_id=1395#primaryimage"},"thumbnailUrl":"https:\/\/les-myrtilles.com\/wp-content\/uploads\/2023\/04\/Logo-SSIAD_ok.png","datePublished":"2026-02-05T13:43:56+00:00","dateModified":"2026-04-01T08:40:40+00:00","description":"Situ\u00e9 \u00e0 Saint-Pierreville en Ard\u00e8che, SERVICE DE SOINS A DOMICILE BERNARD VIALLE aident les personnes \u00e2g\u00e9es.","breadcrumb":{"@id":"https:\/\/les-myrtilles.com\/?page_id=1395#breadcrumb"},"inLanguage":"fr-FR","potentialAction":[{"@type":"ReadAction","target":["https:\/\/les-myrtilles.com\/?page_id=1395"]}]},{"@type":"ImageObject","inLanguage":"fr-FR","@id":"https:\/\/les-myrtilles.com\/?page_id=1395#primaryimage","url":"https:\/\/les-myrtilles.com\/wp-content\/uploads\/2023\/04\/Logo-SSIAD_ok.png","contentUrl":"https:\/\/les-myrtilles.com\/wp-content\/uploads\/2023\/04\/Logo-SSIAD_ok.png","width":289,"height":261,"caption":"Logo SSIAD"},{"@type":"BreadcrumbList","@id":"https:\/\/les-myrtilles.com\/?page_id=1395#breadcrumb","itemListElement":[{"@type":"ListItem","position":1,"name":"Accueil","item":"https:\/\/les-myrtilles.com\/"},{"@type":"ListItem","position":2,"name":"Professionnels de sant\u00e9"}]},{"@type":"WebSite","@id":"https:\/\/les-myrtilles.com\/#website","url":"https:\/\/les-myrtilles.com\/","name":"E.H.P.A.D - Les myrtilles","description":"Maison de retraite en Ard\u00e8che, E.H.P.A.D les Myrtilles \u00e0 Saint-Pierreville","publisher":{"@id":"https:\/\/les-myrtilles.com\/#organization"},"potentialAction":[{"@type":"SearchAction","target":{"@type":"EntryPoint","urlTemplate":"https:\/\/les-myrtilles.com\/?s={search_term_string}"},"query-input":{"@type":"PropertyValueSpecification","valueRequired":true,"valueName":"search_term_string"}}],"inLanguage":"fr-FR"},{"@type":"Organization","@id":"https:\/\/les-myrtilles.com\/#organization","name":"E.H.P.A.D - Les myrtilles","url":"https:\/\/les-myrtilles.com\/","logo":{"@type":"ImageObject","inLanguage":"fr-FR","@id":"https:\/\/les-myrtilles.com\/#\/schema\/logo\/image\/","url":"https:\/\/les-myrtilles.com\/wp-content\/uploads\/2023\/02\/Logo-Les-Myrtilles.png","contentUrl":"https:\/\/les-myrtilles.com\/wp-content\/uploads\/2023\/02\/Logo-Les-Myrtilles.png","width":450,"height":168,"caption":"E.H.P.A.D - Les myrtilles"},"image":{"@id":"https:\/\/les-myrtilles.com\/#\/schema\/logo\/image\/"},"sameAs":["https:\/\/www.facebook.com\/ehpadlesmyrtilles"]}]}},"_links":{"self":[{"href":"https:\/\/les-myrtilles.com\/index.php?rest_route=\/wp\/v2\/pages\/1395","targetHints":{"allow":["GET"]}}],"collection":[{"href":"https:\/\/les-myrtilles.com\/index.php?rest_route=\/wp\/v2\/pages"}],"about":[{"href":"https:\/\/les-myrtilles.com\/index.php?rest_route=\/wp\/v2\/types\/page"}],"author":[{"embeddable":true,"href":"https:\/\/les-myrtilles.com\/index.php?rest_route=\/wp\/v2\/users\/1"}],"replies":[{"embeddable":true,"href":"https:\/\/les-myrtilles.com\/index.php?rest_route=%2Fwp%2Fv2%2Fcomments&post=1395"}],"version-history":[{"count":10,"href":"https:\/\/les-myrtilles.com\/index.php?rest_route=\/wp\/v2\/pages\/1395\/revisions"}],"predecessor-version":[{"id":1599,"href":"https:\/\/les-myrtilles.com\/index.php?rest_route=\/wp\/v2\/pages\/1395\/revisions\/1599"}],"wp:featuredmedia":[{"embeddable":true,"href":"https:\/\/les-myrtilles.com\/index.php?rest_route=\/wp\/v2\/media\/510"}],"wp:attachment":[{"href":"https:\/\/les-myrtilles.com\/index.php?rest_route=%2Fwp%2Fv2%2Fmedia&parent=1395"}],"curies":[{"name":"wp","href":"https:\/\/api.w.org\/{rel}","templated":true}]}}