{"id":143,"date":"2023-02-28T11:15:52","date_gmt":"2023-02-28T10:15:52","guid":{"rendered":"https:\/\/les-myrtilles.com\/?page_id=143"},"modified":"2026-02-18T10:41:52","modified_gmt":"2026-02-18T09:41:52","slug":"tarifs-hebergement-dependance","status":"publish","type":"page","link":"https:\/\/les-myrtilles.com\/?page_id=143","title":{"rendered":"Tarifs h\u00e9bergement \/ d\u00e9pendance"},"content":{"rendered":"<p>[et_pb_section fb_built=\u00a0\u00bb1&Prime; next_background_color=\u00a0\u00bb#eeeeee\u00a0\u00bb _builder_version=\u00a0\u00bb4.20.0&Prime; _module_preset=\u00a0\u00bbdefault\u00a0\u00bb background_image=\u00a0\u00bbhttp:\/\/les-myrtilles.com\/wp-content\/uploads\/2023\/03\/entete_1280x400_02_bis.jpg\u00a0\u00bb height=\u00a0\u00bb400px\u00a0\u00bb custom_margin=\u00a0\u00bb0px||||false|false\u00a0\u00bb bottom_divider_style=\u00a0\u00bbwave2&Prime; bottom_divider_height=\u00a0\u00bb70px\u00a0\u00bb animation_style=\u00a0\u00bbfade\u00a0\u00bb global_colors_info=\u00a0\u00bb{}\u00a0\u00bb][\/et_pb_section][et_pb_section fb_built=\u00a0\u00bb1&Prime; _builder_version=\u00a0\u00bb4.20.4&Prime; _module_preset=\u00a0\u00bbdefault\u00a0\u00bb background_color=\u00a0\u00bb#eeeeee\u00a0\u00bb custom_padding=\u00a0\u00bb6px||5px|||\u00a0\u00bb global_colors_info=\u00a0\u00bb{}\u00a0\u00bb][et_pb_row _builder_version=\u00a0\u00bb4.20.4&Prime; _module_preset=\u00a0\u00bbdefault\u00a0\u00bb global_colors_info=\u00a0\u00bb{}\u00a0\u00bb][et_pb_column type=\u00a0\u00bb4_4&Prime; _builder_version=\u00a0\u00bb4.20.0&Prime; _module_preset=\u00a0\u00bbdefault\u00a0\u00bb global_colors_info=\u00a0\u00bb{}\u00a0\u00bb][et_pb_post_title meta=\u00a0\u00bboff\u00a0\u00bb featured_image=\u00a0\u00bboff\u00a0\u00bb text_color=\u00a0\u00bblight\u00a0\u00bb _builder_version=\u00a0\u00bb4.20.0&Prime; _module_preset=\u00a0\u00bbdefault\u00a0\u00bb title_font=\u00a0\u00bb||||||||\u00a0\u00bb background_color=\u00a0\u00bb#002f5f\u00a0\u00bb custom_padding=\u00a0\u00bb7px|||4px|false|false\u00a0\u00bb border_radii=\u00a0\u00bbon|4px|4px|4px|4px\u00a0\u00bb global_colors_info=\u00a0\u00bb{}\u00a0\u00bb][\/et_pb_post_title][\/et_pb_column][\/et_pb_row][\/et_pb_section][et_pb_section fb_built=\u00a0\u00bb1&Prime; _builder_version=\u00a0\u00bb4.20.4&Prime; _module_preset=\u00a0\u00bbdefault\u00a0\u00bb background_color=\u00a0\u00bb#eeeeee\u00a0\u00bb custom_padding=\u00a0\u00bb4px|||||\u00a0\u00bb bottom_divider_color=\u00a0\u00bb#4c922a\u00a0\u00bb bottom_divider_height=\u00a0\u00bb40px\u00a0\u00bb global_colors_info=\u00a0\u00bb{}\u00a0\u00bb][et_pb_row column_structure=\u00a0\u00bb2_5,3_5&Prime; _builder_version=\u00a0\u00bb4.20.0&Prime; _module_preset=\u00a0\u00bbdefault\u00a0\u00bb global_colors_info=\u00a0\u00bb{}\u00a0\u00bb][et_pb_column type=\u00a0\u00bb2_5&Prime; _builder_version=\u00a0\u00bb4.20.0&Prime; _module_preset=\u00a0\u00bbdefault\u00a0\u00bb global_colors_info=\u00a0\u00bb{}\u00a0\u00bb][et_pb_image src=\u00a0\u00bbhttp:\/\/les-myrtilles.com\/wp-content\/uploads\/2023\/02\/IMG_1316_th.jpg\u00a0\u00bb alt=\u00a0\u00bbEhpad les Myrtilles &#8211; Entr\u00e9e\u00a0\u00bb title_text=\u00a0\u00bbIMG_1316_th\u00a0\u00bb _builder_version=\u00a0\u00bb4.20.0&Prime; _module_preset=\u00a0\u00bbdefault\u00a0\u00bb global_colors_info=\u00a0\u00bb{}\u00a0\u00bb][\/et_pb_image][\/et_pb_column][et_pb_column type=\u00a0\u00bb3_5&Prime; _builder_version=\u00a0\u00bb4.20.0&Prime; _module_preset=\u00a0\u00bbdefault\u00a0\u00bb global_colors_info=\u00a0\u00bb{}\u00a0\u00bb][et_pb_text _builder_version=\u00a0\u00bb4.27.5&Prime; _module_preset=\u00a0\u00bbdefault\u00a0\u00bb hover_enabled=\u00a0\u00bb0&Prime; global_colors_info=\u00a0\u00bb{}\u00a0\u00bb sticky_enabled=\u00a0\u00bb0&Prime;]<\/p>\n<h4><span style=\"color: #4c922a;\">Tarifs au 1er f\u00e9vrier 2026<\/span><\/h4>\n<h5><span style=\"color: #4c922a;\">Fix\u00e9s par arr\u00eat\u00e9s du Pr\u00e9sident du Conseil D\u00e9partemental.<\/span><\/h5>\n<p>[\/et_pb_text][et_pb_text _builder_version=\u00a0\u00bb4.22.1&Prime; _module_preset=\u00a0\u00bbdefault\u00a0\u00bb global_colors_info=\u00a0\u00bb{}\u00a0\u00bb]<\/p>\n<h5><span style=\"color: #4c922a;\">Tarif h\u00e9bergement<\/span><\/h5>\n<p>Les frais d\u2019h\u00e9bergement couvrent le g\u00eete et le couvert, l\u2019entretien du linge, l\u2019animation, les services technique et administratif, et en partie les charges salariales du personnel.<br \/><strong>T1 Chambre individuelle 58.44\u20ac\/jour soit 1811.64\u20ac par mois<\/strong><br \/><strong>T2 Chambre double 52.69\u20ac\/jour soit 1633.39\u20ac par mois<\/strong><\/p>\n<p>[\/et_pb_text][et_pb_text _builder_version=\u00a0\u00bb4.22.1&Prime; _module_preset=\u00a0\u00bbdefault\u00a0\u00bb global_colors_info=\u00a0\u00bb{}\u00a0\u00bb]<\/p>\n<h5><span style=\"color: #4c922a;\">Tarif d\u00e9pendance (selon la Grille Iso-Ressources GIR)<\/span><\/h5>\n<p>Les frais de d\u00e9pendance permettent l\u2019accomplissement des actes de la vie courante en cas de perte d\u2019autonomie, et la participation aux d\u00e9penses de personnel.<br \/><strong>GIR 1-2 : d\u00e9pendance 23,12\u20ac\/jour\u00a0<\/strong><br \/><strong>GIR 3-4 : d\u00e9pendance 14,67\u20ac\/jour\u00a0<\/strong><br \/><strong>GIR 5-6 : pas de d\u00e9pendance<br \/><\/strong>Le ticket mod\u00e9rateur, d\u2019un montant de 6.23 \u20ac , est \u00e0 la charge du r\u00e9sident, quel que soit son degr\u00e9 d\u2019autonomie, et vient donc s\u2019additionner au tarif h\u00e9bergement.<br \/>Pour les r\u00e9sidents provenant des d\u00e9partements de la Dr\u00f4me et de l\u2019Ard\u00e8che et b\u00e9n\u00e9ficiant de l\u2019Aide Personnalis\u00e9e \u00e0 l\u2019Autonomie (GIR 1 \u00e0 4) : celle-ci est directement vers\u00e9e \u00e0 l\u2019\u00e9tablissement sous forme de dotation annuelle.<br \/>Pour les r\u00e9sidents des autres d\u00e9partements, un dossier doit \u00eatre rempli aupr\u00e8s de leur conseil g\u00e9n\u00e9ral d\u2019origine pour b\u00e9n\u00e9ficier de l\u2019APA. Cette aide sera ensuite, soit vers\u00e9e \u00e0 l\u2019EHPAD, soit directement au r\u00e9sident (dans ce cas, le tarif d\u00e9pendance sera applicable selon le GIR).<\/p>\n<p>[\/et_pb_text][\/et_pb_column][\/et_pb_row][\/et_pb_section][et_pb_section fb_built=\u00a0\u00bb1&Prime; _builder_version=\u00a0\u00bb4.20.4&Prime; _module_preset=\u00a0\u00bbdefault\u00a0\u00bb custom_padding=\u00a0\u00bb4px|||||\u00a0\u00bb bottom_divider_style=\u00a0\u00bbwave2&Prime; bottom_divider_color=\u00a0\u00bb#d0bfdb\u00a0\u00bb bottom_divider_height=\u00a0\u00bb40px\u00a0\u00bb global_colors_info=\u00a0\u00bb{}\u00a0\u00bb][et_pb_row column_structure=\u00a0\u00bb3_4,1_4&Prime; _builder_version=\u00a0\u00bb4.20.0&Prime; _module_preset=\u00a0\u00bbdefault\u00a0\u00bb global_colors_info=\u00a0\u00bb{}\u00a0\u00bb][et_pb_column type=\u00a0\u00bb3_4&Prime; _builder_version=\u00a0\u00bb4.20.0&Prime; _module_preset=\u00a0\u00bbdefault\u00a0\u00bb global_colors_info=\u00a0\u00bb{}\u00a0\u00bb][et_pb_text _builder_version=\u00a0\u00bb4.20.0&Prime; _module_preset=\u00a0\u00bbdefault\u00a0\u00bb global_colors_info=\u00a0\u00bb{}\u00a0\u00bb]<\/p>\n<h5><span style=\"color: #4c922a;\">Co\u00fbt global (h\u00e9bergement + d\u00e9pendance)<\/span><\/h5>\n<p><strong><em>Pour un r\u00e9sident provenant de Dr\u00f4me-Ard\u00e8che, b\u00e9n\u00e9ficiant de l\u2019APA :<\/em><\/strong><\/p>\n<table style=\"width: 100%; border-collapse: collapse;\" border=\"1\">\n<tbody>\n<tr>\n<td style=\"width: 33.333333%;\"><\/td>\n<td style=\"width: 33.333333%; text-align: center;\">Chambre simple<\/td>\n<td style=\"width: 33.333333%; text-align: center;\">Chambre double<\/td>\n<\/tr>\n<tr>\n<td style=\"width: 33.333333%;\">Frais h\u00e9bergement<\/td>\n<td style=\"width: 33.333333%; text-align: center;\">\n<div class=\"page\" title=\"Page 1\">\n<div class=\"layoutArea\">\n<div class=\"column\">\n<p><span>1811.64<\/span><span>\u20ac <\/span><\/p>\n<\/div>\n<\/div>\n<\/div>\n<\/td>\n<td style=\"width: 33.333333%; text-align: center;\">\n<div class=\"page\" title=\"Page 1\">\n<div class=\"layoutArea\">\n<div class=\"column\">\n<p><span>1633.39<\/span><span>\u20ac <\/span><\/p>\n<\/div>\n<\/div>\n<\/div>\n<\/td>\n<\/tr>\n<tr>\n<td style=\"width: 33.333333%;\">Ticket mod\u00e9rateur<\/td>\n<td colspan=\"2\" style=\"width: 66.66%; text-align: center;\">191.89\u20ac<\/td>\n<\/tr>\n<tr>\n<td style=\"width: 33.333333%;\">Mois de 31 jours<\/td>\n<td style=\"width: 33.333333%; text-align: center;\">\n<div class=\"page\" title=\"Page 1\">\n<div class=\"layoutArea\">\n<div class=\"column\">\n<p><span>2003.53<\/span><span>\u20ac<\/span><\/p>\n<\/div>\n<\/div>\n<\/div>\n<\/td>\n<td style=\"width: 33.333333%; text-align: center;\">1825.28\u20ac<\/td>\n<\/tr>\n<\/tbody>\n<\/table>\n<p><em><strong>Dans le cas o\u00f9 le r\u00e9sident (en GIR 3-4) provient d\u2019un autre d\u00e9partement et que l\u2019APA est directement vers\u00e9e au r\u00e9sident, le tarif sera de :<\/strong><\/em><\/p>\n<table style=\"border-collapse: collapse; width: 100%;\" border=\"1\">\n<tbody>\n<tr>\n<td style=\"width: 33.333333%;\"><\/td>\n<td style=\"width: 33.333333%; text-align: center;\">Chambre simple<\/td>\n<td style=\"width: 33.333333%; text-align: center;\">Chambre double<\/td>\n<\/tr>\n<tr>\n<td style=\"width: 33.333333%;\">APA GIR 3-4<\/td>\n<td colspan=\"2\" style=\"width: 66,66%; text-align: center;\">260.71\u20ac<\/td>\n<\/tr>\n<tr>\n<td style=\"width: 33.333333%;\">Mois de 31 jours (total)<\/td>\n<td style=\"width: 33.333333%; text-align: center;\">\n<div class=\"page\" title=\"Page 1\">\n<div class=\"layoutArea\">\n<div class=\"column\">\n<p><span>2264.24<\/span><span>\u20ac<\/span><\/p>\n<\/div>\n<\/div>\n<\/div>\n<\/td>\n<td style=\"width: 33.333333%; text-align: center;\">2085.99\u20ac<\/td>\n<\/tr>\n<\/tbody>\n<\/table>\n<p><strong><em>Dans le cas o\u00f9 le r\u00e9sident (en GIR 1-2) provient d\u2019un autre d\u00e9partement et que l\u2019APA est directement vers\u00e9e au r\u00e9sident, le tarif sera de :<\/em><\/strong><\/p>\n<table style=\"border-collapse: collapse; width: 100%;\" border=\"1\">\n<tbody>\n<tr>\n<td style=\"width: 33.333333%;\"><\/td>\n<td style=\"width: 33.333333%; text-align: center;\">Chambre simple<\/td>\n<td style=\"width: 33.333333%; text-align: center;\">Chambre double<\/td>\n<\/tr>\n<tr>\n<td style=\"width: 33.333333%;\">APA GIR 1-2<\/td>\n<td colspan=\"2\" style=\"width: 66.66%; text-align: center;\">521.42\u20ac<\/td>\n<\/tr>\n<tr>\n<td style=\"width: 33.333333%;\">Mois de 31 jours (total)<\/td>\n<td style=\"width: 33.333333%; text-align: center;\">\n<div class=\"page\" title=\"Page 1\">\n<div class=\"layoutArea\">\n<div class=\"column\">\n<p><span>2524.95<\/span><span>\u20ac<\/span><\/p>\n<\/div>\n<\/div>\n<\/div>\n<\/td>\n<td style=\"width: 33.333333%; text-align: center;\">2346.70\u20ac<\/td>\n<\/tr>\n<\/tbody>\n<\/table>\n<p>Le r\u00e9sident peut b\u00e9n\u00e9ficier d\u2019aides financi\u00e8res sous conditions de ressources, en faisant la demande aupr\u00e8s des organismes concern\u00e9s.<br \/>L\u2019aide personnalis\u00e9e au logement \u00ab APL \u00bb qui est une aide financi\u00e8re, vers\u00e9e par la Caisse d\u2019Allocations Familiales, destin\u00e9e \u00e0 r\u00e9duire le co\u00fbt de l\u2019H\u00e9bergement.<br \/>L\u2019aide sociale : un dossier de prise en charge de frais d\u2019h\u00e9bergement aupr\u00e8s du Conseil G\u00e9n\u00e9ral peut \u00eatre effectu\u00e9. Le dossier est \u00e0 retirer \u00e0 la mairie du lieu d\u2019origine, et \u00e0 remplir par le r\u00e9sident ou la famille.<\/p>\n<p>[\/et_pb_text][\/et_pb_column][et_pb_column type=\u00a0\u00bb1_4&Prime; _builder_version=\u00a0\u00bb4.20.0&Prime; _module_preset=\u00a0\u00bbdefault\u00a0\u00bb global_colors_info=\u00a0\u00bb{}\u00a0\u00bb][et_pb_text _builder_version=\u00a0\u00bb4.20.4&Prime; _module_preset=\u00a0\u00bbdefault\u00a0\u00bb text_text_color=\u00a0\u00bb#FFFFFF\u00a0\u00bb background_color=\u00a0\u00bb#d0bfdb\u00a0\u00bb custom_padding=\u00a0\u00bb3px|3px|3px|3px|true|true\u00a0\u00bb border_radii=\u00a0\u00bbon|5px|5px|5px|5px\u00a0\u00bb global_colors_info=\u00a0\u00bb{}\u00a0\u00bb]<\/p>\n<p style=\"text-align: center;\"><span style=\"color: #002f5f;\"><strong>* Demande d\u2019aide au logement *<\/strong><\/span><\/p>\n<p style=\"text-align: center;\"><a href=\"http:\/\/les-myrtilles.com\/wp-content\/uploads\/2023\/02\/Demande-daide-au-logement.pdf\" target=\"_blank\" rel=\"noopener\"><img loading=\"lazy\" decoding=\"async\" src=\"http:\/\/les-myrtilles.com\/wp-content\/uploads\/2023\/04\/icon_pdf_bleu.png\" width=\"41\" height=\"50\" alt=\"Icone PDF \" class=\"wp-image-76 alignnone size-full\" style=\"display: block; margin-left: auto; margin-right: auto;\" \/><\/a><\/p>\n<p>[\/et_pb_text][\/et_pb_column][\/et_pb_row][\/et_pb_section]<\/p>\n","protected":false},"excerpt":{"rendered":"<p>Tarifs au 1er f\u00e9vrier 2026 Fix\u00e9s par arr\u00eat\u00e9s du Pr\u00e9sident du Conseil D\u00e9partemental.Tarif h\u00e9bergement Les frais d\u2019h\u00e9bergement couvrent le g\u00eete et le couvert, l\u2019entretien du linge, l\u2019animation, les services technique et administratif, et en partie les charges salariales du personnel.T1 Chambre individuelle 58.44\u20ac\/jour soit 1811.64\u20ac par moisT2 Chambre double 52.69\u20ac\/jour soit 1633.39\u20ac par moisTarif d\u00e9pendance [&hellip;]<\/p>\n","protected":false},"author":1,"featured_media":21,"parent":0,"menu_order":0,"comment_status":"closed","ping_status":"closed","template":"","meta":{"_et_pb_use_builder":"on","_et_pb_old_content":"","_et_gb_content_width":"","footnotes":""},"class_list":["post-143","page","type-page","status-publish","has-post-thumbnail","hentry"],"yoast_head":"<!-- This site is optimized with the Yoast SEO plugin v27.3 - https:\/\/yoast.com\/product\/yoast-seo-wordpress\/ -->\n<title>Tarifs h\u00e9bergement \/ d\u00e9pendance - E.H.P.A.D - Les myrtilles<\/title>\n<meta name=\"description\" content=\"Situ\u00e9 \u00e0 Saint-Pierreville en Ard\u00e8che, L&#039;EHPAD les Myrtilles accueillent les personnes \u00e2g\u00e9es d\u00e9pendantes dans un cadre naturel privil\u00e9gi\u00e9.\" \/>\n<meta name=\"robots\" content=\"index, follow, max-snippet:-1, max-image-preview:large, max-video-preview:-1\" \/>\n<link rel=\"canonical\" href=\"https:\/\/les-myrtilles.com\/?page_id=143\" \/>\n<meta property=\"og:locale\" content=\"fr_FR\" \/>\n<meta property=\"og:type\" content=\"article\" \/>\n<meta property=\"og:title\" content=\"Tarifs h\u00e9bergement \/ d\u00e9pendance - E.H.P.A.D - Les myrtilles\" \/>\n<meta property=\"og:description\" content=\"Situ\u00e9 \u00e0 Saint-Pierreville en Ard\u00e8che, L&#039;EHPAD les Myrtilles accueillent les personnes \u00e2g\u00e9es d\u00e9pendantes dans un cadre naturel privil\u00e9gi\u00e9.\" \/>\n<meta property=\"og:url\" content=\"https:\/\/les-myrtilles.com\/?page_id=143\" \/>\n<meta property=\"og:site_name\" content=\"E.H.P.A.D - Les myrtilles\" \/>\n<meta property=\"article:publisher\" content=\"https:\/\/www.facebook.com\/ehpadlesmyrtilles\" \/>\n<meta property=\"article:modified_time\" content=\"2026-02-18T09:41:52+00:00\" \/>\n<meta property=\"og:image\" content=\"https:\/\/les-myrtilles.com\/wp-content\/uploads\/2023\/02\/icon_512.png\" \/>\n\t<meta property=\"og:image:width\" content=\"512\" \/>\n\t<meta property=\"og:image:height\" content=\"512\" \/>\n\t<meta property=\"og:image:type\" content=\"image\/png\" \/>\n<meta name=\"twitter:card\" content=\"summary_large_image\" \/>\n<meta name=\"twitter:label1\" content=\"Dur\u00e9e de lecture estim\u00e9e\" \/>\n\t<meta name=\"twitter:data1\" content=\"3 minutes\" \/>\n<script type=\"application\/ld+json\" class=\"yoast-schema-graph\">{\"@context\":\"https:\\\/\\\/schema.org\",\"@graph\":[{\"@type\":\"WebPage\",\"@id\":\"https:\\\/\\\/les-myrtilles.com\\\/?page_id=143\",\"url\":\"https:\\\/\\\/les-myrtilles.com\\\/?page_id=143\",\"name\":\"Tarifs h\u00e9bergement \\\/ d\u00e9pendance - E.H.P.A.D - Les myrtilles\",\"isPartOf\":{\"@id\":\"https:\\\/\\\/les-myrtilles.com\\\/#website\"},\"primaryImageOfPage\":{\"@id\":\"https:\\\/\\\/les-myrtilles.com\\\/?page_id=143#primaryimage\"},\"image\":{\"@id\":\"https:\\\/\\\/les-myrtilles.com\\\/?page_id=143#primaryimage\"},\"thumbnailUrl\":\"https:\\\/\\\/les-myrtilles.com\\\/wp-content\\\/uploads\\\/2023\\\/02\\\/icon_512.png\",\"datePublished\":\"2023-02-28T10:15:52+00:00\",\"dateModified\":\"2026-02-18T09:41:52+00:00\",\"description\":\"Situ\u00e9 \u00e0 Saint-Pierreville en Ard\u00e8che, L'EHPAD les Myrtilles accueillent les personnes \u00e2g\u00e9es d\u00e9pendantes dans un cadre naturel privil\u00e9gi\u00e9.\",\"breadcrumb\":{\"@id\":\"https:\\\/\\\/les-myrtilles.com\\\/?page_id=143#breadcrumb\"},\"inLanguage\":\"fr-FR\",\"potentialAction\":[{\"@type\":\"ReadAction\",\"target\":[\"https:\\\/\\\/les-myrtilles.com\\\/?page_id=143\"]}]},{\"@type\":\"ImageObject\",\"inLanguage\":\"fr-FR\",\"@id\":\"https:\\\/\\\/les-myrtilles.com\\\/?page_id=143#primaryimage\",\"url\":\"https:\\\/\\\/les-myrtilles.com\\\/wp-content\\\/uploads\\\/2023\\\/02\\\/icon_512.png\",\"contentUrl\":\"https:\\\/\\\/les-myrtilles.com\\\/wp-content\\\/uploads\\\/2023\\\/02\\\/icon_512.png\",\"width\":512,\"height\":512,\"caption\":\"Ehpad les Myrtilles\"},{\"@type\":\"BreadcrumbList\",\"@id\":\"https:\\\/\\\/les-myrtilles.com\\\/?page_id=143#breadcrumb\",\"itemListElement\":[{\"@type\":\"ListItem\",\"position\":1,\"name\":\"Accueil\",\"item\":\"https:\\\/\\\/les-myrtilles.com\\\/\"},{\"@type\":\"ListItem\",\"position\":2,\"name\":\"Tarifs h\u00e9bergement \\\/ d\u00e9pendance\"}]},{\"@type\":\"WebSite\",\"@id\":\"https:\\\/\\\/les-myrtilles.com\\\/#website\",\"url\":\"https:\\\/\\\/les-myrtilles.com\\\/\",\"name\":\"E.H.P.A.D - Les myrtilles\",\"description\":\"Maison de retraite en Ard\u00e8che, E.H.P.A.D les Myrtilles \u00e0 Saint-Pierreville\",\"publisher\":{\"@id\":\"https:\\\/\\\/les-myrtilles.com\\\/#organization\"},\"potentialAction\":[{\"@type\":\"SearchAction\",\"target\":{\"@type\":\"EntryPoint\",\"urlTemplate\":\"https:\\\/\\\/les-myrtilles.com\\\/?s={search_term_string}\"},\"query-input\":{\"@type\":\"PropertyValueSpecification\",\"valueRequired\":true,\"valueName\":\"search_term_string\"}}],\"inLanguage\":\"fr-FR\"},{\"@type\":\"Organization\",\"@id\":\"https:\\\/\\\/les-myrtilles.com\\\/#organization\",\"name\":\"E.H.P.A.D - Les myrtilles\",\"url\":\"https:\\\/\\\/les-myrtilles.com\\\/\",\"logo\":{\"@type\":\"ImageObject\",\"inLanguage\":\"fr-FR\",\"@id\":\"https:\\\/\\\/les-myrtilles.com\\\/#\\\/schema\\\/logo\\\/image\\\/\",\"url\":\"https:\\\/\\\/les-myrtilles.com\\\/wp-content\\\/uploads\\\/2023\\\/02\\\/Logo-Les-Myrtilles.png\",\"contentUrl\":\"https:\\\/\\\/les-myrtilles.com\\\/wp-content\\\/uploads\\\/2023\\\/02\\\/Logo-Les-Myrtilles.png\",\"width\":450,\"height\":168,\"caption\":\"E.H.P.A.D - Les myrtilles\"},\"image\":{\"@id\":\"https:\\\/\\\/les-myrtilles.com\\\/#\\\/schema\\\/logo\\\/image\\\/\"},\"sameAs\":[\"https:\\\/\\\/www.facebook.com\\\/ehpadlesmyrtilles\"]}]}<\/script>\n<!-- \/ Yoast SEO plugin. -->","yoast_head_json":{"title":"Tarifs h\u00e9bergement \/ d\u00e9pendance - E.H.P.A.D - Les myrtilles","description":"Situ\u00e9 \u00e0 Saint-Pierreville en Ard\u00e8che, L'EHPAD les Myrtilles accueillent les personnes \u00e2g\u00e9es d\u00e9pendantes dans un cadre naturel privil\u00e9gi\u00e9.","robots":{"index":"index","follow":"follow","max-snippet":"max-snippet:-1","max-image-preview":"max-image-preview:large","max-video-preview":"max-video-preview:-1"},"canonical":"https:\/\/les-myrtilles.com\/?page_id=143","og_locale":"fr_FR","og_type":"article","og_title":"Tarifs h\u00e9bergement \/ d\u00e9pendance - E.H.P.A.D - Les myrtilles","og_description":"Situ\u00e9 \u00e0 Saint-Pierreville en Ard\u00e8che, L'EHPAD les Myrtilles accueillent les personnes \u00e2g\u00e9es d\u00e9pendantes dans un cadre naturel privil\u00e9gi\u00e9.","og_url":"https:\/\/les-myrtilles.com\/?page_id=143","og_site_name":"E.H.P.A.D - Les myrtilles","article_publisher":"https:\/\/www.facebook.com\/ehpadlesmyrtilles","article_modified_time":"2026-02-18T09:41:52+00:00","og_image":[{"width":512,"height":512,"url":"https:\/\/les-myrtilles.com\/wp-content\/uploads\/2023\/02\/icon_512.png","type":"image\/png"}],"twitter_card":"summary_large_image","twitter_misc":{"Dur\u00e9e de lecture estim\u00e9e":"3 minutes"},"schema":{"@context":"https:\/\/schema.org","@graph":[{"@type":"WebPage","@id":"https:\/\/les-myrtilles.com\/?page_id=143","url":"https:\/\/les-myrtilles.com\/?page_id=143","name":"Tarifs h\u00e9bergement \/ d\u00e9pendance - E.H.P.A.D - Les myrtilles","isPartOf":{"@id":"https:\/\/les-myrtilles.com\/#website"},"primaryImageOfPage":{"@id":"https:\/\/les-myrtilles.com\/?page_id=143#primaryimage"},"image":{"@id":"https:\/\/les-myrtilles.com\/?page_id=143#primaryimage"},"thumbnailUrl":"https:\/\/les-myrtilles.com\/wp-content\/uploads\/2023\/02\/icon_512.png","datePublished":"2023-02-28T10:15:52+00:00","dateModified":"2026-02-18T09:41:52+00:00","description":"Situ\u00e9 \u00e0 Saint-Pierreville en Ard\u00e8che, L'EHPAD les Myrtilles accueillent les personnes \u00e2g\u00e9es d\u00e9pendantes dans un cadre naturel privil\u00e9gi\u00e9.","breadcrumb":{"@id":"https:\/\/les-myrtilles.com\/?page_id=143#breadcrumb"},"inLanguage":"fr-FR","potentialAction":[{"@type":"ReadAction","target":["https:\/\/les-myrtilles.com\/?page_id=143"]}]},{"@type":"ImageObject","inLanguage":"fr-FR","@id":"https:\/\/les-myrtilles.com\/?page_id=143#primaryimage","url":"https:\/\/les-myrtilles.com\/wp-content\/uploads\/2023\/02\/icon_512.png","contentUrl":"https:\/\/les-myrtilles.com\/wp-content\/uploads\/2023\/02\/icon_512.png","width":512,"height":512,"caption":"Ehpad les Myrtilles"},{"@type":"BreadcrumbList","@id":"https:\/\/les-myrtilles.com\/?page_id=143#breadcrumb","itemListElement":[{"@type":"ListItem","position":1,"name":"Accueil","item":"https:\/\/les-myrtilles.com\/"},{"@type":"ListItem","position":2,"name":"Tarifs h\u00e9bergement \/ d\u00e9pendance"}]},{"@type":"WebSite","@id":"https:\/\/les-myrtilles.com\/#website","url":"https:\/\/les-myrtilles.com\/","name":"E.H.P.A.D - Les myrtilles","description":"Maison de retraite en Ard\u00e8che, E.H.P.A.D les Myrtilles \u00e0 Saint-Pierreville","publisher":{"@id":"https:\/\/les-myrtilles.com\/#organization"},"potentialAction":[{"@type":"SearchAction","target":{"@type":"EntryPoint","urlTemplate":"https:\/\/les-myrtilles.com\/?s={search_term_string}"},"query-input":{"@type":"PropertyValueSpecification","valueRequired":true,"valueName":"search_term_string"}}],"inLanguage":"fr-FR"},{"@type":"Organization","@id":"https:\/\/les-myrtilles.com\/#organization","name":"E.H.P.A.D - Les myrtilles","url":"https:\/\/les-myrtilles.com\/","logo":{"@type":"ImageObject","inLanguage":"fr-FR","@id":"https:\/\/les-myrtilles.com\/#\/schema\/logo\/image\/","url":"https:\/\/les-myrtilles.com\/wp-content\/uploads\/2023\/02\/Logo-Les-Myrtilles.png","contentUrl":"https:\/\/les-myrtilles.com\/wp-content\/uploads\/2023\/02\/Logo-Les-Myrtilles.png","width":450,"height":168,"caption":"E.H.P.A.D - Les myrtilles"},"image":{"@id":"https:\/\/les-myrtilles.com\/#\/schema\/logo\/image\/"},"sameAs":["https:\/\/www.facebook.com\/ehpadlesmyrtilles"]}]}},"_links":{"self":[{"href":"https:\/\/les-myrtilles.com\/index.php?rest_route=\/wp\/v2\/pages\/143","targetHints":{"allow":["GET"]}}],"collection":[{"href":"https:\/\/les-myrtilles.com\/index.php?rest_route=\/wp\/v2\/pages"}],"about":[{"href":"https:\/\/les-myrtilles.com\/index.php?rest_route=\/wp\/v2\/types\/page"}],"author":[{"embeddable":true,"href":"https:\/\/les-myrtilles.com\/index.php?rest_route=\/wp\/v2\/users\/1"}],"replies":[{"embeddable":true,"href":"https:\/\/les-myrtilles.com\/index.php?rest_route=%2Fwp%2Fv2%2Fcomments&post=143"}],"version-history":[{"count":17,"href":"https:\/\/les-myrtilles.com\/index.php?rest_route=\/wp\/v2\/pages\/143\/revisions"}],"predecessor-version":[{"id":1496,"href":"https:\/\/les-myrtilles.com\/index.php?rest_route=\/wp\/v2\/pages\/143\/revisions\/1496"}],"wp:featuredmedia":[{"embeddable":true,"href":"https:\/\/les-myrtilles.com\/index.php?rest_route=\/wp\/v2\/media\/21"}],"wp:attachment":[{"href":"https:\/\/les-myrtilles.com\/index.php?rest_route=%2Fwp%2Fv2%2Fmedia&parent=143"}],"curies":[{"name":"wp","href":"https:\/\/api.w.org\/{rel}","templated":true}]}}