{"id":169,"date":"2023-02-28T12:29:08","date_gmt":"2023-02-28T11:29:08","guid":{"rendered":"https:\/\/les-myrtilles.com\/?page_id=169"},"modified":"2023-10-20T09:53:41","modified_gmt":"2023-10-20T07:53:41","slug":"portage-de-repas","status":"publish","type":"page","link":"https:\/\/les-myrtilles.com\/?page_id=169","title":{"rendered":"Portage de repas"},"content":{"rendered":"\n[et_pb_section fb_built=\u00a0\u00bb1&Prime; next_background_color=\u00a0\u00bb#eeeeee\u00a0\u00bb _builder_version=\u00a0\u00bb4.20.0&Prime; _module_preset=\u00a0\u00bbdefault\u00a0\u00bb background_image=\u00a0\u00bbhttp:\/\/les-myrtilles.com\/wp-content\/uploads\/2023\/03\/entete_1280x400_02_bis.jpg\u00a0\u00bb height=\u00a0\u00bb400px\u00a0\u00bb custom_margin=\u00a0\u00bb0px||||false|false\u00a0\u00bb bottom_divider_style=\u00a0\u00bbwave2&Prime; bottom_divider_height=\u00a0\u00bb70px\u00a0\u00bb animation_style=\u00a0\u00bbfade\u00a0\u00bb global_colors_info=\u00a0\u00bb{}\u00a0\u00bb][\/et_pb_section][et_pb_section fb_built=\u00a0\u00bb1&Prime; _builder_version=\u00a0\u00bb4.20.4&Prime; _module_preset=\u00a0\u00bbdefault\u00a0\u00bb background_color=\u00a0\u00bb#eeeeee\u00a0\u00bb custom_padding=\u00a0\u00bb6px||5px|||\u00a0\u00bb global_colors_info=\u00a0\u00bb{}\u00a0\u00bb][et_pb_row _builder_version=\u00a0\u00bb4.20.0&Prime; _module_preset=\u00a0\u00bbdefault\u00a0\u00bb global_colors_info=\u00a0\u00bb{}\u00a0\u00bb][et_pb_column type=\u00a0\u00bb4_4&Prime; _builder_version=\u00a0\u00bb4.20.0&Prime; _module_preset=\u00a0\u00bbdefault\u00a0\u00bb global_colors_info=\u00a0\u00bb{}\u00a0\u00bb][et_pb_post_title meta=\u00a0\u00bboff\u00a0\u00bb featured_image=\u00a0\u00bboff\u00a0\u00bb text_color=\u00a0\u00bblight\u00a0\u00bb _builder_version=\u00a0\u00bb4.20.0&Prime; _module_preset=\u00a0\u00bbdefault\u00a0\u00bb title_font=\u00a0\u00bb||||||||\u00a0\u00bb background_color=\u00a0\u00bb#002f5f\u00a0\u00bb custom_padding=\u00a0\u00bb7px|||4px|false|false\u00a0\u00bb border_radii=\u00a0\u00bbon|4px|4px|4px|4px\u00a0\u00bb global_colors_info=\u00a0\u00bb{}\u00a0\u00bb][\/et_pb_post_title][\/et_pb_column][\/et_pb_row][\/et_pb_section][et_pb_section fb_built=\u00a0\u00bb1&Prime; _builder_version=\u00a0\u00bb4.20.4&Prime; _module_preset=\u00a0\u00bbdefault\u00a0\u00bb background_color=\u00a0\u00bb#eeeeee\u00a0\u00bb custom_padding=\u00a0\u00bb4px|||||\u00a0\u00bb bottom_divider_style=\u00a0\u00bbwave2&Prime; bottom_divider_color=\u00a0\u00bb#d0bfdb\u00a0\u00bb bottom_divider_height=\u00a0\u00bb40px\u00a0\u00bb global_colors_info=\u00a0\u00bb{}\u00a0\u00bb][et_pb_row column_structure=\u00a0\u00bb2_3,1_3&Prime; _builder_version=\u00a0\u00bb4.20.0&Prime; _module_preset=\u00a0\u00bbdefault\u00a0\u00bb global_colors_info=\u00a0\u00bb{}\u00a0\u00bb][et_pb_column type=\u00a0\u00bb2_3&Prime; _builder_version=\u00a0\u00bb4.20.0&Prime; _module_preset=\u00a0\u00bbdefault\u00a0\u00bb global_colors_info=\u00a0\u00bb{}\u00a0\u00bb][et_pb_text _builder_version=\u00a0\u00bb4.21.0&Prime; _module_preset=\u00a0\u00bbdefault\u00a0\u00bb hover_enabled=\u00a0\u00bb0&Prime; global_colors_info=\u00a0\u00bb{}\u00a0\u00bb sticky_enabled=\u00a0\u00bb0&Prime;]<p><strong>Repas \u00e0 domicile :<\/strong><\/p>\n<p>Le CCAS, par l\u2019interm\u00e9diaire du service cuisines des Myrtilles, propose la livraison de repas \u00e0 domicile <strong>le midi, du lundi au vendredi, pour les personnes domicili\u00e9es sur la commune de St-Pierreville.<\/strong><\/p>\n<p><em>Pour toute information compl\u00e9mentaire, veuillez contacter le secr\u00e9tariat de l\u2019EHPAD au 04.75.66.61.46<\/em><\/p>[\/et_pb_text][\/et_pb_column][et_pb_column type=\u00a0\u00bb1_3&Prime; _builder_version=\u00a0\u00bb4.20.0&Prime; _module_preset=\u00a0\u00bbdefault\u00a0\u00bb global_colors_info=\u00a0\u00bb{}\u00a0\u00bb][et_pb_text _builder_version=\u00a0\u00bb4.21.0&Prime; _module_preset=\u00a0\u00bbdefault\u00a0\u00bb text_text_color=\u00a0\u00bb#FFFFFF\u00a0\u00bb background_color=\u00a0\u00bb#d0bfdb\u00a0\u00bb custom_padding=\u00a0\u00bb3px|3px|3px|3px|true|true\u00a0\u00bb hover_enabled=\u00a0\u00bb0&Prime; border_radii=\u00a0\u00bbon|5px|5px|5px|5px\u00a0\u00bb global_colors_info=\u00a0\u00bb{}\u00a0\u00bb sticky_enabled=\u00a0\u00bb0&Prime;]<p style=\"text-align: center;\"><span style=\"color: #002f5f;\"><strong>* Documents \u00e0 t\u00e9l\u00e9charger *<\/strong><\/span><\/p>\n<p style=\"text-align: center;\"><a href=\"http:\/\/les-myrtilles.com\/wp-content\/uploads\/2023\/02\/Livret-accueil-SSIAD-2014.pdf\" target=\"_blank\" rel=\"noopener\"><\/a><\/p>\n<p style=\"text-align: center;\"><a href=\"http:\/\/les-myrtilles.com\/wp-content\/uploads\/2023\/02\/CHARTE-PORTAGE-DE-REPAS-A-DOMICILE.pdf\" target=\"_blank\" rel=\"noopener\"><img loading=\"lazy\" decoding=\"async\" src=\"http:\/\/les-myrtilles.com\/wp-content\/uploads\/2023\/04\/icon_pdf_bleu.png\" width=\"41\" height=\"50\" alt=\"Icone PDF \" class=\"wp-image-76 alignnone size-full\" style=\"display: block; margin-left: auto; margin-right: auto;\" \/><span>Charte portage de repas \u00e0 domicile<\/span><\/a><\/p>\n<p style=\"text-align: center;\"><a href=\"http:\/\/les-myrtilles.com\/wp-content\/uploads\/2023\/02\/PLAQUETTE-MYRTILLES.pdf\" target=\"_blank\" rel=\"noopener\"><\/a><\/p>[\/et_pb_text][\/et_pb_column][\/et_pb_row][\/et_pb_section]\n","protected":false},"excerpt":{"rendered":"<p>Repas \u00e0 domicile : Le CCAS, par l\u2019interm\u00e9diaire du service cuisines des Myrtilles, propose la livraison de repas \u00e0 domicile le midi, du lundi au vendredi, pour les personnes domicili\u00e9es sur la commune de St-Pierreville. Pour toute information compl\u00e9mentaire, veuillez contacter le secr\u00e9tariat de l\u2019EHPAD au 04.75.66.61.46* Documents \u00e0 t\u00e9l\u00e9charger * Charte portage de repas [&hellip;]<\/p>\n","protected":false},"author":1,"featured_media":21,"parent":0,"menu_order":0,"comment_status":"closed","ping_status":"closed","template":"","meta":{"_et_pb_use_builder":"on","_et_pb_old_content":"","_et_gb_content_width":"","footnotes":""},"class_list":["post-169","page","type-page","status-publish","has-post-thumbnail","hentry"],"yoast_head":"<!-- This site is optimized with the Yoast SEO plugin v27.3 - https:\/\/yoast.com\/product\/yoast-seo-wordpress\/ -->\n<title>Portage de repas - E.H.P.A.D - Les myrtilles<\/title>\n<meta name=\"description\" content=\"Situ\u00e9 \u00e0 Saint-Pierreville en Ard\u00e8che, L&#039;EHPAD les Myrtilles accueillent les personnes \u00e2g\u00e9es d\u00e9pendantes dans un cadre naturel privil\u00e9gi\u00e9.\" \/>\n<meta name=\"robots\" content=\"index, follow, max-snippet:-1, max-image-preview:large, max-video-preview:-1\" \/>\n<link rel=\"canonical\" href=\"https:\/\/les-myrtilles.com\/?page_id=169\" \/>\n<meta property=\"og:locale\" content=\"fr_FR\" \/>\n<meta property=\"og:type\" content=\"article\" \/>\n<meta property=\"og:title\" content=\"Portage de repas - E.H.P.A.D - Les myrtilles\" \/>\n<meta property=\"og:description\" content=\"Situ\u00e9 \u00e0 Saint-Pierreville en Ard\u00e8che, L&#039;EHPAD les Myrtilles accueillent les personnes \u00e2g\u00e9es d\u00e9pendantes dans un cadre naturel privil\u00e9gi\u00e9.\" \/>\n<meta property=\"og:url\" content=\"https:\/\/les-myrtilles.com\/?page_id=169\" \/>\n<meta property=\"og:site_name\" content=\"E.H.P.A.D - Les myrtilles\" \/>\n<meta property=\"article:publisher\" content=\"https:\/\/www.facebook.com\/ehpadlesmyrtilles\" \/>\n<meta property=\"article:modified_time\" content=\"2023-10-20T07:53:41+00:00\" \/>\n<meta property=\"og:image\" content=\"https:\/\/les-myrtilles.com\/wp-content\/uploads\/2023\/02\/icon_512.png\" \/>\n\t<meta property=\"og:image:width\" content=\"512\" \/>\n\t<meta property=\"og:image:height\" content=\"512\" \/>\n\t<meta property=\"og:image:type\" content=\"image\/png\" \/>\n<meta name=\"twitter:card\" content=\"summary_large_image\" \/>\n<meta name=\"twitter:label1\" content=\"Dur\u00e9e de lecture estim\u00e9e\" \/>\n\t<meta name=\"twitter:data1\" content=\"1 minute\" \/>\n<script type=\"application\/ld+json\" class=\"yoast-schema-graph\">{\"@context\":\"https:\\\/\\\/schema.org\",\"@graph\":[{\"@type\":\"WebPage\",\"@id\":\"https:\\\/\\\/les-myrtilles.com\\\/?page_id=169\",\"url\":\"https:\\\/\\\/les-myrtilles.com\\\/?page_id=169\",\"name\":\"Portage de repas - E.H.P.A.D - Les myrtilles\",\"isPartOf\":{\"@id\":\"https:\\\/\\\/les-myrtilles.com\\\/#website\"},\"primaryImageOfPage\":{\"@id\":\"https:\\\/\\\/les-myrtilles.com\\\/?page_id=169#primaryimage\"},\"image\":{\"@id\":\"https:\\\/\\\/les-myrtilles.com\\\/?page_id=169#primaryimage\"},\"thumbnailUrl\":\"https:\\\/\\\/les-myrtilles.com\\\/wp-content\\\/uploads\\\/2023\\\/02\\\/icon_512.png\",\"datePublished\":\"2023-02-28T11:29:08+00:00\",\"dateModified\":\"2023-10-20T07:53:41+00:00\",\"description\":\"Situ\u00e9 \u00e0 Saint-Pierreville en Ard\u00e8che, L'EHPAD les Myrtilles accueillent les personnes \u00e2g\u00e9es d\u00e9pendantes dans un cadre naturel privil\u00e9gi\u00e9.\",\"breadcrumb\":{\"@id\":\"https:\\\/\\\/les-myrtilles.com\\\/?page_id=169#breadcrumb\"},\"inLanguage\":\"fr-FR\",\"potentialAction\":[{\"@type\":\"ReadAction\",\"target\":[\"https:\\\/\\\/les-myrtilles.com\\\/?page_id=169\"]}]},{\"@type\":\"ImageObject\",\"inLanguage\":\"fr-FR\",\"@id\":\"https:\\\/\\\/les-myrtilles.com\\\/?page_id=169#primaryimage\",\"url\":\"https:\\\/\\\/les-myrtilles.com\\\/wp-content\\\/uploads\\\/2023\\\/02\\\/icon_512.png\",\"contentUrl\":\"https:\\\/\\\/les-myrtilles.com\\\/wp-content\\\/uploads\\\/2023\\\/02\\\/icon_512.png\",\"width\":512,\"height\":512,\"caption\":\"Ehpad les Myrtilles\"},{\"@type\":\"BreadcrumbList\",\"@id\":\"https:\\\/\\\/les-myrtilles.com\\\/?page_id=169#breadcrumb\",\"itemListElement\":[{\"@type\":\"ListItem\",\"position\":1,\"name\":\"Accueil\",\"item\":\"https:\\\/\\\/les-myrtilles.com\\\/\"},{\"@type\":\"ListItem\",\"position\":2,\"name\":\"Portage de repas\"}]},{\"@type\":\"WebSite\",\"@id\":\"https:\\\/\\\/les-myrtilles.com\\\/#website\",\"url\":\"https:\\\/\\\/les-myrtilles.com\\\/\",\"name\":\"E.H.P.A.D - Les myrtilles\",\"description\":\"Maison de retraite en Ard\u00e8che, E.H.P.A.D les Myrtilles \u00e0 Saint-Pierreville\",\"publisher\":{\"@id\":\"https:\\\/\\\/les-myrtilles.com\\\/#organization\"},\"potentialAction\":[{\"@type\":\"SearchAction\",\"target\":{\"@type\":\"EntryPoint\",\"urlTemplate\":\"https:\\\/\\\/les-myrtilles.com\\\/?s={search_term_string}\"},\"query-input\":{\"@type\":\"PropertyValueSpecification\",\"valueRequired\":true,\"valueName\":\"search_term_string\"}}],\"inLanguage\":\"fr-FR\"},{\"@type\":\"Organization\",\"@id\":\"https:\\\/\\\/les-myrtilles.com\\\/#organization\",\"name\":\"E.H.P.A.D - Les myrtilles\",\"url\":\"https:\\\/\\\/les-myrtilles.com\\\/\",\"logo\":{\"@type\":\"ImageObject\",\"inLanguage\":\"fr-FR\",\"@id\":\"https:\\\/\\\/les-myrtilles.com\\\/#\\\/schema\\\/logo\\\/image\\\/\",\"url\":\"https:\\\/\\\/les-myrtilles.com\\\/wp-content\\\/uploads\\\/2023\\\/02\\\/Logo-Les-Myrtilles.png\",\"contentUrl\":\"https:\\\/\\\/les-myrtilles.com\\\/wp-content\\\/uploads\\\/2023\\\/02\\\/Logo-Les-Myrtilles.png\",\"width\":450,\"height\":168,\"caption\":\"E.H.P.A.D - Les myrtilles\"},\"image\":{\"@id\":\"https:\\\/\\\/les-myrtilles.com\\\/#\\\/schema\\\/logo\\\/image\\\/\"},\"sameAs\":[\"https:\\\/\\\/www.facebook.com\\\/ehpadlesmyrtilles\"]}]}<\/script>\n<!-- \/ Yoast SEO plugin. -->","yoast_head_json":{"title":"Portage de repas - E.H.P.A.D - Les myrtilles","description":"Situ\u00e9 \u00e0 Saint-Pierreville en Ard\u00e8che, L'EHPAD les Myrtilles accueillent les personnes \u00e2g\u00e9es d\u00e9pendantes dans un cadre naturel privil\u00e9gi\u00e9.","robots":{"index":"index","follow":"follow","max-snippet":"max-snippet:-1","max-image-preview":"max-image-preview:large","max-video-preview":"max-video-preview:-1"},"canonical":"https:\/\/les-myrtilles.com\/?page_id=169","og_locale":"fr_FR","og_type":"article","og_title":"Portage de repas - E.H.P.A.D - Les myrtilles","og_description":"Situ\u00e9 \u00e0 Saint-Pierreville en Ard\u00e8che, L'EHPAD les Myrtilles accueillent les personnes \u00e2g\u00e9es d\u00e9pendantes dans un cadre naturel privil\u00e9gi\u00e9.","og_url":"https:\/\/les-myrtilles.com\/?page_id=169","og_site_name":"E.H.P.A.D - Les myrtilles","article_publisher":"https:\/\/www.facebook.com\/ehpadlesmyrtilles","article_modified_time":"2023-10-20T07:53:41+00:00","og_image":[{"width":512,"height":512,"url":"https:\/\/les-myrtilles.com\/wp-content\/uploads\/2023\/02\/icon_512.png","type":"image\/png"}],"twitter_card":"summary_large_image","twitter_misc":{"Dur\u00e9e de lecture estim\u00e9e":"1 minute"},"schema":{"@context":"https:\/\/schema.org","@graph":[{"@type":"WebPage","@id":"https:\/\/les-myrtilles.com\/?page_id=169","url":"https:\/\/les-myrtilles.com\/?page_id=169","name":"Portage de repas - E.H.P.A.D - Les myrtilles","isPartOf":{"@id":"https:\/\/les-myrtilles.com\/#website"},"primaryImageOfPage":{"@id":"https:\/\/les-myrtilles.com\/?page_id=169#primaryimage"},"image":{"@id":"https:\/\/les-myrtilles.com\/?page_id=169#primaryimage"},"thumbnailUrl":"https:\/\/les-myrtilles.com\/wp-content\/uploads\/2023\/02\/icon_512.png","datePublished":"2023-02-28T11:29:08+00:00","dateModified":"2023-10-20T07:53:41+00:00","description":"Situ\u00e9 \u00e0 Saint-Pierreville en Ard\u00e8che, L'EHPAD les Myrtilles accueillent les personnes \u00e2g\u00e9es d\u00e9pendantes dans un cadre naturel privil\u00e9gi\u00e9.","breadcrumb":{"@id":"https:\/\/les-myrtilles.com\/?page_id=169#breadcrumb"},"inLanguage":"fr-FR","potentialAction":[{"@type":"ReadAction","target":["https:\/\/les-myrtilles.com\/?page_id=169"]}]},{"@type":"ImageObject","inLanguage":"fr-FR","@id":"https:\/\/les-myrtilles.com\/?page_id=169#primaryimage","url":"https:\/\/les-myrtilles.com\/wp-content\/uploads\/2023\/02\/icon_512.png","contentUrl":"https:\/\/les-myrtilles.com\/wp-content\/uploads\/2023\/02\/icon_512.png","width":512,"height":512,"caption":"Ehpad les Myrtilles"},{"@type":"BreadcrumbList","@id":"https:\/\/les-myrtilles.com\/?page_id=169#breadcrumb","itemListElement":[{"@type":"ListItem","position":1,"name":"Accueil","item":"https:\/\/les-myrtilles.com\/"},{"@type":"ListItem","position":2,"name":"Portage de repas"}]},{"@type":"WebSite","@id":"https:\/\/les-myrtilles.com\/#website","url":"https:\/\/les-myrtilles.com\/","name":"E.H.P.A.D - Les myrtilles","description":"Maison de retraite en Ard\u00e8che, E.H.P.A.D les Myrtilles \u00e0 Saint-Pierreville","publisher":{"@id":"https:\/\/les-myrtilles.com\/#organization"},"potentialAction":[{"@type":"SearchAction","target":{"@type":"EntryPoint","urlTemplate":"https:\/\/les-myrtilles.com\/?s={search_term_string}"},"query-input":{"@type":"PropertyValueSpecification","valueRequired":true,"valueName":"search_term_string"}}],"inLanguage":"fr-FR"},{"@type":"Organization","@id":"https:\/\/les-myrtilles.com\/#organization","name":"E.H.P.A.D - Les myrtilles","url":"https:\/\/les-myrtilles.com\/","logo":{"@type":"ImageObject","inLanguage":"fr-FR","@id":"https:\/\/les-myrtilles.com\/#\/schema\/logo\/image\/","url":"https:\/\/les-myrtilles.com\/wp-content\/uploads\/2023\/02\/Logo-Les-Myrtilles.png","contentUrl":"https:\/\/les-myrtilles.com\/wp-content\/uploads\/2023\/02\/Logo-Les-Myrtilles.png","width":450,"height":168,"caption":"E.H.P.A.D - Les myrtilles"},"image":{"@id":"https:\/\/les-myrtilles.com\/#\/schema\/logo\/image\/"},"sameAs":["https:\/\/www.facebook.com\/ehpadlesmyrtilles"]}]}},"_links":{"self":[{"href":"https:\/\/les-myrtilles.com\/index.php?rest_route=\/wp\/v2\/pages\/169","targetHints":{"allow":["GET"]}}],"collection":[{"href":"https:\/\/les-myrtilles.com\/index.php?rest_route=\/wp\/v2\/pages"}],"about":[{"href":"https:\/\/les-myrtilles.com\/index.php?rest_route=\/wp\/v2\/types\/page"}],"author":[{"embeddable":true,"href":"https:\/\/les-myrtilles.com\/index.php?rest_route=\/wp\/v2\/users\/1"}],"replies":[{"embeddable":true,"href":"https:\/\/les-myrtilles.com\/index.php?rest_route=%2Fwp%2Fv2%2Fcomments&post=169"}],"version-history":[{"count":8,"href":"https:\/\/les-myrtilles.com\/index.php?rest_route=\/wp\/v2\/pages\/169\/revisions"}],"predecessor-version":[{"id":847,"href":"https:\/\/les-myrtilles.com\/index.php?rest_route=\/wp\/v2\/pages\/169\/revisions\/847"}],"wp:featuredmedia":[{"embeddable":true,"href":"https:\/\/les-myrtilles.com\/index.php?rest_route=\/wp\/v2\/media\/21"}],"wp:attachment":[{"href":"https:\/\/les-myrtilles.com\/index.php?rest_route=%2Fwp%2Fv2%2Fmedia&parent=169"}],"curies":[{"name":"wp","href":"https:\/\/api.w.org\/{rel}","templated":true}]}}