{"id":227,"date":"2023-02-28T14:35:00","date_gmt":"2023-02-28T13:35:00","guid":{"rendered":"https:\/\/les-myrtilles.com\/?page_id=227"},"modified":"2023-10-20T09:51:43","modified_gmt":"2023-10-20T07:51:43","slug":"les-activites","status":"publish","type":"page","link":"https:\/\/les-myrtilles.com\/?page_id=227","title":{"rendered":"Les activit\u00e9s"},"content":{"rendered":"\n[et_pb_section fb_built=\u00a0\u00bb1&Prime; next_background_color=\u00a0\u00bb#eeeeee\u00a0\u00bb _builder_version=\u00a0\u00bb4.20.0&Prime; _module_preset=\u00a0\u00bbdefault\u00a0\u00bb background_image=\u00a0\u00bbhttp:\/\/les-myrtilles.com\/wp-content\/uploads\/2023\/02\/entete_1280x400_03.jpg\u00a0\u00bb height=\u00a0\u00bb400px\u00a0\u00bb custom_margin=\u00a0\u00bb0px||||false|false\u00a0\u00bb bottom_divider_style=\u00a0\u00bbwave2&Prime; bottom_divider_height=\u00a0\u00bb70px\u00a0\u00bb animation_style=\u00a0\u00bbfade\u00a0\u00bb global_colors_info=\u00a0\u00bb{}\u00a0\u00bb][\/et_pb_section][et_pb_section fb_built=\u00a0\u00bb1&Prime; _builder_version=\u00a0\u00bb4.20.4&Prime; _module_preset=\u00a0\u00bbdefault\u00a0\u00bb background_color=\u00a0\u00bb#eeeeee\u00a0\u00bb custom_padding=\u00a0\u00bb6px||5px|||\u00a0\u00bb global_colors_info=\u00a0\u00bb{}\u00a0\u00bb][et_pb_row _builder_version=\u00a0\u00bb4.20.0&Prime; _module_preset=\u00a0\u00bbdefault\u00a0\u00bb global_colors_info=\u00a0\u00bb{}\u00a0\u00bb][et_pb_column type=\u00a0\u00bb4_4&Prime; _builder_version=\u00a0\u00bb4.20.0&Prime; _module_preset=\u00a0\u00bbdefault\u00a0\u00bb global_colors_info=\u00a0\u00bb{}\u00a0\u00bb][et_pb_post_title meta=\u00a0\u00bboff\u00a0\u00bb featured_image=\u00a0\u00bboff\u00a0\u00bb text_color=\u00a0\u00bblight\u00a0\u00bb _builder_version=\u00a0\u00bb4.20.0&Prime; _module_preset=\u00a0\u00bbdefault\u00a0\u00bb title_font=\u00a0\u00bb||||||||\u00a0\u00bb background_color=\u00a0\u00bb#002f5f\u00a0\u00bb custom_padding=\u00a0\u00bb7px|||4px|false|false\u00a0\u00bb border_radii=\u00a0\u00bbon|4px|4px|4px|4px\u00a0\u00bb global_colors_info=\u00a0\u00bb{}\u00a0\u00bb][\/et_pb_post_title][\/et_pb_column][\/et_pb_row][\/et_pb_section][et_pb_section fb_built=\u00a0\u00bb1&Prime; _builder_version=\u00a0\u00bb4.20.4&Prime; _module_preset=\u00a0\u00bbdefault\u00a0\u00bb background_color=\u00a0\u00bb#eeeeee\u00a0\u00bb custom_padding=\u00a0\u00bb4px||7px|||\u00a0\u00bb bottom_divider_color=\u00a0\u00bb#4c922a\u00a0\u00bb bottom_divider_height=\u00a0\u00bb40px\u00a0\u00bb global_colors_info=\u00a0\u00bb{}\u00a0\u00bb][et_pb_row column_structure=\u00a0\u00bb3_5,2_5&Prime; _builder_version=\u00a0\u00bb4.20.0&Prime; _module_preset=\u00a0\u00bbdefault\u00a0\u00bb global_colors_info=\u00a0\u00bb{}\u00a0\u00bb][et_pb_column type=\u00a0\u00bb3_5&Prime; _builder_version=\u00a0\u00bb4.20.0&Prime; _module_preset=\u00a0\u00bbdefault\u00a0\u00bb global_colors_info=\u00a0\u00bb{}\u00a0\u00bb][et_pb_text _builder_version=\u00a0\u00bb4.20.0&Prime; _module_preset=\u00a0\u00bbdefault\u00a0\u00bb global_colors_info=\u00a0\u00bb{}\u00a0\u00bb]<p><span style=\"color: #4c922a;\"><strong>Vie sociale et animation<br \/>Aux Myrtilles, l\u2019animation est l\u2019affaire de tous !<\/strong><\/span><\/p>\n<p>La diversit\u00e9 du potentiel humain de l\u2019\u00e9tablissement est mise enti\u00e8rement au service du r\u00e9sident. Du lev\u00e9 jusqu\u2019au soir, vous pouvez compter sur une \u00e9quipe qualifi\u00e9e, dynamique et souriante afin de vous accompagner au mieux dans votre quotidien.<br \/><strong>Ici tout le monde est acteur de ses journ\u00e9es.<\/strong><br \/>Pour ce faire, en collaboration avec l\u2019\u00e9quipe pluridisciplinaire, une animatrice \u00e0 temps plein, propose des activit\u00e9s vari\u00e9es, innovantes et adapt\u00e9es, tout en prenant en compte les besoins, les attentes et d\u00e9sirs de chacun.<\/p>\n<p>Pour nous, le r\u00f4le premier de l\u2019animation est de pr\u00e9server et stimuler au maximum les capacit\u00e9s de tous. Et ainsi vous permettre de vivre en institution, en se sentant comme \u00e0 la maison !<\/p>\n<p>Notre animatrice, bien que r\u00e9put\u00e9e comme une grande n\u00e9gociatrice, respecte un principe simple : proposer sans jamais imposer !<\/p>\n<p><strong>Ainsi, s\u2019ils le souhaitent, les r\u00e9sidents peuvent participer aux animations hebdomadaires telles que :<\/strong><br \/>Gym douce, Caf\u00e9 Infos, bien-\u00eatre, jeux, Repas th\u00e9rapeutiques, Ateliers Manuels, Activit\u00e9s Montessori, D\u00e9bats Citoyen, Atelier M\u00e9moire, Chant, Jeux Oraux, Cuisine, jardinage aux beaux jours, etc.<\/p>\n<p>L\u2019animatrice prend \u00e9galement le temps d\u2019un accompagnement individualis\u00e9 avec les r\u00e9sidents les plus d\u00e9pendants.<\/p>\n<p>Parall\u00e8lement \u00e0 ces animations, des projets p\u00e9rennes en partenariat avec des acteurs ext\u00e9rieurs de notre territoire se sont mis en place :<br \/><strong>Les apr\u00e8s-midi jeux ou repas partag\u00e9s avec les enfants du Centre de Loisirs de Saint-Pierreville, et les sorties Piscine avec l\u2019EHPAD de Marcols les Eaux, des rencontres inter-ehpad\u2026<\/strong><\/p>\n<p>Vous avez des id\u00e9es, vous souhaitez vous investir pour quelques visites aupr\u00e8s des r\u00e9sidents, n\u2019h\u00e9sitez pas \u00e0 nous rencontrer.<\/p>[\/et_pb_text][\/et_pb_column][et_pb_column type=\u00a0\u00bb2_5&Prime; _builder_version=\u00a0\u00bb4.20.0&Prime; _module_preset=\u00a0\u00bbdefault\u00a0\u00bb global_colors_info=\u00a0\u00bb{}\u00a0\u00bb][et_pb_image src=\u00a0\u00bbhttp:\/\/les-myrtilles.com\/wp-content\/uploads\/2023\/02\/IMG_0729-1024&#215;768-1.jpg\u00a0\u00bb alt=\u00a0\u00bbEhpad les Myrtilles\u00a0\u00bb title_text=\u00a0\u00bbIMG_0729-1024&#215;768&Prime; _builder_version=\u00a0\u00bb4.20.4&Prime; _module_preset=\u00a0\u00bbdefault\u00a0\u00bb global_colors_info=\u00a0\u00bb{}\u00a0\u00bb][\/et_pb_image][et_pb_image src=\u00a0\u00bbhttp:\/\/les-myrtilles.com\/wp-content\/uploads\/2023\/02\/IMG20200421151200-1024&#215;768-1.jpg\u00a0\u00bb alt=\u00a0\u00bbEhpad les Myrtilles\u00a0\u00bb title_text=\u00a0\u00bbIMG20200421151200-1024&#215;768&Prime; _builder_version=\u00a0\u00bb4.20.4&Prime; _module_preset=\u00a0\u00bbdefault\u00a0\u00bb global_colors_info=\u00a0\u00bb{}\u00a0\u00bb][\/et_pb_image][\/et_pb_column][\/et_pb_row][\/et_pb_section][et_pb_section fb_built=\u00a0\u00bb1&Prime; _builder_version=\u00a0\u00bb4.20.4&Prime; _module_preset=\u00a0\u00bbdefault\u00a0\u00bb custom_padding=\u00a0\u00bb18px|||||\u00a0\u00bb bottom_divider_color=\u00a0\u00bb#4c922a\u00a0\u00bb bottom_divider_height=\u00a0\u00bb35px\u00a0\u00bb global_colors_info=\u00a0\u00bb{}\u00a0\u00bb][et_pb_row _builder_version=\u00a0\u00bb4.20.0&Prime; _module_preset=\u00a0\u00bbdefault\u00a0\u00bb global_colors_info=\u00a0\u00bb{}\u00a0\u00bb][et_pb_column type=\u00a0\u00bb4_4&Prime; _builder_version=\u00a0\u00bb4.20.0&Prime; _module_preset=\u00a0\u00bbdefault\u00a0\u00bb global_colors_info=\u00a0\u00bb{}\u00a0\u00bb][et_pb_text _builder_version=\u00a0\u00bb4.20.4&Prime; _module_preset=\u00a0\u00bbdefault\u00a0\u00bb global_colors_info=\u00a0\u00bb{}\u00a0\u00bb]<h4><span style=\"color: #4c922a;\">D\u00e9couvrez nos animations<\/span><\/h4>[\/et_pb_text][et_pb_blog fullwidth=\u00a0\u00bboff\u00a0\u00bb posts_number=\u00a0\u00bb4&Prime; include_categories=\u00a0\u00bb8&Prime; show_author=\u00a0\u00bboff\u00a0\u00bb _builder_version=\u00a0\u00bb4.21.0&Prime; _module_preset=\u00a0\u00bbdefault\u00a0\u00bb header_text_color=\u00a0\u00bb#4c922a\u00a0\u00bb hover_enabled=\u00a0\u00bb0&Prime; global_colors_info=\u00a0\u00bb{}\u00a0\u00bb show_date=\u00a0\u00bboff\u00a0\u00bb show_excerpt=\u00a0\u00bboff\u00a0\u00bb sticky_enabled=\u00a0\u00bb0&Prime;][\/et_pb_blog][\/et_pb_column][\/et_pb_row][\/et_pb_section][et_pb_section fb_built=\u00a0\u00bb1&Prime; _builder_version=\u00a0\u00bb4.20.4&Prime; _module_preset=\u00a0\u00bbdefault\u00a0\u00bb custom_padding=\u00a0\u00bb4px|||||\u00a0\u00bb bottom_divider_style=\u00a0\u00bbwave2&Prime; bottom_divider_color=\u00a0\u00bb#d0bfdb\u00a0\u00bb bottom_divider_height=\u00a0\u00bb40px\u00a0\u00bb global_colors_info=\u00a0\u00bb{}\u00a0\u00bb][\/et_pb_section]\n","protected":false},"excerpt":{"rendered":"<p>Vie sociale et animationAux Myrtilles, l\u2019animation est l\u2019affaire de tous ! La diversit\u00e9 du potentiel humain de l\u2019\u00e9tablissement est mise enti\u00e8rement au service du r\u00e9sident. Du lev\u00e9 jusqu\u2019au soir, vous pouvez compter sur une \u00e9quipe qualifi\u00e9e, dynamique et souriante afin de vous accompagner au mieux dans votre quotidien.Ici tout le monde est acteur de ses [&hellip;]<\/p>\n","protected":false},"author":1,"featured_media":21,"parent":0,"menu_order":0,"comment_status":"closed","ping_status":"closed","template":"","meta":{"_et_pb_use_builder":"on","_et_pb_old_content":"","_et_gb_content_width":"","footnotes":""},"class_list":["post-227","page","type-page","status-publish","has-post-thumbnail","hentry"],"yoast_head":"<!-- This site is optimized with the Yoast SEO plugin v27.3 - https:\/\/yoast.com\/product\/yoast-seo-wordpress\/ -->\n<title>Les activit\u00e9s - E.H.P.A.D - Les myrtilles<\/title>\n<meta name=\"description\" content=\"Situ\u00e9 \u00e0 Saint-Pierreville en Ard\u00e8che, L&#039;EHPAD les Myrtilles accueillent les personnes \u00e2g\u00e9es d\u00e9pendantes dans un cadre naturel privil\u00e9gi\u00e9.\" \/>\n<meta name=\"robots\" content=\"index, follow, max-snippet:-1, max-image-preview:large, max-video-preview:-1\" \/>\n<link rel=\"canonical\" href=\"https:\/\/les-myrtilles.com\/?page_id=227\" \/>\n<meta property=\"og:locale\" content=\"fr_FR\" \/>\n<meta property=\"og:type\" content=\"article\" \/>\n<meta property=\"og:title\" content=\"Les activit\u00e9s - E.H.P.A.D - Les myrtilles\" \/>\n<meta property=\"og:description\" content=\"Situ\u00e9 \u00e0 Saint-Pierreville en Ard\u00e8che, L&#039;EHPAD les Myrtilles accueillent les personnes \u00e2g\u00e9es d\u00e9pendantes dans un cadre naturel privil\u00e9gi\u00e9.\" \/>\n<meta property=\"og:url\" content=\"https:\/\/les-myrtilles.com\/?page_id=227\" \/>\n<meta property=\"og:site_name\" content=\"E.H.P.A.D - Les myrtilles\" \/>\n<meta property=\"article:publisher\" content=\"https:\/\/www.facebook.com\/ehpadlesmyrtilles\" \/>\n<meta property=\"article:modified_time\" content=\"2023-10-20T07:51:43+00:00\" \/>\n<meta property=\"og:image\" content=\"https:\/\/les-myrtilles.com\/wp-content\/uploads\/2023\/02\/icon_512.png\" \/>\n\t<meta property=\"og:image:width\" content=\"512\" \/>\n\t<meta property=\"og:image:height\" content=\"512\" \/>\n\t<meta property=\"og:image:type\" content=\"image\/png\" \/>\n<meta name=\"twitter:card\" content=\"summary_large_image\" \/>\n<meta name=\"twitter:label1\" content=\"Dur\u00e9e de lecture estim\u00e9e\" \/>\n\t<meta name=\"twitter:data1\" content=\"2 minutes\" \/>\n<script type=\"application\/ld+json\" class=\"yoast-schema-graph\">{\"@context\":\"https:\\\/\\\/schema.org\",\"@graph\":[{\"@type\":\"WebPage\",\"@id\":\"https:\\\/\\\/les-myrtilles.com\\\/?page_id=227\",\"url\":\"https:\\\/\\\/les-myrtilles.com\\\/?page_id=227\",\"name\":\"Les activit\u00e9s - E.H.P.A.D - Les myrtilles\",\"isPartOf\":{\"@id\":\"https:\\\/\\\/les-myrtilles.com\\\/#website\"},\"primaryImageOfPage\":{\"@id\":\"https:\\\/\\\/les-myrtilles.com\\\/?page_id=227#primaryimage\"},\"image\":{\"@id\":\"https:\\\/\\\/les-myrtilles.com\\\/?page_id=227#primaryimage\"},\"thumbnailUrl\":\"https:\\\/\\\/les-myrtilles.com\\\/wp-content\\\/uploads\\\/2023\\\/02\\\/icon_512.png\",\"datePublished\":\"2023-02-28T13:35:00+00:00\",\"dateModified\":\"2023-10-20T07:51:43+00:00\",\"description\":\"Situ\u00e9 \u00e0 Saint-Pierreville en Ard\u00e8che, L'EHPAD les Myrtilles accueillent les personnes \u00e2g\u00e9es d\u00e9pendantes dans un cadre naturel privil\u00e9gi\u00e9.\",\"breadcrumb\":{\"@id\":\"https:\\\/\\\/les-myrtilles.com\\\/?page_id=227#breadcrumb\"},\"inLanguage\":\"fr-FR\",\"potentialAction\":[{\"@type\":\"ReadAction\",\"target\":[\"https:\\\/\\\/les-myrtilles.com\\\/?page_id=227\"]}]},{\"@type\":\"ImageObject\",\"inLanguage\":\"fr-FR\",\"@id\":\"https:\\\/\\\/les-myrtilles.com\\\/?page_id=227#primaryimage\",\"url\":\"https:\\\/\\\/les-myrtilles.com\\\/wp-content\\\/uploads\\\/2023\\\/02\\\/icon_512.png\",\"contentUrl\":\"https:\\\/\\\/les-myrtilles.com\\\/wp-content\\\/uploads\\\/2023\\\/02\\\/icon_512.png\",\"width\":512,\"height\":512,\"caption\":\"Ehpad les Myrtilles\"},{\"@type\":\"BreadcrumbList\",\"@id\":\"https:\\\/\\\/les-myrtilles.com\\\/?page_id=227#breadcrumb\",\"itemListElement\":[{\"@type\":\"ListItem\",\"position\":1,\"name\":\"Accueil\",\"item\":\"https:\\\/\\\/les-myrtilles.com\\\/\"},{\"@type\":\"ListItem\",\"position\":2,\"name\":\"Les activit\u00e9s\"}]},{\"@type\":\"WebSite\",\"@id\":\"https:\\\/\\\/les-myrtilles.com\\\/#website\",\"url\":\"https:\\\/\\\/les-myrtilles.com\\\/\",\"name\":\"E.H.P.A.D - Les myrtilles\",\"description\":\"Maison de retraite en Ard\u00e8che, E.H.P.A.D les Myrtilles \u00e0 Saint-Pierreville\",\"publisher\":{\"@id\":\"https:\\\/\\\/les-myrtilles.com\\\/#organization\"},\"potentialAction\":[{\"@type\":\"SearchAction\",\"target\":{\"@type\":\"EntryPoint\",\"urlTemplate\":\"https:\\\/\\\/les-myrtilles.com\\\/?s={search_term_string}\"},\"query-input\":{\"@type\":\"PropertyValueSpecification\",\"valueRequired\":true,\"valueName\":\"search_term_string\"}}],\"inLanguage\":\"fr-FR\"},{\"@type\":\"Organization\",\"@id\":\"https:\\\/\\\/les-myrtilles.com\\\/#organization\",\"name\":\"E.H.P.A.D - Les myrtilles\",\"url\":\"https:\\\/\\\/les-myrtilles.com\\\/\",\"logo\":{\"@type\":\"ImageObject\",\"inLanguage\":\"fr-FR\",\"@id\":\"https:\\\/\\\/les-myrtilles.com\\\/#\\\/schema\\\/logo\\\/image\\\/\",\"url\":\"https:\\\/\\\/les-myrtilles.com\\\/wp-content\\\/uploads\\\/2023\\\/02\\\/Logo-Les-Myrtilles.png\",\"contentUrl\":\"https:\\\/\\\/les-myrtilles.com\\\/wp-content\\\/uploads\\\/2023\\\/02\\\/Logo-Les-Myrtilles.png\",\"width\":450,\"height\":168,\"caption\":\"E.H.P.A.D - Les myrtilles\"},\"image\":{\"@id\":\"https:\\\/\\\/les-myrtilles.com\\\/#\\\/schema\\\/logo\\\/image\\\/\"},\"sameAs\":[\"https:\\\/\\\/www.facebook.com\\\/ehpadlesmyrtilles\"]}]}<\/script>\n<!-- \/ Yoast SEO plugin. -->","yoast_head_json":{"title":"Les activit\u00e9s - E.H.P.A.D - Les myrtilles","description":"Situ\u00e9 \u00e0 Saint-Pierreville en Ard\u00e8che, L'EHPAD les Myrtilles accueillent les personnes \u00e2g\u00e9es d\u00e9pendantes dans un cadre naturel privil\u00e9gi\u00e9.","robots":{"index":"index","follow":"follow","max-snippet":"max-snippet:-1","max-image-preview":"max-image-preview:large","max-video-preview":"max-video-preview:-1"},"canonical":"https:\/\/les-myrtilles.com\/?page_id=227","og_locale":"fr_FR","og_type":"article","og_title":"Les activit\u00e9s - E.H.P.A.D - Les myrtilles","og_description":"Situ\u00e9 \u00e0 Saint-Pierreville en Ard\u00e8che, L'EHPAD les Myrtilles accueillent les personnes \u00e2g\u00e9es d\u00e9pendantes dans un cadre naturel privil\u00e9gi\u00e9.","og_url":"https:\/\/les-myrtilles.com\/?page_id=227","og_site_name":"E.H.P.A.D - Les myrtilles","article_publisher":"https:\/\/www.facebook.com\/ehpadlesmyrtilles","article_modified_time":"2023-10-20T07:51:43+00:00","og_image":[{"width":512,"height":512,"url":"https:\/\/les-myrtilles.com\/wp-content\/uploads\/2023\/02\/icon_512.png","type":"image\/png"}],"twitter_card":"summary_large_image","twitter_misc":{"Dur\u00e9e de lecture estim\u00e9e":"2 minutes"},"schema":{"@context":"https:\/\/schema.org","@graph":[{"@type":"WebPage","@id":"https:\/\/les-myrtilles.com\/?page_id=227","url":"https:\/\/les-myrtilles.com\/?page_id=227","name":"Les activit\u00e9s - E.H.P.A.D - Les myrtilles","isPartOf":{"@id":"https:\/\/les-myrtilles.com\/#website"},"primaryImageOfPage":{"@id":"https:\/\/les-myrtilles.com\/?page_id=227#primaryimage"},"image":{"@id":"https:\/\/les-myrtilles.com\/?page_id=227#primaryimage"},"thumbnailUrl":"https:\/\/les-myrtilles.com\/wp-content\/uploads\/2023\/02\/icon_512.png","datePublished":"2023-02-28T13:35:00+00:00","dateModified":"2023-10-20T07:51:43+00:00","description":"Situ\u00e9 \u00e0 Saint-Pierreville en Ard\u00e8che, L'EHPAD les Myrtilles accueillent les personnes \u00e2g\u00e9es d\u00e9pendantes dans un cadre naturel privil\u00e9gi\u00e9.","breadcrumb":{"@id":"https:\/\/les-myrtilles.com\/?page_id=227#breadcrumb"},"inLanguage":"fr-FR","potentialAction":[{"@type":"ReadAction","target":["https:\/\/les-myrtilles.com\/?page_id=227"]}]},{"@type":"ImageObject","inLanguage":"fr-FR","@id":"https:\/\/les-myrtilles.com\/?page_id=227#primaryimage","url":"https:\/\/les-myrtilles.com\/wp-content\/uploads\/2023\/02\/icon_512.png","contentUrl":"https:\/\/les-myrtilles.com\/wp-content\/uploads\/2023\/02\/icon_512.png","width":512,"height":512,"caption":"Ehpad les Myrtilles"},{"@type":"BreadcrumbList","@id":"https:\/\/les-myrtilles.com\/?page_id=227#breadcrumb","itemListElement":[{"@type":"ListItem","position":1,"name":"Accueil","item":"https:\/\/les-myrtilles.com\/"},{"@type":"ListItem","position":2,"name":"Les activit\u00e9s"}]},{"@type":"WebSite","@id":"https:\/\/les-myrtilles.com\/#website","url":"https:\/\/les-myrtilles.com\/","name":"E.H.P.A.D - Les myrtilles","description":"Maison de retraite en Ard\u00e8che, E.H.P.A.D les Myrtilles \u00e0 Saint-Pierreville","publisher":{"@id":"https:\/\/les-myrtilles.com\/#organization"},"potentialAction":[{"@type":"SearchAction","target":{"@type":"EntryPoint","urlTemplate":"https:\/\/les-myrtilles.com\/?s={search_term_string}"},"query-input":{"@type":"PropertyValueSpecification","valueRequired":true,"valueName":"search_term_string"}}],"inLanguage":"fr-FR"},{"@type":"Organization","@id":"https:\/\/les-myrtilles.com\/#organization","name":"E.H.P.A.D - Les myrtilles","url":"https:\/\/les-myrtilles.com\/","logo":{"@type":"ImageObject","inLanguage":"fr-FR","@id":"https:\/\/les-myrtilles.com\/#\/schema\/logo\/image\/","url":"https:\/\/les-myrtilles.com\/wp-content\/uploads\/2023\/02\/Logo-Les-Myrtilles.png","contentUrl":"https:\/\/les-myrtilles.com\/wp-content\/uploads\/2023\/02\/Logo-Les-Myrtilles.png","width":450,"height":168,"caption":"E.H.P.A.D - Les myrtilles"},"image":{"@id":"https:\/\/les-myrtilles.com\/#\/schema\/logo\/image\/"},"sameAs":["https:\/\/www.facebook.com\/ehpadlesmyrtilles"]}]}},"_links":{"self":[{"href":"https:\/\/les-myrtilles.com\/index.php?rest_route=\/wp\/v2\/pages\/227","targetHints":{"allow":["GET"]}}],"collection":[{"href":"https:\/\/les-myrtilles.com\/index.php?rest_route=\/wp\/v2\/pages"}],"about":[{"href":"https:\/\/les-myrtilles.com\/index.php?rest_route=\/wp\/v2\/types\/page"}],"author":[{"embeddable":true,"href":"https:\/\/les-myrtilles.com\/index.php?rest_route=\/wp\/v2\/users\/1"}],"replies":[{"embeddable":true,"href":"https:\/\/les-myrtilles.com\/index.php?rest_route=%2Fwp%2Fv2%2Fcomments&post=227"}],"version-history":[{"count":14,"href":"https:\/\/les-myrtilles.com\/index.php?rest_route=\/wp\/v2\/pages\/227\/revisions"}],"predecessor-version":[{"id":842,"href":"https:\/\/les-myrtilles.com\/index.php?rest_route=\/wp\/v2\/pages\/227\/revisions\/842"}],"wp:featuredmedia":[{"embeddable":true,"href":"https:\/\/les-myrtilles.com\/index.php?rest_route=\/wp\/v2\/media\/21"}],"wp:attachment":[{"href":"https:\/\/les-myrtilles.com\/index.php?rest_route=%2Fwp%2Fv2%2Fmedia&parent=227"}],"curies":[{"name":"wp","href":"https:\/\/api.w.org\/{rel}","templated":true}]}}